{"id":24019,"date":"2025-10-10T18:26:31","date_gmt":"2025-10-10T15:26:31","guid":{"rendered":"https:\/\/kutluyayinevi.com\/magaza\/?post_type=product&#038;p=24019"},"modified":"2026-02-23T09:32:11","modified_gmt":"2026-02-23T06:32:11","slug":"sessizligin-uc-rengi-bilgi-varlik-ve-zaman-abdullah-bayer","status":"publish","type":"product","link":"https:\/\/kutluyayinevi.com\/magaza\/urun\/sessizligin-uc-rengi-bilgi-varlik-ve-zaman-abdullah-bayer\/","title":{"rendered":"Sessizli\u011fin \u00dc\u00e7 Rengi &#8211; Bilgi, Varl\u0131k ve Zaman &#8211; Abdullah Bayer"},"content":{"rendered":"<p>Kimi d\u00fc\u015f\u00fcncede buldu varl\u0131\u011f\u0131n\u0131, kimi idealarda. Kimi maddede arad\u0131 kendini, kimi manada. Kimi t\u00f6z\u00fc, kimi tozu dikkate ald\u0131. Zaman\u0131n y\u0131prat\u0131c\u0131 alan\u0131ndan alamad\u0131 kendini varl\u0131k. Akl\u0131 olan insand\u0131. Akl\u0131n\u0131 kullanmas\u0131n\u0131 bilen, zaman\u0131 da kulland\u0131. Zaman\u0131 zamana b\u0131rakmak, zaman\u0131 \u00e7\u00f6zmekti belki. Bir alan vard\u0131, zandan, yorumdan, yalandan uzak. Bu alana varmak zaman alacakt\u0131; belki yar\u0131n, belki yar\u0131ndan da uzak. Mutlaka g\u00f6r\u00fclecek, bilinecekti.<\/p>\n","protected":false},"excerpt":{"rendered":"<p>Kimi d\u00fc\u015f\u00fcncede buldu varl\u0131\u011f\u0131n\u0131, kimi idealarda. Kimi maddede arad\u0131 kendini, kimi manada. Kimi t\u00f6z\u00fc, kimi tozu dikkate ald\u0131. Zaman\u0131n y\u0131prat\u0131c\u0131 alan\u0131ndan alamad\u0131 kendini varl\u0131k. Akl\u0131 olan insand\u0131. Akl\u0131n\u0131 kullanmas\u0131n\u0131 bilen, zaman\u0131 da kulland\u0131. Zaman\u0131 zamana b\u0131rakmak, zaman\u0131 \u00e7\u00f6zmekti belki. Bir alan vard\u0131, zandan, yorumdan, yalandan uzak. Bu alana varmak zaman alacakt\u0131; belki yar\u0131n, belki yar\u0131ndan [&hellip;]<\/p>\n","protected":false},"featured_media":24020,"comment_status":"closed","ping_status":"closed","template":"","meta":[],"product_brand":[],"product_cat":[26],"product_tag":[],"class_list":{"0":"post-24019","1":"product","2":"type-product","3":"status-publish","4":"has-post-thumbnail","6":"product_cat-deneme","8":"first","9":"instock","10":"sale","11":"shipping-taxable","12":"purchasable","13":"product-type-simple"},"_links":{"self":[{"href":"https:\/\/kutluyayinevi.com\/magaza\/wp-json\/wp\/v2\/product\/24019","targetHints":{"allow":["GET"]}}],"collection":[{"href":"https:\/\/kutluyayinevi.com\/magaza\/wp-json\/wp\/v2\/product"}],"about":[{"href":"https:\/\/kutluyayinevi.com\/magaza\/wp-json\/wp\/v2\/types\/product"}],"replies":[{"embeddable":true,"href":"https:\/\/kutluyayinevi.com\/magaza\/wp-json\/wp\/v2\/comments?post=24019"}],"wp:featuredmedia":[{"embeddable":true,"href":"https:\/\/kutluyayinevi.com\/magaza\/wp-json\/wp\/v2\/media\/24020"}],"wp:attachment":[{"href":"https:\/\/kutluyayinevi.com\/magaza\/wp-json\/wp\/v2\/media?parent=24019"}],"wp:term":[{"taxonomy":"product_brand","embeddable":true,"href":"https:\/\/kutluyayinevi.com\/magaza\/wp-json\/wp\/v2\/product_brand?post=24019"},{"taxonomy":"product_cat","embeddable":true,"href":"https:\/\/kutluyayinevi.com\/magaza\/wp-json\/wp\/v2\/product_cat?post=24019"},{"taxonomy":"product_tag","embeddable":true,"href":"https:\/\/kutluyayinevi.com\/magaza\/wp-json\/wp\/v2\/product_tag?post=24019"}],"curies":[{"name":"wp","href":"https:\/\/api.w.org\/{rel}","templated":true}]}}