{"id":24021,"date":"2025-10-10T18:28:15","date_gmt":"2025-10-10T15:28:15","guid":{"rendered":"https:\/\/kutluyayinevi.com\/magaza\/?post_type=product&#038;p=24021"},"modified":"2026-02-19T12:51:09","modified_gmt":"2026-02-19T09:51:09","slug":"apartman-ve-site-yonetimlerinde-alacak-yonetimi-metin-mete","status":"publish","type":"product","link":"https:\/\/kutluyayinevi.com\/magaza\/urun\/apartman-ve-site-yonetimlerinde-alacak-yonetimi-metin-mete\/","title":{"rendered":"Apartman ve Site Y\u00f6netimlerinde Alacak Y\u00f6netimi &#8211; Metin Mete"},"content":{"rendered":"<p data-renderer-start-pos=\"20\">Apartman ve site y\u00f6netimlerinde en b\u00fcy\u00fck zorluklardan biri, aidat ve gider avanslar\u0131n\u0131n zaman\u0131nda \u00f6denmemesidir. Geciken \u00f6demeler sadece y\u00f6netimin mali dengesini bozmakla kalmaz, ayn\u0131 zamanda hizmet kalitesini d\u00fc\u015f\u00fcr\u00fcr, kom\u015fuluk ili\u015fkilerini zedeler ve sitenin itibar\u0131na zarar verir.<\/p>\n<p data-renderer-start-pos=\"304\">Elinizdeki bu kitap, aidat ve alacak y\u00f6netiminde kapsaml\u0131 bir rehber niteli\u011findedir.<\/p>\n<p data-renderer-start-pos=\"390\">Bu kitapta;<\/p>\n<p data-renderer-start-pos=\"403\">Aidatlar\u0131n \u00f6nemi ve y\u00f6netimdeki rol\u00fc<\/p>\n<p data-renderer-start-pos=\"441\">Bor\u00e7lu profilleri ve psikolojisi<\/p>\n<p data-renderer-start-pos=\"475\">Tahsilat takvimi olu\u015fturma y\u00f6ntemleri<\/p>\n<p data-renderer-start-pos=\"514\">Etkili ileti\u015fim ve m\u00fczakere teknikleri<\/p>\n<p data-renderer-start-pos=\"554\">Yasal s\u00fcre\u00e7ler ve hukuki haklar<\/p>\n<p data-renderer-start-pos=\"587\">Uzla\u015fma yollar\u0131, \u00f6deme planlar\u0131 ve yap\u0131land\u0131rmalar<\/p>\n<p data-renderer-start-pos=\"639\">Teknoloji destekli tahsilat sistemleri<\/p>\n<p data-renderer-start-pos=\"679\">Ger\u00e7ek vaka \u00f6rnekleri ve \u00e7\u00f6z\u00fcm \u00f6nerileri<\/p>\n<p data-renderer-start-pos=\"721\">ayr\u0131nt\u0131l\u0131 ve uygulanabilir \u015fekilde ele al\u0131nmaktad\u0131r.<\/p>\n<p data-renderer-start-pos=\"775\">Ama\u00e7 yaln\u0131zca borcun tahsil edilmesi de\u011fil; y\u00f6neticilerin daha profesyonel, \u015feffaf ve s\u00fcrd\u00fcr\u00fclebilir bir y\u00f6netim anlay\u0131\u015f\u0131 ile g\u00f6revlerini yerine getirmelerine destek olmakt\u0131r.<\/p>\n<p data-renderer-start-pos=\"952\">Bu kaynak, apartman ve site y\u00f6neticileri, y\u00f6netim \u015firketleri ve profesyonel y\u00f6neticiler i\u00e7in vazge\u00e7ilmez bir ba\u015fucu kitab\u0131 olacakt\u0131r.<\/p>\n<p data-renderer-start-pos=\"1087\">Metin METE taraf\u0131ndan haz\u0131rlanan bu eserle, aidat tahsilat\u0131nda g\u00fc\u00e7l\u00fc bir sistem kuracak, y\u00f6netim ba\u015far\u0131n\u0131z\u0131 ve sakinlerin memnuniyetini art\u0131racaks\u0131n\u0131z.<\/p>\n","protected":false},"excerpt":{"rendered":"<p>Apartman ve site y\u00f6netimlerinde en b\u00fcy\u00fck zorluklardan biri, aidat ve gider avanslar\u0131n\u0131n zaman\u0131nda \u00f6denmemesidir. Geciken \u00f6demeler sadece y\u00f6netimin mali dengesini bozmakla kalmaz, ayn\u0131 zamanda hizmet kalitesini d\u00fc\u015f\u00fcr\u00fcr, kom\u015fuluk ili\u015fkilerini zedeler ve sitenin itibar\u0131na zarar verir. Elinizdeki bu kitap, aidat ve alacak y\u00f6netiminde kapsaml\u0131 bir rehber niteli\u011findedir. Bu kitapta; Aidatlar\u0131n \u00f6nemi ve y\u00f6netimdeki rol\u00fc Bor\u00e7lu profilleri [&hellip;]<\/p>\n","protected":false},"featured_media":24022,"comment_status":"closed","ping_status":"closed","template":"","meta":[],"product_brand":[],"product_cat":[99],"product_tag":[],"class_list":{"0":"post-24021","1":"product","2":"type-product","3":"status-publish","4":"has-post-thumbnail","6":"product_cat-kilavuz","8":"first","9":"instock","10":"sale","11":"shipping-taxable","12":"purchasable","13":"product-type-simple"},"_links":{"self":[{"href":"https:\/\/kutluyayinevi.com\/magaza\/wp-json\/wp\/v2\/product\/24021","targetHints":{"allow":["GET"]}}],"collection":[{"href":"https:\/\/kutluyayinevi.com\/magaza\/wp-json\/wp\/v2\/product"}],"about":[{"href":"https:\/\/kutluyayinevi.com\/magaza\/wp-json\/wp\/v2\/types\/product"}],"replies":[{"embeddable":true,"href":"https:\/\/kutluyayinevi.com\/magaza\/wp-json\/wp\/v2\/comments?post=24021"}],"wp:featuredmedia":[{"embeddable":true,"href":"https:\/\/kutluyayinevi.com\/magaza\/wp-json\/wp\/v2\/media\/24022"}],"wp:attachment":[{"href":"https:\/\/kutluyayinevi.com\/magaza\/wp-json\/wp\/v2\/media?parent=24021"}],"wp:term":[{"taxonomy":"product_brand","embeddable":true,"href":"https:\/\/kutluyayinevi.com\/magaza\/wp-json\/wp\/v2\/product_brand?post=24021"},{"taxonomy":"product_cat","embeddable":true,"href":"https:\/\/kutluyayinevi.com\/magaza\/wp-json\/wp\/v2\/product_cat?post=24021"},{"taxonomy":"product_tag","embeddable":true,"href":"https:\/\/kutluyayinevi.com\/magaza\/wp-json\/wp\/v2\/product_tag?post=24021"}],"curies":[{"name":"wp","href":"https:\/\/api.w.org\/{rel}","templated":true}]}}