{"id":24027,"date":"2025-10-10T19:05:09","date_gmt":"2025-10-10T16:05:09","guid":{"rendered":"https:\/\/kutluyayinevi.com\/magaza\/?post_type=product&#038;p=24027"},"modified":"2025-10-10T19:05:09","modified_gmt":"2025-10-10T16:05:09","slug":"vaktiyle-bir-tunahan-varmis-yesil-bozlak","status":"publish","type":"product","link":"https:\/\/kutluyayinevi.com\/magaza\/urun\/vaktiyle-bir-tunahan-varmis-yesil-bozlak\/","title":{"rendered":"Vaktiyle Bir Tunahan Varm\u0131\u015f &#8211; Ye\u015fil Bozlak"},"content":{"rendered":"<div class=\"css-6r4eac\">\n<div class=\"ak-renderer-document\">\n<ul class=\"ak-ul\" data-indent-level=\"1\">\n<li>\n<p data-renderer-start-pos=\"3\">Bir kahraman\u0131n \u00e7ocuklu\u011fu, hayalleri, askeri okul, komando ihtisas kursu ve Kuzey Irak\u2019ta operasyonlarda ya\u015fad\u0131klar\u0131 uyarlanarak yaz\u0131lm\u0131\u015ft\u0131r.<\/p>\n<\/li>\n<li>\n<p data-renderer-start-pos=\"147\">Kuzey Irak, Bermuda \u015eeytan \u00dc\u00e7geni \u00c7em\u00e7\u00f6 Kalesi, Hale Da\u011f\u0131, Duzhi Tepe, ayak bast\u0131\u011f\u0131 yeri titretirdi. Ter\u00f6ristler ka\u00e7acak delik ar\u0131yordu.<\/p>\n<\/li>\n<li>\n<p data-renderer-start-pos=\"287\">Tunahan idi ad\u0131. \u00c7at\u0131\u015fmadan ka\u00e7maz, hi\u00e7bir \u015feyi g\u00f6rmezdi g\u00f6z\u00fc, giderdi \u00f6l\u00fcm\u00fcn \u00fcstene\u2026<\/p>\n<\/li>\n<li>\n<p data-renderer-start-pos=\"376\">\u00d6yle bir yi\u011fitti ki, da\u011fa yaslansa da\u011f sallan\u0131r ama o y\u0131k\u0131lmazd\u0131.<\/p>\n<\/li>\n<li>\n<p data-renderer-start-pos=\"445\">Komando gibi ya\u015fad\u0131 komando gibi \u015eehadete y\u00fcr\u00fcd\u00fc.<\/p>\n<\/li>\n<\/ul>\n<\/div>\n<\/div>\n","protected":false},"excerpt":{"rendered":"<p>Bir kahraman\u0131n \u00e7ocuklu\u011fu, hayalleri, askeri okul, komando ihtisas kursu ve Kuzey Irak\u2019ta operasyonlarda ya\u015fad\u0131klar\u0131 uyarlanarak yaz\u0131lm\u0131\u015ft\u0131r. Kuzey Irak, Bermuda \u015eeytan \u00dc\u00e7geni \u00c7em\u00e7\u00f6 Kalesi, Hale Da\u011f\u0131, Duzhi Tepe, ayak bast\u0131\u011f\u0131 yeri titretirdi. Ter\u00f6ristler ka\u00e7acak delik ar\u0131yordu. Tunahan idi ad\u0131. \u00c7at\u0131\u015fmadan ka\u00e7maz, hi\u00e7bir \u015feyi g\u00f6rmezdi g\u00f6z\u00fc, giderdi \u00f6l\u00fcm\u00fcn \u00fcstene\u2026 \u00d6yle bir yi\u011fitti ki, da\u011fa yaslansa da\u011f sallan\u0131r [&hellip;]<\/p>\n","protected":false},"featured_media":24028,"comment_status":"closed","ping_status":"closed","template":"","meta":[],"product_brand":[],"product_cat":[52],"product_tag":[],"class_list":{"0":"post-24027","1":"product","2":"type-product","3":"status-publish","4":"has-post-thumbnail","6":"product_cat-ani","8":"first","9":"instock","10":"sale","11":"shipping-taxable","12":"purchasable","13":"product-type-simple"},"_links":{"self":[{"href":"https:\/\/kutluyayinevi.com\/magaza\/wp-json\/wp\/v2\/product\/24027","targetHints":{"allow":["GET"]}}],"collection":[{"href":"https:\/\/kutluyayinevi.com\/magaza\/wp-json\/wp\/v2\/product"}],"about":[{"href":"https:\/\/kutluyayinevi.com\/magaza\/wp-json\/wp\/v2\/types\/product"}],"replies":[{"embeddable":true,"href":"https:\/\/kutluyayinevi.com\/magaza\/wp-json\/wp\/v2\/comments?post=24027"}],"wp:featuredmedia":[{"embeddable":true,"href":"https:\/\/kutluyayinevi.com\/magaza\/wp-json\/wp\/v2\/media\/24028"}],"wp:attachment":[{"href":"https:\/\/kutluyayinevi.com\/magaza\/wp-json\/wp\/v2\/media?parent=24027"}],"wp:term":[{"taxonomy":"product_brand","embeddable":true,"href":"https:\/\/kutluyayinevi.com\/magaza\/wp-json\/wp\/v2\/product_brand?post=24027"},{"taxonomy":"product_cat","embeddable":true,"href":"https:\/\/kutluyayinevi.com\/magaza\/wp-json\/wp\/v2\/product_cat?post=24027"},{"taxonomy":"product_tag","embeddable":true,"href":"https:\/\/kutluyayinevi.com\/magaza\/wp-json\/wp\/v2\/product_tag?post=24027"}],"curies":[{"name":"wp","href":"https:\/\/api.w.org\/{rel}","templated":true}]}}