{"id":24059,"date":"2025-10-17T17:28:36","date_gmt":"2025-10-17T14:28:36","guid":{"rendered":"https:\/\/kutluyayinevi.com\/magaza\/?post_type=product&#038;p=24059"},"modified":"2026-02-20T10:58:17","modified_gmt":"2026-02-20T07:58:17","slug":"huznun-dili-peyman-kapukaya","status":"publish","type":"product","link":"https:\/\/kutluyayinevi.com\/magaza\/urun\/huznun-dili-peyman-kapukaya\/","title":{"rendered":"H\u00fczn\u00fcn Dili &#8211; Peyman Kapukaya"},"content":{"rendered":"<div class=\"css-xc2wqx\">\n<div class=\"ak-renderer-document\">\n<p data-renderer-start-pos=\"1\">H\u00fcz\u00fcn\u2026 Bazen sustuklar\u0131m\u0131n sesi, bazen kalbimin kanayan yaras\u0131 oldu.<br \/>\nBu kitapta h\u00fcz\u00fcn, benim i\u00e7in sadece bir ac\u0131 de\u011fil; bir dil, bir yol, bir s\u0131\u011f\u0131nak h\u00e2line geldi.<\/p>\n<p data-renderer-start-pos=\"166\">Bu sat\u0131rlarda kendi yaln\u0131zl\u0131\u011f\u0131m\u0131, a\u015fk\u0131m\u0131 ve k\u0131rg\u0131nl\u0131klar\u0131m\u0131 bulacaks\u0131n\u0131z. \u201cH\u00fczn\u00fcn Dili\u201d, kalbimden d\u00f6k\u00fclen en \u00e7\u0131plak duygular\u0131n toplam\u0131; kimi zaman bir \u00e7\u0131\u011fl\u0131k, kimi zaman bir dua, kimi zaman da suskunlu\u011fumun yank\u0131s\u0131d\u0131r.<\/p>\n<p data-renderer-start-pos=\"387\">Belki bu sayfalarda kendinizden de bir par\u00e7a bulursunuz.<br \/>\n\u00c7\u00fcnk\u00fc h\u00fcz\u00fcn, asl\u0131nda hepimizin ortak lisan\u0131d\u0131r\u2026<\/p>\n<\/div>\n<\/div>\n","protected":false},"excerpt":{"rendered":"<p>H\u00fcz\u00fcn\u2026 Bazen sustuklar\u0131m\u0131n sesi, bazen kalbimin kanayan yaras\u0131 oldu. Bu kitapta h\u00fcz\u00fcn, benim i\u00e7in sadece bir ac\u0131 de\u011fil; bir dil, bir yol, bir s\u0131\u011f\u0131nak h\u00e2line geldi. Bu sat\u0131rlarda kendi yaln\u0131zl\u0131\u011f\u0131m\u0131, a\u015fk\u0131m\u0131 ve k\u0131rg\u0131nl\u0131klar\u0131m\u0131 bulacaks\u0131n\u0131z. \u201cH\u00fczn\u00fcn Dili\u201d, kalbimden d\u00f6k\u00fclen en \u00e7\u0131plak duygular\u0131n toplam\u0131; kimi zaman bir \u00e7\u0131\u011fl\u0131k, kimi zaman bir dua, kimi zaman da suskunlu\u011fumun yank\u0131s\u0131d\u0131r. [&hellip;]<\/p>\n","protected":false},"featured_media":24060,"comment_status":"closed","ping_status":"closed","template":"","meta":[],"product_brand":[],"product_cat":[22],"product_tag":[],"class_list":{"0":"post-24059","1":"product","2":"type-product","3":"status-publish","4":"has-post-thumbnail","6":"product_cat-siir","8":"first","9":"instock","10":"sale","11":"shipping-taxable","12":"purchasable","13":"product-type-simple"},"_links":{"self":[{"href":"https:\/\/kutluyayinevi.com\/magaza\/wp-json\/wp\/v2\/product\/24059","targetHints":{"allow":["GET"]}}],"collection":[{"href":"https:\/\/kutluyayinevi.com\/magaza\/wp-json\/wp\/v2\/product"}],"about":[{"href":"https:\/\/kutluyayinevi.com\/magaza\/wp-json\/wp\/v2\/types\/product"}],"replies":[{"embeddable":true,"href":"https:\/\/kutluyayinevi.com\/magaza\/wp-json\/wp\/v2\/comments?post=24059"}],"wp:featuredmedia":[{"embeddable":true,"href":"https:\/\/kutluyayinevi.com\/magaza\/wp-json\/wp\/v2\/media\/24060"}],"wp:attachment":[{"href":"https:\/\/kutluyayinevi.com\/magaza\/wp-json\/wp\/v2\/media?parent=24059"}],"wp:term":[{"taxonomy":"product_brand","embeddable":true,"href":"https:\/\/kutluyayinevi.com\/magaza\/wp-json\/wp\/v2\/product_brand?post=24059"},{"taxonomy":"product_cat","embeddable":true,"href":"https:\/\/kutluyayinevi.com\/magaza\/wp-json\/wp\/v2\/product_cat?post=24059"},{"taxonomy":"product_tag","embeddable":true,"href":"https:\/\/kutluyayinevi.com\/magaza\/wp-json\/wp\/v2\/product_tag?post=24059"}],"curies":[{"name":"wp","href":"https:\/\/api.w.org\/{rel}","templated":true}]}}