{"id":24076,"date":"2025-10-30T19:31:37","date_gmt":"2025-10-30T16:31:37","guid":{"rendered":"https:\/\/kutluyayinevi.com\/magaza\/?post_type=product&#038;p=24076"},"modified":"2026-02-19T14:16:35","modified_gmt":"2026-02-19T11:16:35","slug":"ben-ozgurmuyum-sena-bas","status":"publish","type":"product","link":"https:\/\/kutluyayinevi.com\/magaza\/urun\/ben-ozgurmuyum-sena-bas\/","title":{"rendered":"Ben \u00d6zg\u00fcr(m\u00fcy)\u00fcm!? &#8211; Sena Ba\u015f"},"content":{"rendered":"<p data-renderer-start-pos=\"28\">Her ne kadar en az\u0131ndan kendi hayat\u0131m hakk\u0131nda kararlar verirken, kendimin tamamen \u00f6zg\u00fcr oldu\u011fumu d\u00fc\u015f\u00fcnsem de, bunun b\u00f6yle olmad\u0131\u011f\u0131n\u0131 kar\u015f\u0131ma iki farkl\u0131 \u00e7e\u015fitte s\u0131n\u0131rlar \u00e7\u0131kt\u0131\u011f\u0131nda anlad\u0131m.<\/p>\n<p data-renderer-start-pos=\"219\">Bazileri bende bulunan f\u0131tri \u00f6zelliklerle ve \u00f6zg\u00fcr irademle karar verip, d\u0131\u015f\u0131na \u00e7\u0131kabilece\u011fim \u015feffaf s\u0131n\u0131rlard\u0131. Di\u011ferleri ise insanlar\u0131n kendi menfaatleri u\u011fruna \u00f6rd\u00fc\u011f\u00fc ve bize prosed\u00fcr diye yutturduklar\u0131 dikenli s\u0131n\u0131rlar.<\/p>\n<p data-renderer-start-pos=\"444\">Ben ise bir yandan bu dikenlerden kurtulman\u0131n yollar\u0131n\u0131 arar iken, di\u011fer yandan bende ba\u015fkalar\u0131na koydu\u011fum s\u0131n\u0131rlar ile, onlar\u0131n hayatlar\u0131n\u0131 zorla\u015ft\u0131r\u0131yor muyum acaba diye d\u00fc\u015f\u00fcncelere dald\u0131m.<\/p>\n<p data-renderer-start-pos=\"637\">Sonu\u00e7 olarak en ba\u015fta kendimi tan\u0131mad\u0131\u011f\u0131m\u0131 anlad\u0131m. Ve otuz ya\u015f\u0131ndan sonra kendimi tan\u0131ma yolculu\u011funa \u00e7\u0131k\u0131nca, farkl\u0131 miza\u00e7ta olan insanlar\u0131 da tan\u0131maya ve etraflar\u0131na \u00f6rd\u00fckleri koruma kalkanlar\u0131n\u0131 ke\u015ffetmeye ba\u015flad\u0131m. Buda benim hayat\u0131ma kolayl\u0131k getirdi ve bu y\u00fczden bu kitab\u0131 yazma ihtiyac\u0131 duydum.<\/p>\n<p data-renderer-start-pos=\"940\">Umar\u0131m senide tan\u0131r\u0131z bu sayede.<\/p>\n<p data-renderer-start-pos=\"974\">Ama dersen ki, ben uzun uzad\u0131ya kitap okuyamam, bana direk form\u00fcl\u00fc s\u00f6ylerimsin? Buyur sana form\u00fcl: Senin \u00f6zg\u00fcrl\u00fc\u011f\u00fcn\u00fcn geni\u015fli\u011fi, senin kendini ne kadar tan\u0131manda sakl\u0131, \u00e7\u00fcnk\u00fc sen kendini ne kadar tan\u0131yorsan, i\u015fte o kadar \u00f6zg\u00fcrs\u00fcn.<\/p>\n","protected":false},"excerpt":{"rendered":"<p>Her ne kadar en az\u0131ndan kendi hayat\u0131m hakk\u0131nda kararlar verirken, kendimin tamamen \u00f6zg\u00fcr oldu\u011fumu d\u00fc\u015f\u00fcnsem de, bunun b\u00f6yle olmad\u0131\u011f\u0131n\u0131 kar\u015f\u0131ma iki farkl\u0131 \u00e7e\u015fitte s\u0131n\u0131rlar \u00e7\u0131kt\u0131\u011f\u0131nda anlad\u0131m. Bazileri bende bulunan f\u0131tri \u00f6zelliklerle ve \u00f6zg\u00fcr irademle karar verip, d\u0131\u015f\u0131na \u00e7\u0131kabilece\u011fim \u015feffaf s\u0131n\u0131rlard\u0131. Di\u011ferleri ise insanlar\u0131n kendi menfaatleri u\u011fruna \u00f6rd\u00fc\u011f\u00fc ve bize prosed\u00fcr diye yutturduklar\u0131 dikenli s\u0131n\u0131rlar. Ben [&hellip;]<\/p>\n","protected":false},"featured_media":24077,"comment_status":"closed","ping_status":"closed","template":"","meta":[],"product_brand":[],"product_cat":[32],"product_tag":[],"class_list":{"0":"post-24076","1":"product","2":"type-product","3":"status-publish","4":"has-post-thumbnail","6":"product_cat-kisisel-gelisim","8":"first","9":"instock","10":"sale","11":"shipping-taxable","12":"purchasable","13":"product-type-simple"},"_links":{"self":[{"href":"https:\/\/kutluyayinevi.com\/magaza\/wp-json\/wp\/v2\/product\/24076","targetHints":{"allow":["GET"]}}],"collection":[{"href":"https:\/\/kutluyayinevi.com\/magaza\/wp-json\/wp\/v2\/product"}],"about":[{"href":"https:\/\/kutluyayinevi.com\/magaza\/wp-json\/wp\/v2\/types\/product"}],"replies":[{"embeddable":true,"href":"https:\/\/kutluyayinevi.com\/magaza\/wp-json\/wp\/v2\/comments?post=24076"}],"wp:featuredmedia":[{"embeddable":true,"href":"https:\/\/kutluyayinevi.com\/magaza\/wp-json\/wp\/v2\/media\/24077"}],"wp:attachment":[{"href":"https:\/\/kutluyayinevi.com\/magaza\/wp-json\/wp\/v2\/media?parent=24076"}],"wp:term":[{"taxonomy":"product_brand","embeddable":true,"href":"https:\/\/kutluyayinevi.com\/magaza\/wp-json\/wp\/v2\/product_brand?post=24076"},{"taxonomy":"product_cat","embeddable":true,"href":"https:\/\/kutluyayinevi.com\/magaza\/wp-json\/wp\/v2\/product_cat?post=24076"},{"taxonomy":"product_tag","embeddable":true,"href":"https:\/\/kutluyayinevi.com\/magaza\/wp-json\/wp\/v2\/product_tag?post=24076"}],"curies":[{"name":"wp","href":"https:\/\/api.w.org\/{rel}","templated":true}]}}