{"id":24078,"date":"2025-10-30T19:33:57","date_gmt":"2025-10-30T16:33:57","guid":{"rendered":"https:\/\/kutluyayinevi.com\/magaza\/?post_type=product&#038;p=24078"},"modified":"2026-02-19T12:42:38","modified_gmt":"2026-02-19T09:42:38","slug":"aksam-olmustur-la-guairada-basar-ozdemir","status":"publish","type":"product","link":"https:\/\/kutluyayinevi.com\/magaza\/urun\/aksam-olmustur-la-guairada-basar-ozdemir\/","title":{"rendered":"Ak\u015fam Olmu\u015ftur &#8220;La Guaira&#8221;da &#8211; Ba\u015far \u00d6zdemir"},"content":{"rendered":"<p>Bir mart\u0131 yolda\u015f olmu\u015ftur yaln\u0131zl\u0131\u011f\u0131na<br \/>\nYaln\u0131zl\u0131k nas\u0131l bir kelime ?<br \/>\n\u00c7ok uzaklarda<br \/>\nChavez\u2019in \u00fclkesinde<br \/>\nYan\u0131 ba\u015f\u0131mda Askerler<br \/>\nGemide n\u00f6bet bekler.<br \/>\n\u00dczg\u00fcn bir mart\u0131 u\u00e7uyor g\u00f6ky\u00fcz\u00fcnde<br \/>\nNereye baksak Deniz<br \/>\nNereye baksak Hasret<br \/>\nBir taraf\u0131m Venezuela \u201cLa Guaira\u201dda<br \/>\nBir taraf\u0131m Sulakyurt Ye\u015filyaz\u0131\u2019da bir mezarl\u0131kta<br \/>\n\u00d6l\u00fcm oturmu\u015f yan\u0131 ba\u015f\u0131m\u0131za;<br \/>\nAk\u015fam olmu\u015ftur \u201cLa Guaira\u2019da<br \/>\nKamaramda T\u00fcrk Sanat M\u00fczi\u011fi esintileri<br \/>\nHasret y\u00fckl\u00fc gemilerde<br \/>\nYurttan Sesler vakti<br \/>\n\u201cCenazemiz nedeniyle kapal\u0131y\u0131z\u201d c\u00fcmlesi kadar<br \/>\n\u00dczg\u00fcn\u00fcm \u015fimdi<br \/>\nVe a\u00e7 kalk\u0131yorum t\u00fcm sofralardan.<\/p>\n","protected":false},"excerpt":{"rendered":"<p>Bir mart\u0131 yolda\u015f olmu\u015ftur yaln\u0131zl\u0131\u011f\u0131na Yaln\u0131zl\u0131k nas\u0131l bir kelime ? \u00c7ok uzaklarda Chavez\u2019in \u00fclkesinde Yan\u0131 ba\u015f\u0131mda Askerler Gemide n\u00f6bet bekler. \u00dczg\u00fcn bir mart\u0131 u\u00e7uyor g\u00f6ky\u00fcz\u00fcnde Nereye baksak Deniz Nereye baksak Hasret Bir taraf\u0131m Venezuela \u201cLa Guaira\u201dda Bir taraf\u0131m Sulakyurt Ye\u015filyaz\u0131\u2019da bir mezarl\u0131kta \u00d6l\u00fcm oturmu\u015f yan\u0131 ba\u015f\u0131m\u0131za; Ak\u015fam olmu\u015ftur \u201cLa Guaira\u2019da Kamaramda T\u00fcrk Sanat M\u00fczi\u011fi esintileri [&hellip;]<\/p>\n","protected":false},"featured_media":24079,"comment_status":"closed","ping_status":"closed","template":"","meta":[],"product_brand":[],"product_cat":[22],"product_tag":[],"class_list":{"0":"post-24078","1":"product","2":"type-product","3":"status-publish","4":"has-post-thumbnail","6":"product_cat-siir","8":"first","9":"instock","10":"sale","11":"shipping-taxable","12":"purchasable","13":"product-type-simple"},"_links":{"self":[{"href":"https:\/\/kutluyayinevi.com\/magaza\/wp-json\/wp\/v2\/product\/24078","targetHints":{"allow":["GET"]}}],"collection":[{"href":"https:\/\/kutluyayinevi.com\/magaza\/wp-json\/wp\/v2\/product"}],"about":[{"href":"https:\/\/kutluyayinevi.com\/magaza\/wp-json\/wp\/v2\/types\/product"}],"replies":[{"embeddable":true,"href":"https:\/\/kutluyayinevi.com\/magaza\/wp-json\/wp\/v2\/comments?post=24078"}],"wp:featuredmedia":[{"embeddable":true,"href":"https:\/\/kutluyayinevi.com\/magaza\/wp-json\/wp\/v2\/media\/24079"}],"wp:attachment":[{"href":"https:\/\/kutluyayinevi.com\/magaza\/wp-json\/wp\/v2\/media?parent=24078"}],"wp:term":[{"taxonomy":"product_brand","embeddable":true,"href":"https:\/\/kutluyayinevi.com\/magaza\/wp-json\/wp\/v2\/product_brand?post=24078"},{"taxonomy":"product_cat","embeddable":true,"href":"https:\/\/kutluyayinevi.com\/magaza\/wp-json\/wp\/v2\/product_cat?post=24078"},{"taxonomy":"product_tag","embeddable":true,"href":"https:\/\/kutluyayinevi.com\/magaza\/wp-json\/wp\/v2\/product_tag?post=24078"}],"curies":[{"name":"wp","href":"https:\/\/api.w.org\/{rel}","templated":true}]}}