{"id":24080,"date":"2025-10-30T19:35:24","date_gmt":"2025-10-30T16:35:24","guid":{"rendered":"https:\/\/kutluyayinevi.com\/magaza\/?post_type=product&#038;p=24080"},"modified":"2026-02-19T15:39:44","modified_gmt":"2026-02-19T12:39:44","slug":"bulanik-mantik-ve-matematik-ogretimi-mahmut-elmali","status":"publish","type":"product","link":"https:\/\/kutluyayinevi.com\/magaza\/urun\/bulanik-mantik-ve-matematik-ogretimi-mahmut-elmali\/","title":{"rendered":"Bulan\u0131k Mant\u0131k ve Matematik \u00d6\u011fretimi &#8211; Mahmut Elmal\u0131"},"content":{"rendered":"<div class=\"css-xc2wqx\">\n<div class=\"ak-renderer-document\">\n<p data-renderer-start-pos=\"1\">Matematik \u00f6\u011fretiminde ba\u015far\u0131, yaln\u0131zca bilgiyi aktarmak ile de\u011fil, \u00f6\u011frencinin \u00f6zyeterlik d\u00fczeyini, \u00f6\u011frenme stilini, motivasyon seviyesini ve kayg\u0131 d\u00fczeyini anlamakla m\u00fcmk\u00fcnd\u00fcr. Bu kitap, matematik e\u011fitimini bu bak\u0131\u015f a\u00e7\u0131s\u0131yla ele alarak,\u00a0bulan\u0131k mant\u0131\u011f\u0131n sundu\u011fu esnek d\u00fc\u015f\u00fcnme yap\u0131s\u0131n\u0131 \u00f6\u011fretim s\u00fcre\u00e7lerine ta\u015f\u0131maktad\u0131r.<\/p>\n<p data-renderer-start-pos=\"321\">Kuramsal temellerle birlikte uygulamaya y\u00f6nelik \u00f6neriler de sunarak, matematik \u00f6\u011fretimini daha etkili, esnek ve \u00f6\u011frenci merkezli hale getirmeyi hedeflemektedir.<\/p>\n<p data-renderer-start-pos=\"483\">Bulan\u0131k mant\u0131\u011f\u0131n e\u011fitimdeki potansiyelini tan\u0131mak ve her \u00f6\u011frencinin kendi \u00f6\u011frenme yolunu ke\u015ffetmesine katk\u0131 sa\u011flamak isteyenler i\u00e7in bu kitap bir ba\u015fvuru kayna\u011f\u0131 niteli\u011findedir.<\/p>\n<\/div>\n<\/div>\n","protected":false},"excerpt":{"rendered":"<p>Matematik \u00f6\u011fretiminde ba\u015far\u0131, yaln\u0131zca bilgiyi aktarmak ile de\u011fil, \u00f6\u011frencinin \u00f6zyeterlik d\u00fczeyini, \u00f6\u011frenme stilini, motivasyon seviyesini ve kayg\u0131 d\u00fczeyini anlamakla m\u00fcmk\u00fcnd\u00fcr. Bu kitap, matematik e\u011fitimini bu bak\u0131\u015f a\u00e7\u0131s\u0131yla ele alarak,\u00a0bulan\u0131k mant\u0131\u011f\u0131n sundu\u011fu esnek d\u00fc\u015f\u00fcnme yap\u0131s\u0131n\u0131 \u00f6\u011fretim s\u00fcre\u00e7lerine ta\u015f\u0131maktad\u0131r. Kuramsal temellerle birlikte uygulamaya y\u00f6nelik \u00f6neriler de sunarak, matematik \u00f6\u011fretimini daha etkili, esnek ve \u00f6\u011frenci merkezli hale getirmeyi [&hellip;]<\/p>\n","protected":false},"featured_media":24081,"comment_status":"closed","ping_status":"closed","template":"","meta":[],"product_brand":[],"product_cat":[106],"product_tag":[],"class_list":{"0":"post-24080","1":"product","2":"type-product","3":"status-publish","4":"has-post-thumbnail","6":"product_cat-akademik","8":"first","9":"instock","10":"sale","11":"shipping-taxable","12":"purchasable","13":"product-type-simple"},"_links":{"self":[{"href":"https:\/\/kutluyayinevi.com\/magaza\/wp-json\/wp\/v2\/product\/24080","targetHints":{"allow":["GET"]}}],"collection":[{"href":"https:\/\/kutluyayinevi.com\/magaza\/wp-json\/wp\/v2\/product"}],"about":[{"href":"https:\/\/kutluyayinevi.com\/magaza\/wp-json\/wp\/v2\/types\/product"}],"replies":[{"embeddable":true,"href":"https:\/\/kutluyayinevi.com\/magaza\/wp-json\/wp\/v2\/comments?post=24080"}],"wp:featuredmedia":[{"embeddable":true,"href":"https:\/\/kutluyayinevi.com\/magaza\/wp-json\/wp\/v2\/media\/24081"}],"wp:attachment":[{"href":"https:\/\/kutluyayinevi.com\/magaza\/wp-json\/wp\/v2\/media?parent=24080"}],"wp:term":[{"taxonomy":"product_brand","embeddable":true,"href":"https:\/\/kutluyayinevi.com\/magaza\/wp-json\/wp\/v2\/product_brand?post=24080"},{"taxonomy":"product_cat","embeddable":true,"href":"https:\/\/kutluyayinevi.com\/magaza\/wp-json\/wp\/v2\/product_cat?post=24080"},{"taxonomy":"product_tag","embeddable":true,"href":"https:\/\/kutluyayinevi.com\/magaza\/wp-json\/wp\/v2\/product_tag?post=24080"}],"curies":[{"name":"wp","href":"https:\/\/api.w.org\/{rel}","templated":true}]}}