{"id":24095,"date":"2025-11-21T17:31:53","date_gmt":"2025-11-21T14:31:53","guid":{"rendered":"https:\/\/kutluyayinevi.com\/magaza\/?post_type=product&#038;p=24095"},"modified":"2025-11-21T17:31:53","modified_gmt":"2025-11-21T14:31:53","slug":"ebeveynlik-pusulasi-bilsen-sahin","status":"publish","type":"product","link":"https:\/\/kutluyayinevi.com\/magaza\/urun\/ebeveynlik-pusulasi-bilsen-sahin\/","title":{"rendered":"Ebeveynlik Pusulas\u0131 &#8211; Bilsen \u015eahin"},"content":{"rendered":"<p>Her \u00e7ocuk kendine \u00f6zg\u00fc bir yolculuk i\u00e7indedir. Bu yolculu\u011fun ba\u015f\u0131nda son derece \u00f6zg\u00fcr d\u00fc\u015f\u00fcnen bireyler iken, yanl\u0131\u015f ebeveyn tutumlar\u0131 kendilerini s\u0131n\u0131rlamalar\u0131na neden olmaktad\u0131r.<br \/>\nBu kitap \u00e7ocu\u011funuzun yolculu\u011funda duygular\u0131n\u0131 anlaman\u0131za, g\u00fcvenli ba\u011f kurman\u0131za ve kendi ebeveylik y\u00f6n\u00fcn\u00fcz\u00fc bulman\u0131za yard\u0131mc\u0131 olacakt\u0131r.<br \/>\nPsikoloji, ileti\u015fim ve ko\u00e7luk becerilerini birle\u015ftiren Ebeveynlik Pusulas\u0131 size m\u00fckemmel anne baba olmay\u0131 de\u011fil, fark\u0131ndal\u0131\u011f\u0131 y\u00fcksek ve bilin\u00e7li olmay\u0131 hat\u0131rlat\u0131r. Bu y\u00f6nde arad\u0131\u011f\u0131n\u0131z ba\u015f ucu kitab\u0131n\u0131z.<\/p>\n","protected":false},"excerpt":{"rendered":"<p>Her \u00e7ocuk kendine \u00f6zg\u00fc bir yolculuk i\u00e7indedir. Bu yolculu\u011fun ba\u015f\u0131nda son derece \u00f6zg\u00fcr d\u00fc\u015f\u00fcnen bireyler iken, yanl\u0131\u015f ebeveyn tutumlar\u0131 kendilerini s\u0131n\u0131rlamalar\u0131na neden olmaktad\u0131r. Bu kitap \u00e7ocu\u011funuzun yolculu\u011funda duygular\u0131n\u0131 anlaman\u0131za, g\u00fcvenli ba\u011f kurman\u0131za ve kendi ebeveylik y\u00f6n\u00fcn\u00fcz\u00fc bulman\u0131za yard\u0131mc\u0131 olacakt\u0131r. Psikoloji, ileti\u015fim ve ko\u00e7luk becerilerini birle\u015ftiren Ebeveynlik Pusulas\u0131 size m\u00fckemmel anne baba olmay\u0131 de\u011fil, fark\u0131ndal\u0131\u011f\u0131 y\u00fcksek [&hellip;]<\/p>\n","protected":false},"featured_media":24096,"comment_status":"closed","ping_status":"closed","template":"","meta":[],"product_brand":[],"product_cat":[32],"product_tag":[],"class_list":{"0":"post-24095","1":"product","2":"type-product","3":"status-publish","4":"has-post-thumbnail","6":"product_cat-kisisel-gelisim","8":"first","9":"instock","10":"sale","11":"shipping-taxable","12":"purchasable","13":"product-type-simple"},"_links":{"self":[{"href":"https:\/\/kutluyayinevi.com\/magaza\/wp-json\/wp\/v2\/product\/24095","targetHints":{"allow":["GET"]}}],"collection":[{"href":"https:\/\/kutluyayinevi.com\/magaza\/wp-json\/wp\/v2\/product"}],"about":[{"href":"https:\/\/kutluyayinevi.com\/magaza\/wp-json\/wp\/v2\/types\/product"}],"replies":[{"embeddable":true,"href":"https:\/\/kutluyayinevi.com\/magaza\/wp-json\/wp\/v2\/comments?post=24095"}],"wp:featuredmedia":[{"embeddable":true,"href":"https:\/\/kutluyayinevi.com\/magaza\/wp-json\/wp\/v2\/media\/24096"}],"wp:attachment":[{"href":"https:\/\/kutluyayinevi.com\/magaza\/wp-json\/wp\/v2\/media?parent=24095"}],"wp:term":[{"taxonomy":"product_brand","embeddable":true,"href":"https:\/\/kutluyayinevi.com\/magaza\/wp-json\/wp\/v2\/product_brand?post=24095"},{"taxonomy":"product_cat","embeddable":true,"href":"https:\/\/kutluyayinevi.com\/magaza\/wp-json\/wp\/v2\/product_cat?post=24095"},{"taxonomy":"product_tag","embeddable":true,"href":"https:\/\/kutluyayinevi.com\/magaza\/wp-json\/wp\/v2\/product_tag?post=24095"}],"curies":[{"name":"wp","href":"https:\/\/api.w.org\/{rel}","templated":true}]}}