{"id":24101,"date":"2025-11-21T18:05:57","date_gmt":"2025-11-21T15:05:57","guid":{"rendered":"https:\/\/kutluyayinevi.com\/magaza\/?post_type=product&#038;p=24101"},"modified":"2026-02-20T11:24:36","modified_gmt":"2026-02-20T08:24:36","slug":"inanmak-calismak-ve-basarmak-safa-acun","status":"publish","type":"product","link":"https:\/\/kutluyayinevi.com\/magaza\/urun\/inanmak-calismak-ve-basarmak-safa-acun\/","title":{"rendered":"\u0130nanmak \u00c7al\u0131\u015fmak ve Ba\u015farmak &#8211; Safa Acun"},"content":{"rendered":"<div class=\"css-xc2wqx\">\n<div class=\"ak-renderer-document\">\n<p data-renderer-start-pos=\"1\">Ne kadar zor olursa olsun, insan isterse ba\u015farabilir. Bunun i\u00e7in \u00f6nce inanmam\u0131z, azim ve kararl\u0131l\u0131kla m\u00fccadele etmemiz gerekir. Sab\u0131rla \u00f6n\u00fcm\u00fcze \u00e7\u0131kan engelleri a\u015fmal\u0131y\u0131z. Bu yolda \u00fcz\u00fcld\u00fc\u011f\u00fcm\u00fcz, sevindi\u011fimiz g\u00fcnler olsa da, asla vazge\u00e7memeliyiz. \u00c7\u00fcnk\u00fc vazge\u00e7ti\u011fimiz an, ba\u015far\u0131s\u0131zl\u0131\u011f\u0131 kabullenmi\u015f oluruz.<\/p>\n<p data-renderer-start-pos=\"304\">Ben asla vazge\u00e7medim, istikrarl\u0131 bir \u015fekilde devam ettim ve ba\u015fard\u0131m. Bu ba\u015far\u0131 sadece benim de\u011fil; \u00fczerimde eme\u011fi olan t\u00fcm hocalar\u0131m\u0131n, \u00f6zellikle de k\u0131ymetli annem ve babam\u0131n ortak ba\u015far\u0131s\u0131d\u0131r. Hepsine te\u015fekk\u00fcr ederim. Rabbim hepsinden raz\u0131 olsun.<\/p>\n<p data-renderer-start-pos=\"554\">Otizmi yendikten sonra Haf\u0131z da oldum. Art\u0131k iyi bir lisede ve iyi bir \u00fcniversitede okumak gibi yeni hedeflerim var. Siz de inan\u0131rsan\u0131z ve \u00e7al\u0131\u015f\u0131rsan\u0131z mutlaka ba\u015faracaks\u0131n\u0131z.<\/p>\n<p data-renderer-start-pos=\"731\">Unutmay\u0131n: \u0130nanmak + \u00c7al\u0131\u015fmak = Ba\u015farmak&#8217;t\u0131r.<\/p>\n<\/div>\n<\/div>\n","protected":false},"excerpt":{"rendered":"<p>Ne kadar zor olursa olsun, insan isterse ba\u015farabilir. Bunun i\u00e7in \u00f6nce inanmam\u0131z, azim ve kararl\u0131l\u0131kla m\u00fccadele etmemiz gerekir. Sab\u0131rla \u00f6n\u00fcm\u00fcze \u00e7\u0131kan engelleri a\u015fmal\u0131y\u0131z. Bu yolda \u00fcz\u00fcld\u00fc\u011f\u00fcm\u00fcz, sevindi\u011fimiz g\u00fcnler olsa da, asla vazge\u00e7memeliyiz. \u00c7\u00fcnk\u00fc vazge\u00e7ti\u011fimiz an, ba\u015far\u0131s\u0131zl\u0131\u011f\u0131 kabullenmi\u015f oluruz. Ben asla vazge\u00e7medim, istikrarl\u0131 bir \u015fekilde devam ettim ve ba\u015fard\u0131m. Bu ba\u015far\u0131 sadece benim de\u011fil; \u00fczerimde eme\u011fi [&hellip;]<\/p>\n","protected":false},"featured_media":24102,"comment_status":"closed","ping_status":"closed","template":"","meta":[],"product_brand":[],"product_cat":[32],"product_tag":[],"class_list":{"0":"post-24101","1":"product","2":"type-product","3":"status-publish","4":"has-post-thumbnail","6":"product_cat-kisisel-gelisim","8":"first","9":"instock","10":"sale","11":"shipping-taxable","12":"purchasable","13":"product-type-simple"},"_links":{"self":[{"href":"https:\/\/kutluyayinevi.com\/magaza\/wp-json\/wp\/v2\/product\/24101","targetHints":{"allow":["GET"]}}],"collection":[{"href":"https:\/\/kutluyayinevi.com\/magaza\/wp-json\/wp\/v2\/product"}],"about":[{"href":"https:\/\/kutluyayinevi.com\/magaza\/wp-json\/wp\/v2\/types\/product"}],"replies":[{"embeddable":true,"href":"https:\/\/kutluyayinevi.com\/magaza\/wp-json\/wp\/v2\/comments?post=24101"}],"wp:featuredmedia":[{"embeddable":true,"href":"https:\/\/kutluyayinevi.com\/magaza\/wp-json\/wp\/v2\/media\/24102"}],"wp:attachment":[{"href":"https:\/\/kutluyayinevi.com\/magaza\/wp-json\/wp\/v2\/media?parent=24101"}],"wp:term":[{"taxonomy":"product_brand","embeddable":true,"href":"https:\/\/kutluyayinevi.com\/magaza\/wp-json\/wp\/v2\/product_brand?post=24101"},{"taxonomy":"product_cat","embeddable":true,"href":"https:\/\/kutluyayinevi.com\/magaza\/wp-json\/wp\/v2\/product_cat?post=24101"},{"taxonomy":"product_tag","embeddable":true,"href":"https:\/\/kutluyayinevi.com\/magaza\/wp-json\/wp\/v2\/product_tag?post=24101"}],"curies":[{"name":"wp","href":"https:\/\/api.w.org\/{rel}","templated":true}]}}