{"id":24113,"date":"2025-12-01T12:31:07","date_gmt":"2025-12-01T09:31:07","guid":{"rendered":"https:\/\/kutluyayinevi.com\/magaza\/?post_type=product&#038;p=24113"},"modified":"2026-02-19T15:41:33","modified_gmt":"2026-02-19T12:41:33","slug":"buyuk-insan-destani-ali-ihsan-orak","status":"publish","type":"product","link":"https:\/\/kutluyayinevi.com\/magaza\/urun\/buyuk-insan-destani-ali-ihsan-orak\/","title":{"rendered":"B\u00fcy\u00fck \u0130nsan Destan\u0131 &#8211; Ali \u0130hsan Orak"},"content":{"rendered":"<div class=\"css-xc2wqx\">\n<div class=\"ak-renderer-document\">\n<p data-renderer-start-pos=\"1\">\u201cB\u00fcy\u00fck \u0130nsan Destan\u0131\u201d, kelimelerin kalbe dokundu\u011fu, duygular\u0131n s\u00f6ze d\u00f6n\u00fc\u015ft\u00fc\u011f\u00fc bir yolculuk\u2026<\/p>\n<p data-renderer-start-pos=\"94\">Bu dizelerde bazen hayranl\u0131k ve minnet, bazen bir y\u00fcrek s\u0131z\u0131s\u0131, bazen de ya\u015fanm\u0131\u015f bir a\u015fk\u0131n yank\u0131s\u0131 var.<\/p>\n<p data-renderer-start-pos=\"200\">Ne teoriye s\u0131\u011far bu sat\u0131rlar, ne de kal\u0131plara\u2026<\/p>\n<p data-renderer-start-pos=\"248\">Ali \u0130hsan Orak, sadece hissettiklerini ortaya koyuyor. Hisleri benzer olanlar als\u0131n istiyor.<\/p>\n<p data-renderer-start-pos=\"342\">Bu kitap; do\u011fmam\u0131\u015f g\u00fcne\u015flere, s\u00f6ylenememi\u015f s\u00f6zlere, ya\u015fanamam\u0131\u015f a\u015fklara adanm\u0131\u015f bir g\u00f6n\u00fcl defteri.<\/p>\n<\/div>\n<\/div>\n","protected":false},"excerpt":{"rendered":"<p>\u201cB\u00fcy\u00fck \u0130nsan Destan\u0131\u201d, kelimelerin kalbe dokundu\u011fu, duygular\u0131n s\u00f6ze d\u00f6n\u00fc\u015ft\u00fc\u011f\u00fc bir yolculuk\u2026 Bu dizelerde bazen hayranl\u0131k ve minnet, bazen bir y\u00fcrek s\u0131z\u0131s\u0131, bazen de ya\u015fanm\u0131\u015f bir a\u015fk\u0131n yank\u0131s\u0131 var. Ne teoriye s\u0131\u011far bu sat\u0131rlar, ne de kal\u0131plara\u2026 Ali \u0130hsan Orak, sadece hissettiklerini ortaya koyuyor. Hisleri benzer olanlar als\u0131n istiyor. Bu kitap; do\u011fmam\u0131\u015f g\u00fcne\u015flere, s\u00f6ylenememi\u015f s\u00f6zlere, ya\u015fanamam\u0131\u015f [&hellip;]<\/p>\n","protected":false},"featured_media":24114,"comment_status":"closed","ping_status":"closed","template":"","meta":[],"product_brand":[],"product_cat":[22],"product_tag":[],"class_list":{"0":"post-24113","1":"product","2":"type-product","3":"status-publish","4":"has-post-thumbnail","6":"product_cat-siir","8":"first","9":"instock","10":"sale","11":"shipping-taxable","12":"purchasable","13":"product-type-simple"},"_links":{"self":[{"href":"https:\/\/kutluyayinevi.com\/magaza\/wp-json\/wp\/v2\/product\/24113","targetHints":{"allow":["GET"]}}],"collection":[{"href":"https:\/\/kutluyayinevi.com\/magaza\/wp-json\/wp\/v2\/product"}],"about":[{"href":"https:\/\/kutluyayinevi.com\/magaza\/wp-json\/wp\/v2\/types\/product"}],"replies":[{"embeddable":true,"href":"https:\/\/kutluyayinevi.com\/magaza\/wp-json\/wp\/v2\/comments?post=24113"}],"wp:featuredmedia":[{"embeddable":true,"href":"https:\/\/kutluyayinevi.com\/magaza\/wp-json\/wp\/v2\/media\/24114"}],"wp:attachment":[{"href":"https:\/\/kutluyayinevi.com\/magaza\/wp-json\/wp\/v2\/media?parent=24113"}],"wp:term":[{"taxonomy":"product_brand","embeddable":true,"href":"https:\/\/kutluyayinevi.com\/magaza\/wp-json\/wp\/v2\/product_brand?post=24113"},{"taxonomy":"product_cat","embeddable":true,"href":"https:\/\/kutluyayinevi.com\/magaza\/wp-json\/wp\/v2\/product_cat?post=24113"},{"taxonomy":"product_tag","embeddable":true,"href":"https:\/\/kutluyayinevi.com\/magaza\/wp-json\/wp\/v2\/product_tag?post=24113"}],"curies":[{"name":"wp","href":"https:\/\/api.w.org\/{rel}","templated":true}]}}