{"id":24121,"date":"2025-12-01T13:31:56","date_gmt":"2025-12-01T10:31:56","guid":{"rendered":"https:\/\/kutluyayinevi.com\/magaza\/?post_type=product&#038;p=24121"},"modified":"2026-02-20T17:19:54","modified_gmt":"2026-02-20T14:19:54","slug":"sanat-tarihi-ve-insan-caglar-boyu-estetik-bir-yolculuk-caglar-erbek","status":"publish","type":"product","link":"https:\/\/kutluyayinevi.com\/magaza\/urun\/sanat-tarihi-ve-insan-caglar-boyu-estetik-bir-yolculuk-caglar-erbek\/","title":{"rendered":"Sanat Tarihi ve \u0130nsan &#8211; \u00c7a\u011flar Boyu Estetik Bir Yolculuk &#8211; \u00c7a\u011flar Erbek"},"content":{"rendered":"<p data-renderer-start-pos=\"24\">\u0130nsanl\u0131k tarihi, yaln\u0131zca sava\u015flar\u0131n, krallar\u0131n ya da imparatorluklar\u0131n hik\u00e2yesi de\u011fildir; ayn\u0131 zamanda ta\u015flara, renklere ve bi\u00e7imlere i\u015flenmi\u015f bir <strong data-renderer-mark=\"true\">ruh yolculu\u011fudur<\/strong>. Her d\u00f6nemde sanat, insan\u0131n varolu\u015fla kurdu\u011fu en i\u00e7ten diyalog olmu\u015f, zamana meydan okuyan sessiz bir dil yaratm\u0131\u015ft\u0131r.<\/p>\n<p data-renderer-start-pos=\"309\"><strong data-renderer-mark=\"true\">\u00c7a\u011flar Erbek<\/strong>, bu kitapta sanat\u0131n tarihsel geli\u015fimini kuru bir kronolojiye indirgemeden; <strong data-renderer-mark=\"true\">insan\u0131n kendini, evreni ve anlam\u0131 aray\u0131\u015f\u0131n\u0131n estetik hik\u00e2yesi<\/strong> olarak ele al\u0131yor. Ma\u011fara duvarlar\u0131ndaki ilk \u00e7izimlerden dijital \u00e7a\u011f\u0131n soyut imgelemlerine kadar uzanan bu yolculuk, yaln\u0131zca bi\u00e7imlerin de\u011fil, d\u00fc\u015f\u00fcncenin de evrimini g\u00f6zler \u00f6n\u00fcne seriyor.<\/p>\n<p data-renderer-start-pos=\"649\">\u201cSanat Tarihi ve \u0130nsan\u201d bir bilgi kitab\u0131ndan fazlas\u0131\u2026 Okuru, her d\u00f6nemin sanat\u0131nda sakl\u0131 kalan insan sesini duymaya davet eden bir \u00e7a\u011fr\u0131d\u0131r. \u00c7\u00fcnk\u00fc her tablo, her heykel, her mimari yap\u0131 asl\u0131nda <strong data-renderer-mark=\"true\">tek bir hik\u00e2yeyi anlat\u0131r<\/strong>:<br \/>\n<strong data-renderer-mark=\"true\">\u0130nsan\u0131n g\u00fczeli, kal\u0131c\u0131y\u0131 ve kendini aray\u0131\u015f\u0131.<\/strong><\/p>\n","protected":false},"excerpt":{"rendered":"<p>\u0130nsanl\u0131k tarihi, yaln\u0131zca sava\u015flar\u0131n, krallar\u0131n ya da imparatorluklar\u0131n hik\u00e2yesi de\u011fildir; ayn\u0131 zamanda ta\u015flara, renklere ve bi\u00e7imlere i\u015flenmi\u015f bir ruh yolculu\u011fudur. Her d\u00f6nemde sanat, insan\u0131n varolu\u015fla kurdu\u011fu en i\u00e7ten diyalog olmu\u015f, zamana meydan okuyan sessiz bir dil yaratm\u0131\u015ft\u0131r. \u00c7a\u011flar Erbek, bu kitapta sanat\u0131n tarihsel geli\u015fimini kuru bir kronolojiye indirgemeden; insan\u0131n kendini, evreni ve anlam\u0131 aray\u0131\u015f\u0131n\u0131n estetik [&hellip;]<\/p>\n","protected":false},"featured_media":24122,"comment_status":"closed","ping_status":"closed","template":"","meta":[],"product_brand":[],"product_cat":[28],"product_tag":[],"class_list":{"0":"post-24121","1":"product","2":"type-product","3":"status-publish","4":"has-post-thumbnail","6":"product_cat-aratirma-inceleme","8":"first","9":"instock","10":"sale","11":"shipping-taxable","12":"purchasable","13":"product-type-simple"},"_links":{"self":[{"href":"https:\/\/kutluyayinevi.com\/magaza\/wp-json\/wp\/v2\/product\/24121","targetHints":{"allow":["GET"]}}],"collection":[{"href":"https:\/\/kutluyayinevi.com\/magaza\/wp-json\/wp\/v2\/product"}],"about":[{"href":"https:\/\/kutluyayinevi.com\/magaza\/wp-json\/wp\/v2\/types\/product"}],"replies":[{"embeddable":true,"href":"https:\/\/kutluyayinevi.com\/magaza\/wp-json\/wp\/v2\/comments?post=24121"}],"wp:featuredmedia":[{"embeddable":true,"href":"https:\/\/kutluyayinevi.com\/magaza\/wp-json\/wp\/v2\/media\/24122"}],"wp:attachment":[{"href":"https:\/\/kutluyayinevi.com\/magaza\/wp-json\/wp\/v2\/media?parent=24121"}],"wp:term":[{"taxonomy":"product_brand","embeddable":true,"href":"https:\/\/kutluyayinevi.com\/magaza\/wp-json\/wp\/v2\/product_brand?post=24121"},{"taxonomy":"product_cat","embeddable":true,"href":"https:\/\/kutluyayinevi.com\/magaza\/wp-json\/wp\/v2\/product_cat?post=24121"},{"taxonomy":"product_tag","embeddable":true,"href":"https:\/\/kutluyayinevi.com\/magaza\/wp-json\/wp\/v2\/product_tag?post=24121"}],"curies":[{"name":"wp","href":"https:\/\/api.w.org\/{rel}","templated":true}]}}