{"id":24125,"date":"2025-12-01T13:38:10","date_gmt":"2025-12-01T10:38:10","guid":{"rendered":"https:\/\/kutluyayinevi.com\/magaza\/?post_type=product&#038;p=24125"},"modified":"2026-02-20T10:58:54","modified_gmt":"2026-02-20T07:58:54","slug":"huznun-dili-huznun-kelimelere-dokuldugu-an-peyman-kapukaya","status":"publish","type":"product","link":"https:\/\/kutluyayinevi.com\/magaza\/urun\/huznun-dili-huznun-kelimelere-dokuldugu-an-peyman-kapukaya\/","title":{"rendered":"H\u00fczn\u00fcn Dili &#8211; H\u00fczn\u00fcn Kelimelere D\u00f6k\u00fcld\u00fc\u011f\u00fc An &#8211; Peyman Kapukaya"},"content":{"rendered":"<div class=\"css-xc2wqx\">\n<div class=\"ak-renderer-document\">\n<p data-renderer-start-pos=\"1\">Baz\u0131 duygular vard\u0131r ki, ne kadar susarsan sus, kalbinde yank\u0131lanmaya devam eder. Ben de b\u00f6yle bir kalbim; ta\u015f\u0131d\u0131\u011f\u0131m her ac\u0131y\u0131, her hayal k\u0131r\u0131kl\u0131\u011f\u0131n\u0131 ve sevgiyi yaz\u0131ya d\u00f6kmeye \u00e7al\u0131\u015ft\u0131m.<\/p>\n<p data-renderer-start-pos=\"188\">Hep yand\u0131m, yand\u0131k\u00e7a kor oldum ama yine de sevmekten vazge\u00e7emedim. Sustuk\u00e7a \u00e7o\u011fald\u0131 i\u00e7imde ac\u0131; yazd\u0131k\u00e7a biraz hafifledi belki, ama hi\u00e7bir kelime tam olarak anlatamad\u0131 beni.<\/p>\n<p data-renderer-start-pos=\"363\">A\u015fk\u0131n en derin yerinde k\u0131r\u0131ld\u0131m, sessizli\u011fin en koyu yerinde \u00e7o\u011fu zaman kayboldum. \u0130nsanlara, dostluklara, hayata dokundum; hepsi elimde ince bir s\u0131z\u0131ya d\u00f6n\u00fc\u015ft\u00fc.<\/p>\n<p data-renderer-start-pos=\"526\">\u015eimdi burada, kalbimin k\u00fcllerinden kalan ne varsa, hepsini bir bir b\u0131rak\u0131yorum sat\u0131rlar\u0131n aras\u0131na.<\/p>\n<p data-renderer-start-pos=\"626\">Belki sen de kendi yarandan bir par\u00e7a bulursun okurken; \u00e7\u00fcnk\u00fc ac\u0131 de\u011fi\u015fir ama hissi hep ayn\u0131d\u0131r.<\/p>\n<p data-renderer-start-pos=\"724\">Ve ben, o hissin ad\u0131\u00a0oldum\u00a0sadece.<\/p>\n<\/div>\n<\/div>\n","protected":false},"excerpt":{"rendered":"<p>Baz\u0131 duygular vard\u0131r ki, ne kadar susarsan sus, kalbinde yank\u0131lanmaya devam eder. Ben de b\u00f6yle bir kalbim; ta\u015f\u0131d\u0131\u011f\u0131m her ac\u0131y\u0131, her hayal k\u0131r\u0131kl\u0131\u011f\u0131n\u0131 ve sevgiyi yaz\u0131ya d\u00f6kmeye \u00e7al\u0131\u015ft\u0131m. Hep yand\u0131m, yand\u0131k\u00e7a kor oldum ama yine de sevmekten vazge\u00e7emedim. Sustuk\u00e7a \u00e7o\u011fald\u0131 i\u00e7imde ac\u0131; yazd\u0131k\u00e7a biraz hafifledi belki, ama hi\u00e7bir kelime tam olarak anlatamad\u0131 beni. A\u015fk\u0131n en [&hellip;]<\/p>\n","protected":false},"featured_media":24126,"comment_status":"closed","ping_status":"closed","template":"","meta":[],"product_brand":[],"product_cat":[22],"product_tag":[],"class_list":{"0":"post-24125","1":"product","2":"type-product","3":"status-publish","4":"has-post-thumbnail","6":"product_cat-siir","8":"first","9":"instock","10":"sale","11":"shipping-taxable","12":"purchasable","13":"product-type-simple"},"_links":{"self":[{"href":"https:\/\/kutluyayinevi.com\/magaza\/wp-json\/wp\/v2\/product\/24125","targetHints":{"allow":["GET"]}}],"collection":[{"href":"https:\/\/kutluyayinevi.com\/magaza\/wp-json\/wp\/v2\/product"}],"about":[{"href":"https:\/\/kutluyayinevi.com\/magaza\/wp-json\/wp\/v2\/types\/product"}],"replies":[{"embeddable":true,"href":"https:\/\/kutluyayinevi.com\/magaza\/wp-json\/wp\/v2\/comments?post=24125"}],"wp:featuredmedia":[{"embeddable":true,"href":"https:\/\/kutluyayinevi.com\/magaza\/wp-json\/wp\/v2\/media\/24126"}],"wp:attachment":[{"href":"https:\/\/kutluyayinevi.com\/magaza\/wp-json\/wp\/v2\/media?parent=24125"}],"wp:term":[{"taxonomy":"product_brand","embeddable":true,"href":"https:\/\/kutluyayinevi.com\/magaza\/wp-json\/wp\/v2\/product_brand?post=24125"},{"taxonomy":"product_cat","embeddable":true,"href":"https:\/\/kutluyayinevi.com\/magaza\/wp-json\/wp\/v2\/product_cat?post=24125"},{"taxonomy":"product_tag","embeddable":true,"href":"https:\/\/kutluyayinevi.com\/magaza\/wp-json\/wp\/v2\/product_tag?post=24125"}],"curies":[{"name":"wp","href":"https:\/\/api.w.org\/{rel}","templated":true}]}}