{"id":24128,"date":"2025-12-04T15:16:36","date_gmt":"2025-12-04T12:16:36","guid":{"rendered":"https:\/\/kutluyayinevi.com\/magaza\/?post_type=product&#038;p=24128"},"modified":"2026-02-19T13:03:19","modified_gmt":"2026-02-19T10:03:19","slug":"asudeyim-siddik-aydin","status":"publish","type":"product","link":"https:\/\/kutluyayinevi.com\/magaza\/urun\/asudeyim-siddik-aydin\/","title":{"rendered":"\u00c2s\u00fbdeyim &#8211; S\u0131dd\u0131k Ayd\u0131n"},"content":{"rendered":"<div class=\"css-xc2wqx\">\n<div class=\"ak-renderer-document\">\n<p data-renderer-start-pos=\"1\">Bir g\u00fcn k\u00fcl olup gidece\u011fim bu handan.<br \/>\nKalacak bu k\u00fc\u00e7\u00fck m\u0131sralar.<br \/>\nOkuduk\u00e7a bo\u011facak, bakt\u0131k\u00e7a hat\u0131rlatacak.<br \/>\nBilmem, var m\u0131d\u0131r hi\u00e7bir \u015fiirde bu m\u0131sralar?<br \/>\nBilemem, kimse \u00f6lmeden gider mi bu handan?<\/p>\n<p data-renderer-start-pos=\"202\">Duygular bazen kaplar\u0131na de\u011fil, birka\u00e7 ufak m\u0131sraya s\u0131\u011farlar.<br \/>\nBu durum, bazen m\u0131sralar\u0131n urgan misali boyna dola\u015fmas\u0131na sebep olur.<br \/>\nBu kitaptaki m\u0131sralar, yeri geldi\u011finde boynunuza dolan\u0131rken,<br \/>\nyeri geldi\u011finde sizi bu handan uzaklara, derin h\u00fclyalarda dola\u015fman\u0131za sa\u011flayacak.<br \/>\n\u0130\u00e7inizdeki size dokunabilmek istiyorsan\u0131z, do\u011fru kitab\u0131 ellerinizde tutuyorsunuz.<\/p>\n<\/div>\n<\/div>\n","protected":false},"excerpt":{"rendered":"<p>Bir g\u00fcn k\u00fcl olup gidece\u011fim bu handan. Kalacak bu k\u00fc\u00e7\u00fck m\u0131sralar. Okuduk\u00e7a bo\u011facak, bakt\u0131k\u00e7a hat\u0131rlatacak. Bilmem, var m\u0131d\u0131r hi\u00e7bir \u015fiirde bu m\u0131sralar? Bilemem, kimse \u00f6lmeden gider mi bu handan? Duygular bazen kaplar\u0131na de\u011fil, birka\u00e7 ufak m\u0131sraya s\u0131\u011farlar. Bu durum, bazen m\u0131sralar\u0131n urgan misali boyna dola\u015fmas\u0131na sebep olur. Bu kitaptaki m\u0131sralar, yeri geldi\u011finde boynunuza dolan\u0131rken, yeri [&hellip;]<\/p>\n","protected":false},"featured_media":24129,"comment_status":"closed","ping_status":"closed","template":"","meta":[],"product_brand":[],"product_cat":[22],"product_tag":[],"class_list":{"0":"post-24128","1":"product","2":"type-product","3":"status-publish","4":"has-post-thumbnail","6":"product_cat-siir","8":"first","9":"instock","10":"sale","11":"shipping-taxable","12":"purchasable","13":"product-type-simple"},"_links":{"self":[{"href":"https:\/\/kutluyayinevi.com\/magaza\/wp-json\/wp\/v2\/product\/24128","targetHints":{"allow":["GET"]}}],"collection":[{"href":"https:\/\/kutluyayinevi.com\/magaza\/wp-json\/wp\/v2\/product"}],"about":[{"href":"https:\/\/kutluyayinevi.com\/magaza\/wp-json\/wp\/v2\/types\/product"}],"replies":[{"embeddable":true,"href":"https:\/\/kutluyayinevi.com\/magaza\/wp-json\/wp\/v2\/comments?post=24128"}],"wp:featuredmedia":[{"embeddable":true,"href":"https:\/\/kutluyayinevi.com\/magaza\/wp-json\/wp\/v2\/media\/24129"}],"wp:attachment":[{"href":"https:\/\/kutluyayinevi.com\/magaza\/wp-json\/wp\/v2\/media?parent=24128"}],"wp:term":[{"taxonomy":"product_brand","embeddable":true,"href":"https:\/\/kutluyayinevi.com\/magaza\/wp-json\/wp\/v2\/product_brand?post=24128"},{"taxonomy":"product_cat","embeddable":true,"href":"https:\/\/kutluyayinevi.com\/magaza\/wp-json\/wp\/v2\/product_cat?post=24128"},{"taxonomy":"product_tag","embeddable":true,"href":"https:\/\/kutluyayinevi.com\/magaza\/wp-json\/wp\/v2\/product_tag?post=24128"}],"curies":[{"name":"wp","href":"https:\/\/api.w.org\/{rel}","templated":true}]}}