{"id":24130,"date":"2025-12-04T15:18:40","date_gmt":"2025-12-04T12:18:40","guid":{"rendered":"https:\/\/kutluyayinevi.com\/magaza\/?post_type=product&#038;p=24130"},"modified":"2026-02-20T12:48:40","modified_gmt":"2026-02-20T09:48:40","slug":"kurtlar-sofrasi-yok-olsan-yasemin-sahin","status":"publish","type":"product","link":"https:\/\/kutluyayinevi.com\/magaza\/urun\/kurtlar-sofrasi-yok-olsan-yasemin-sahin\/","title":{"rendered":"Kurtlar Sofras\u0131: Yok Olsan &#8211; Yasemin \u015eahin"},"content":{"rendered":"<div class=\"css-xc2wqx\">\n<div class=\"ak-renderer-document\">\n<p data-renderer-start-pos=\"1\">\u201cKurtlar Sofras\u0131: Yok Olsan\u201d, \u00e7a\u011f\u0131n ruhunu iliklerine kadar hisseden bir kalemin, insanl\u0131k h\u00e2llerine tuttu\u011fu sert ama sahici aynad\u0131r.\u015eair, modern insan\u0131n k\u0131r\u0131lganl\u0131\u011f\u0131n\u0131 yaln\u0131zca anlatmakla kalmaz; onu estetik bir dile, ahl\u00e2k\u00ee bir soruya ve vicdan\u00ee bir y\u00fczle\u015fmeye d\u00f6n\u00fc\u015ft\u00fcr\u00fcr.Bu \u015fiirlerdeki dil; kimi zaman matemin kadim nefesini ta\u015f\u0131r kimi zaman da g\u00fcn\u00fcm\u00fcz\u00fcn da\u011f\u0131n\u0131k ve yaral\u0131 sesleriyle \u00f6r\u00fcl\u00fcr. B\u00fct\u00fcn\u00fcnde ise masumiyetin, k\u00f6t\u00fcl\u00fc\u011f\u00fcn ku\u015fatmas\u0131n\u0131 yararak kendine yer a\u00e7ma \u00e7abas\u0131 belirir.<\/p>\n<p data-renderer-start-pos=\"487\">Yasemin \u015eahin, \u00e7ocuklu\u011fun taze \u0131\u015f\u0131\u011f\u0131n\u0131 da d\u00fcnyan\u0131n hoyrat karanl\u0131\u011f\u0131n\u0131 da ayn\u0131 terazide tartar fakat okuyucuya bir h\u00fck\u00fcm de\u011fil, ka\u00e7\u0131n\u0131lmaz bir soru b\u0131rak\u0131r:<\/p>\n<p data-renderer-start-pos=\"644\">\u201cBu \u00e7a\u011fda insan kalmak m\u00fcmk\u00fcn m\u00fcd\u00fcr?<\/p>\n<p data-renderer-start-pos=\"682\">\u201dBireysel ac\u0131n\u0131n i\u00e7inden evrensel bir insanl\u0131k meselesine uzanan bu \u015fiirler, ayn\u0131 derin sorunun etraf\u0131nda d\u00f6ner:<\/p>\n<p data-renderer-start-pos=\"796\">K\u00f6t\u00fcl\u00fc\u011f\u00fcn h\u00fck\u00fcm s\u00fcrd\u00fc\u011f\u00fc sofrada, iyilik nereye oturur?<\/p>\n<p data-renderer-start-pos=\"852\">\u201cKurtlar Sofras\u0131: Yok Olsan\u201d sadece okunmaz; okurunu d\u00fc\u015f\u00fcnmeye, y\u00fczle\u015fmeye, kimi zaman da kendine ac\u0131yan bir merhamete \u00e7a\u011f\u0131r\u0131r.<\/p>\n<p data-renderer-start-pos=\"981\">Ac\u0131yla yo\u011frulmu\u015f bir \u00e7a\u011f\u0131n i\u00e7inden y\u00fckselen o ses tekrar eder:<\/p>\n<p data-renderer-start-pos=\"1045\">\u201c\u0130nsan kal.\u201d<\/p>\n<\/div>\n<\/div>\n","protected":false},"excerpt":{"rendered":"<p>\u201cKurtlar Sofras\u0131: Yok Olsan\u201d, \u00e7a\u011f\u0131n ruhunu iliklerine kadar hisseden bir kalemin, insanl\u0131k h\u00e2llerine tuttu\u011fu sert ama sahici aynad\u0131r.\u015eair, modern insan\u0131n k\u0131r\u0131lganl\u0131\u011f\u0131n\u0131 yaln\u0131zca anlatmakla kalmaz; onu estetik bir dile, ahl\u00e2k\u00ee bir soruya ve vicdan\u00ee bir y\u00fczle\u015fmeye d\u00f6n\u00fc\u015ft\u00fcr\u00fcr.Bu \u015fiirlerdeki dil; kimi zaman matemin kadim nefesini ta\u015f\u0131r kimi zaman da g\u00fcn\u00fcm\u00fcz\u00fcn da\u011f\u0131n\u0131k ve yaral\u0131 sesleriyle \u00f6r\u00fcl\u00fcr. B\u00fct\u00fcn\u00fcnde ise [&hellip;]<\/p>\n","protected":false},"featured_media":24131,"comment_status":"closed","ping_status":"closed","template":"","meta":[],"product_brand":[],"product_cat":[22],"product_tag":[],"class_list":{"0":"post-24130","1":"product","2":"type-product","3":"status-publish","4":"has-post-thumbnail","6":"product_cat-siir","8":"first","9":"instock","10":"sale","11":"shipping-taxable","12":"purchasable","13":"product-type-simple"},"_links":{"self":[{"href":"https:\/\/kutluyayinevi.com\/magaza\/wp-json\/wp\/v2\/product\/24130","targetHints":{"allow":["GET"]}}],"collection":[{"href":"https:\/\/kutluyayinevi.com\/magaza\/wp-json\/wp\/v2\/product"}],"about":[{"href":"https:\/\/kutluyayinevi.com\/magaza\/wp-json\/wp\/v2\/types\/product"}],"replies":[{"embeddable":true,"href":"https:\/\/kutluyayinevi.com\/magaza\/wp-json\/wp\/v2\/comments?post=24130"}],"wp:featuredmedia":[{"embeddable":true,"href":"https:\/\/kutluyayinevi.com\/magaza\/wp-json\/wp\/v2\/media\/24131"}],"wp:attachment":[{"href":"https:\/\/kutluyayinevi.com\/magaza\/wp-json\/wp\/v2\/media?parent=24130"}],"wp:term":[{"taxonomy":"product_brand","embeddable":true,"href":"https:\/\/kutluyayinevi.com\/magaza\/wp-json\/wp\/v2\/product_brand?post=24130"},{"taxonomy":"product_cat","embeddable":true,"href":"https:\/\/kutluyayinevi.com\/magaza\/wp-json\/wp\/v2\/product_cat?post=24130"},{"taxonomy":"product_tag","embeddable":true,"href":"https:\/\/kutluyayinevi.com\/magaza\/wp-json\/wp\/v2\/product_tag?post=24130"}],"curies":[{"name":"wp","href":"https:\/\/api.w.org\/{rel}","templated":true}]}}