{"id":24133,"date":"2025-12-04T15:20:54","date_gmt":"2025-12-04T12:20:54","guid":{"rendered":"https:\/\/kutluyayinevi.com\/magaza\/?post_type=product&#038;p=24133"},"modified":"2026-02-20T16:42:00","modified_gmt":"2026-02-20T13:42:00","slug":"otoimmun-hastaliklar-ve-alerji-yusuf-ahmet-yurdakul","status":"publish","type":"product","link":"https:\/\/kutluyayinevi.com\/magaza\/urun\/otoimmun-hastaliklar-ve-alerji-yusuf-ahmet-yurdakul\/","title":{"rendered":"Otoimm\u00fcn Hastal\u0131klar ve Alerji &#8211; Yusuf Ahmet Yurdakul"},"content":{"rendered":"<p>\u201cGe\u00e7mi\u015fin tarih\u00ee kay\u0131tlar\u0131nda, sanat eserlerinde ve ya\u015fam hik\u00e2yelerinde bug\u00fcn milyonlar\u0131 etkileyen otoimm\u00fcn ve alerjik hastal\u0131klar\u0131n neredeyse hi\u00e7 izine rastlanmaz. Bu hastal\u0131klar neden \u00e7a\u011f\u0131m\u0131zda bu kadar artt\u0131? Bu kitap, mikrobiyota ve helmint kayb\u0131n\u0131n ba\u011f\u0131\u015f\u0131kl\u0131k sisteminde yaratt\u0131\u011f\u0131 bozulmay\u0131 bilimsel temelde a\u00e7\u0131kl\u0131yor ve okura kendi sa\u011fl\u0131k yolculu\u011funda d\u00fc\u015f\u00fcnmesi i\u00e7in yeni bir bak\u0131\u015f a\u00e7\u0131s\u0131 sunuyor.\u201d<\/p>\n","protected":false},"excerpt":{"rendered":"<p>\u201cGe\u00e7mi\u015fin tarih\u00ee kay\u0131tlar\u0131nda, sanat eserlerinde ve ya\u015fam hik\u00e2yelerinde bug\u00fcn milyonlar\u0131 etkileyen otoimm\u00fcn ve alerjik hastal\u0131klar\u0131n neredeyse hi\u00e7 izine rastlanmaz. Bu hastal\u0131klar neden \u00e7a\u011f\u0131m\u0131zda bu kadar artt\u0131? Bu kitap, mikrobiyota ve helmint kayb\u0131n\u0131n ba\u011f\u0131\u015f\u0131kl\u0131k sisteminde yaratt\u0131\u011f\u0131 bozulmay\u0131 bilimsel temelde a\u00e7\u0131kl\u0131yor ve okura kendi sa\u011fl\u0131k yolculu\u011funda d\u00fc\u015f\u00fcnmesi i\u00e7in yeni bir bak\u0131\u015f a\u00e7\u0131s\u0131 sunuyor.\u201d<\/p>\n","protected":false},"featured_media":24134,"comment_status":"closed","ping_status":"closed","template":"","meta":[],"product_brand":[],"product_cat":[28],"product_tag":[],"class_list":{"0":"post-24133","1":"product","2":"type-product","3":"status-publish","4":"has-post-thumbnail","6":"product_cat-aratirma-inceleme","8":"first","9":"instock","10":"sale","11":"shipping-taxable","12":"purchasable","13":"product-type-simple"},"_links":{"self":[{"href":"https:\/\/kutluyayinevi.com\/magaza\/wp-json\/wp\/v2\/product\/24133","targetHints":{"allow":["GET"]}}],"collection":[{"href":"https:\/\/kutluyayinevi.com\/magaza\/wp-json\/wp\/v2\/product"}],"about":[{"href":"https:\/\/kutluyayinevi.com\/magaza\/wp-json\/wp\/v2\/types\/product"}],"replies":[{"embeddable":true,"href":"https:\/\/kutluyayinevi.com\/magaza\/wp-json\/wp\/v2\/comments?post=24133"}],"wp:featuredmedia":[{"embeddable":true,"href":"https:\/\/kutluyayinevi.com\/magaza\/wp-json\/wp\/v2\/media\/24134"}],"wp:attachment":[{"href":"https:\/\/kutluyayinevi.com\/magaza\/wp-json\/wp\/v2\/media?parent=24133"}],"wp:term":[{"taxonomy":"product_brand","embeddable":true,"href":"https:\/\/kutluyayinevi.com\/magaza\/wp-json\/wp\/v2\/product_brand?post=24133"},{"taxonomy":"product_cat","embeddable":true,"href":"https:\/\/kutluyayinevi.com\/magaza\/wp-json\/wp\/v2\/product_cat?post=24133"},{"taxonomy":"product_tag","embeddable":true,"href":"https:\/\/kutluyayinevi.com\/magaza\/wp-json\/wp\/v2\/product_tag?post=24133"}],"curies":[{"name":"wp","href":"https:\/\/api.w.org\/{rel}","templated":true}]}}