{"id":24135,"date":"2025-12-04T15:25:29","date_gmt":"2025-12-04T12:25:29","guid":{"rendered":"https:\/\/kutluyayinevi.com\/magaza\/?post_type=product&#038;p=24135"},"modified":"2026-02-20T17:19:22","modified_gmt":"2026-02-20T14:19:22","slug":"sanat-tarihi-baglaminda-maske-furkan-erturk","status":"publish","type":"product","link":"https:\/\/kutluyayinevi.com\/magaza\/urun\/sanat-tarihi-baglaminda-maske-furkan-erturk\/","title":{"rendered":"Sanat Tarihi Ba\u011flam\u0131nda Maske &#8211; Furkan Ert\u00fcrk"},"content":{"rendered":"<div class=\"css-xc2wqx\">\n<div class=\"ak-renderer-document\">\n<p data-renderer-start-pos=\"1\">Maske, yaln\u0131zca saklamak i\u00e7in mi var? Yoksa g\u00f6r\u00fcnmeyeni g\u00f6stermek i\u00e7in mi?<\/p>\n<p data-renderer-start-pos=\"77\">Bir y\u00fcz\u00fcn arkas\u0131na gizlenmi\u015f sesleri, kimli\u011fin \u00f6tesine ta\u015fan imgeleri, rit\u00fcelin s\u0131rr\u0131n\u0131 ve \u00f6l\u00fcmle temas eden an&#8217;lar\u0131 ta\u015f\u0131r maske.. Sanat, bu eski ve kadim nesneyle \u00e7a\u011flar boyunca konu\u015ftu, onu yorumlad\u0131, d\u00f6n\u00fc\u015ft\u00fcrd\u00fc. Maske kimi zaman bir koruyucu, kimi zaman bir aldat\u0131c\u0131, kimi zaman ise hakikatin ta kendisi oldu.<\/p>\n<p data-renderer-start-pos=\"391\">Bu kitap, ilkel \u00c7a\u011f&#8217;dan g\u00fcn\u00fcm\u00fcze dek uzanan g\u00f6rkemli bir iz s\u00fcr\u00fc\u015fle, maskenin sanattaki yolculu\u011funu anlat\u0131yor. Kabile danslar\u0131ndan tiyatro sahnesine, kutsal t\u00f6ren-lerden \u00e7a\u011fda\u015f performans sanat\u0131na dek; \u00f6l\u00fcm, anonimlik, grotesk, kimliksizlik ve temsile dair simgeler, \u00e7ok katmanl\u0131 bir g\u00f6rsel anlat\u0131yla \u00f6r\u00fcl\u00fcyor.<\/p>\n<p data-renderer-start-pos=\"703\">&#8220;Sanat Tarihi Ba\u011flam\u0131nda Maske&#8221; sadece bir akademik \u00e7\u00f6z\u00fcmleme de\u011fil; ayn\u0131 zamanda bir sezgi \u00e7a\u011fr\u0131s\u0131d\u0131r. Maskenin ard\u0131nda neyin gizlendi\u011fini de\u011fil, neyin g\u00f6r\u00fcnmeye \u00e7al\u0131\u015ft\u0131\u011f\u0131n\u0131 soranlara ithaf edilmi\u015ftir.<\/p>\n<\/div>\n<\/div>\n","protected":false},"excerpt":{"rendered":"<p>Maske, yaln\u0131zca saklamak i\u00e7in mi var? Yoksa g\u00f6r\u00fcnmeyeni g\u00f6stermek i\u00e7in mi? Bir y\u00fcz\u00fcn arkas\u0131na gizlenmi\u015f sesleri, kimli\u011fin \u00f6tesine ta\u015fan imgeleri, rit\u00fcelin s\u0131rr\u0131n\u0131 ve \u00f6l\u00fcmle temas eden an&#8217;lar\u0131 ta\u015f\u0131r maske.. Sanat, bu eski ve kadim nesneyle \u00e7a\u011flar boyunca konu\u015ftu, onu yorumlad\u0131, d\u00f6n\u00fc\u015ft\u00fcrd\u00fc. Maske kimi zaman bir koruyucu, kimi zaman bir aldat\u0131c\u0131, kimi zaman ise hakikatin ta [&hellip;]<\/p>\n","protected":false},"featured_media":24136,"comment_status":"closed","ping_status":"closed","template":"","meta":[],"product_brand":[],"product_cat":[28],"product_tag":[],"class_list":{"0":"post-24135","1":"product","2":"type-product","3":"status-publish","4":"has-post-thumbnail","6":"product_cat-aratirma-inceleme","8":"first","9":"instock","10":"sale","11":"shipping-taxable","12":"purchasable","13":"product-type-simple"},"_links":{"self":[{"href":"https:\/\/kutluyayinevi.com\/magaza\/wp-json\/wp\/v2\/product\/24135","targetHints":{"allow":["GET"]}}],"collection":[{"href":"https:\/\/kutluyayinevi.com\/magaza\/wp-json\/wp\/v2\/product"}],"about":[{"href":"https:\/\/kutluyayinevi.com\/magaza\/wp-json\/wp\/v2\/types\/product"}],"replies":[{"embeddable":true,"href":"https:\/\/kutluyayinevi.com\/magaza\/wp-json\/wp\/v2\/comments?post=24135"}],"wp:featuredmedia":[{"embeddable":true,"href":"https:\/\/kutluyayinevi.com\/magaza\/wp-json\/wp\/v2\/media\/24136"}],"wp:attachment":[{"href":"https:\/\/kutluyayinevi.com\/magaza\/wp-json\/wp\/v2\/media?parent=24135"}],"wp:term":[{"taxonomy":"product_brand","embeddable":true,"href":"https:\/\/kutluyayinevi.com\/magaza\/wp-json\/wp\/v2\/product_brand?post=24135"},{"taxonomy":"product_cat","embeddable":true,"href":"https:\/\/kutluyayinevi.com\/magaza\/wp-json\/wp\/v2\/product_cat?post=24135"},{"taxonomy":"product_tag","embeddable":true,"href":"https:\/\/kutluyayinevi.com\/magaza\/wp-json\/wp\/v2\/product_tag?post=24135"}],"curies":[{"name":"wp","href":"https:\/\/api.w.org\/{rel}","templated":true}]}}