{"id":24137,"date":"2025-12-04T15:30:10","date_gmt":"2025-12-04T12:30:10","guid":{"rendered":"https:\/\/kutluyayinevi.com\/magaza\/?post_type=product&#038;p=24137"},"modified":"2026-02-20T12:53:13","modified_gmt":"2026-02-20T09:53:13","slug":"kul-ve-su-aleyna-yildirim","status":"publish","type":"product","link":"https:\/\/kutluyayinevi.com\/magaza\/urun\/kul-ve-su-aleyna-yildirim\/","title":{"rendered":"K\u00fcl ve Su &#8211; Aleyna Y\u0131ld\u0131r\u0131m"},"content":{"rendered":"<p data-renderer-start-pos=\"3\">Bu hik\u00e2ye, sadece kanl\u0131 bir hesapla\u015fman\u0131n de\u011fil, dostluk, fedak\u00e2rl\u0131k ve \u00f6l\u00fcmle zamana kar\u015f\u0131 verilen bir yar\u0131\u015f\u0131n hik\u00e2yesi.<\/p>\n<p data-renderer-start-pos=\"126\">Her sayfa, bir sonraki sayfay\u0131 daha h\u0131zl\u0131 \u00e7evirmen i\u00e7in yaz\u0131ld\u0131.<\/p>\n<p data-renderer-start-pos=\"194\">Ve \u015funu unutma\u2026 As\u0131l sava\u015flar, d\u00fc\u015fmanlarla de\u011fil bazen, sevdi\u011fin insan\u0131n i\u00e7ine yerle\u015fmi\u015f bir ger\u00e7eklikle de verilir. Saklanabilir, kaybolabilir ama asla ka\u00e7amaz.<\/p>\n<p data-renderer-start-pos=\"359\">Yaln\u0131zca bir intikam\u0131n de\u011fil. Ayn\u0131 zamanda dostluk, ihanet ve insan ruhunun karanl\u0131k y\u00f6nlerinin de hik\u00e2yesidir. Yavuz\u2019un yolculu\u011fu, ge\u00e7mi\u015fin g\u00f6lgeleriyle hesapla\u015fmas\u0131n\u0131, kendi i\u00e7indeki sava\u015f\u0131n\u0131 ve nihayetinde adalet aray\u0131\u015f\u0131n\u0131 anlat\u0131r. Her sayfa, okuyucuyu derin bir gerilim ve duygusal yo\u011funlu\u011fun i\u00e7ine \u00e7ekerken, karakterlerin s\u0131rlar\u0131 ve se\u00e7imleri s\u00fcrekli merak uyand\u0131r\u0131r.<\/p>\n<p data-renderer-start-pos=\"735\">Kan, sadakat ve ihanetin i\u00e7 i\u00e7e ge\u00e7ti\u011fi bu roman, insan ruhunun karanl\u0131k ve ayd\u0131nl\u0131k yanlar\u0131n\u0131 ke\u015ffetme yolculu\u011fudur. Yavuz\u2019un adalet aray\u0131\u015f\u0131, sadece d\u00fc\u015fman\u0131na kar\u015f\u0131 de\u011fil kendi i\u00e7inde verdi\u011fi sava\u015f\u0131n da bir yans\u0131mas\u0131d\u0131r.<\/p>\n","protected":false},"excerpt":{"rendered":"<p>Bu hik\u00e2ye, sadece kanl\u0131 bir hesapla\u015fman\u0131n de\u011fil, dostluk, fedak\u00e2rl\u0131k ve \u00f6l\u00fcmle zamana kar\u015f\u0131 verilen bir yar\u0131\u015f\u0131n hik\u00e2yesi. Her sayfa, bir sonraki sayfay\u0131 daha h\u0131zl\u0131 \u00e7evirmen i\u00e7in yaz\u0131ld\u0131. Ve \u015funu unutma\u2026 As\u0131l sava\u015flar, d\u00fc\u015fmanlarla de\u011fil bazen, sevdi\u011fin insan\u0131n i\u00e7ine yerle\u015fmi\u015f bir ger\u00e7eklikle de verilir. Saklanabilir, kaybolabilir ama asla ka\u00e7amaz. Yaln\u0131zca bir intikam\u0131n de\u011fil. Ayn\u0131 zamanda dostluk, [&hellip;]<\/p>\n","protected":false},"featured_media":24138,"comment_status":"closed","ping_status":"closed","template":"","meta":[],"product_brand":[],"product_cat":[24],"product_tag":[],"class_list":{"0":"post-24137","1":"product","2":"type-product","3":"status-publish","4":"has-post-thumbnail","6":"product_cat-roman","8":"first","9":"instock","10":"sale","11":"shipping-taxable","12":"purchasable","13":"product-type-simple"},"_links":{"self":[{"href":"https:\/\/kutluyayinevi.com\/magaza\/wp-json\/wp\/v2\/product\/24137","targetHints":{"allow":["GET"]}}],"collection":[{"href":"https:\/\/kutluyayinevi.com\/magaza\/wp-json\/wp\/v2\/product"}],"about":[{"href":"https:\/\/kutluyayinevi.com\/magaza\/wp-json\/wp\/v2\/types\/product"}],"replies":[{"embeddable":true,"href":"https:\/\/kutluyayinevi.com\/magaza\/wp-json\/wp\/v2\/comments?post=24137"}],"wp:featuredmedia":[{"embeddable":true,"href":"https:\/\/kutluyayinevi.com\/magaza\/wp-json\/wp\/v2\/media\/24138"}],"wp:attachment":[{"href":"https:\/\/kutluyayinevi.com\/magaza\/wp-json\/wp\/v2\/media?parent=24137"}],"wp:term":[{"taxonomy":"product_brand","embeddable":true,"href":"https:\/\/kutluyayinevi.com\/magaza\/wp-json\/wp\/v2\/product_brand?post=24137"},{"taxonomy":"product_cat","embeddable":true,"href":"https:\/\/kutluyayinevi.com\/magaza\/wp-json\/wp\/v2\/product_cat?post=24137"},{"taxonomy":"product_tag","embeddable":true,"href":"https:\/\/kutluyayinevi.com\/magaza\/wp-json\/wp\/v2\/product_tag?post=24137"}],"curies":[{"name":"wp","href":"https:\/\/api.w.org\/{rel}","templated":true}]}}