{"id":24149,"date":"2025-12-16T20:38:11","date_gmt":"2025-12-16T17:38:11","guid":{"rendered":"https:\/\/kutluyayinevi.com\/magaza\/?post_type=product&#038;p=24149"},"modified":"2026-02-23T09:35:38","modified_gmt":"2026-02-23T06:35:38","slug":"sivil-cengiz-sagban","status":"publish","type":"product","link":"https:\/\/kutluyayinevi.com\/magaza\/urun\/sivil-cengiz-sagban\/","title":{"rendered":"Sivil &#8211; Cengiz \u015ea\u011fban"},"content":{"rendered":"<div class=\"css-xc2wqx\">\n<div class=\"ak-renderer-document\">\n<p data-renderer-start-pos=\"1\">dizimdeki yaran\u0131n kabu\u011funu soydum<\/p>\n<p data-renderer-start-pos=\"36\">dedim bak bundan sonras\u0131 kan<\/p>\n<p data-renderer-start-pos=\"66\">bundan sonras\u0131 kah\u0131r ve \u015fiirdir yazmak istersen<\/p>\n<p data-renderer-start-pos=\"115\">istersen ve cesursan, nesiminin derisi sana<\/p>\n<p data-renderer-start-pos=\"160\">hayatta en hakiki m\u00fcr\u015fit olur<\/p>\n<p data-renderer-start-pos=\"191\">* *<\/p>\n<p data-renderer-start-pos=\"196\">biz cennetinize do\u011fru ilerleyen metastaz<\/p>\n<p data-renderer-start-pos=\"238\">biz do\u011frular\u0131n\u0131z\u0131 afallatan yanl\u0131\u015f soru<\/p>\n<p data-renderer-start-pos=\"279\">biz terk edemedi\u011finiz yararl\u0131 al\u0131\u015fkanl\u0131k<\/p>\n<p data-renderer-start-pos=\"321\">biz ram belle\u011finizde e\u015fitli\u011fe s\u0131zan vir\u00fcs<\/p>\n<p data-renderer-start-pos=\"364\">biz az biz az\u0131nl\u0131k biz ekranlar\u0131n\u0131zda error<\/p>\n<p data-renderer-start-pos=\"409\">biz ya kapat ya yeniden ba\u015flat<\/p>\n<p data-renderer-start-pos=\"441\">* *<\/p>\n<p data-renderer-start-pos=\"446\">Cengiz \u015ea\u011fban, hep iyi \u015fiirin k\u00f6zlerini e\u015felemi\u015f, gayriresmi \u015fiirin ate\u015fini k\u00f6r\u00fcklemi\u015f durmu\u015ftur. Etikle estetik ka\u00e7 \u015fairde bu denli derinden, bu denli devingen sevi\u015fmi\u015ftir? Okuyun onu, duyarl\u0131\u011f\u0131n\u0131z alabildi\u011fine dallan\u0131p budaklanacak.<\/p>\n<p data-renderer-start-pos=\"682\">B\u00fcnyamin Durali<\/p>\n<\/div>\n<\/div>\n","protected":false},"excerpt":{"rendered":"<p>dizimdeki yaran\u0131n kabu\u011funu soydum dedim bak bundan sonras\u0131 kan bundan sonras\u0131 kah\u0131r ve \u015fiirdir yazmak istersen istersen ve cesursan, nesiminin derisi sana hayatta en hakiki m\u00fcr\u015fit olur * * biz cennetinize do\u011fru ilerleyen metastaz biz do\u011frular\u0131n\u0131z\u0131 afallatan yanl\u0131\u015f soru biz terk edemedi\u011finiz yararl\u0131 al\u0131\u015fkanl\u0131k biz ram belle\u011finizde e\u015fitli\u011fe s\u0131zan vir\u00fcs biz az biz az\u0131nl\u0131k biz [&hellip;]<\/p>\n","protected":false},"featured_media":24150,"comment_status":"closed","ping_status":"closed","template":"","meta":[],"product_brand":[],"product_cat":[22],"product_tag":[],"class_list":{"0":"post-24149","1":"product","2":"type-product","3":"status-publish","4":"has-post-thumbnail","6":"product_cat-siir","8":"first","9":"instock","10":"sale","11":"shipping-taxable","12":"purchasable","13":"product-type-simple"},"_links":{"self":[{"href":"https:\/\/kutluyayinevi.com\/magaza\/wp-json\/wp\/v2\/product\/24149","targetHints":{"allow":["GET"]}}],"collection":[{"href":"https:\/\/kutluyayinevi.com\/magaza\/wp-json\/wp\/v2\/product"}],"about":[{"href":"https:\/\/kutluyayinevi.com\/magaza\/wp-json\/wp\/v2\/types\/product"}],"replies":[{"embeddable":true,"href":"https:\/\/kutluyayinevi.com\/magaza\/wp-json\/wp\/v2\/comments?post=24149"}],"wp:featuredmedia":[{"embeddable":true,"href":"https:\/\/kutluyayinevi.com\/magaza\/wp-json\/wp\/v2\/media\/24150"}],"wp:attachment":[{"href":"https:\/\/kutluyayinevi.com\/magaza\/wp-json\/wp\/v2\/media?parent=24149"}],"wp:term":[{"taxonomy":"product_brand","embeddable":true,"href":"https:\/\/kutluyayinevi.com\/magaza\/wp-json\/wp\/v2\/product_brand?post=24149"},{"taxonomy":"product_cat","embeddable":true,"href":"https:\/\/kutluyayinevi.com\/magaza\/wp-json\/wp\/v2\/product_cat?post=24149"},{"taxonomy":"product_tag","embeddable":true,"href":"https:\/\/kutluyayinevi.com\/magaza\/wp-json\/wp\/v2\/product_tag?post=24149"}],"curies":[{"name":"wp","href":"https:\/\/api.w.org\/{rel}","templated":true}]}}