{"id":24160,"date":"2025-12-31T10:02:25","date_gmt":"2025-12-31T07:02:25","guid":{"rendered":"https:\/\/kutluyayinevi.com\/magaza\/?post_type=product&#038;p=24160"},"modified":"2026-02-20T16:40:20","modified_gmt":"2026-02-20T13:40:20","slug":"orangutanin-reddiyesi-mehmet-oner","status":"publish","type":"product","link":"https:\/\/kutluyayinevi.com\/magaza\/urun\/orangutanin-reddiyesi-mehmet-oner\/","title":{"rendered":"Orangutan\u0131n Reddiyesi &#8211; Mehmet \u00d6ner"},"content":{"rendered":"<p>Bu kitap, yaln\u0131z bir tilkinin orman\u0131n derinliklerine uzanan hakikat aray\u0131\u015f\u0131n\u0131n seyr \u00fc seferidir. Her kar\u015f\u0131la\u015fma g\u00f6nl\u00fcndeki karanl\u0131\u011f\u0131 ya daha fazla beslemekte ya da onu hakikatin nuruna daha fazla yakla\u015ft\u0131rmaktad\u0131r. Ancak orangutanla olan m\u00fcstesna birlikteli\u011fi ve orangutan\u0131n hikmetli ir\u015fad\u0131 onu zifiri karanl\u0131klardan ayd\u0131nl\u0131klara \u00e7\u0131karm\u0131\u015ft\u0131r. Sahip oldu\u011fu didaktik \u00f6gelerle de okuyucuya rehberlik edecektir.<\/p>\n","protected":false},"excerpt":{"rendered":"<p>Bu kitap, yaln\u0131z bir tilkinin orman\u0131n derinliklerine uzanan hakikat aray\u0131\u015f\u0131n\u0131n seyr \u00fc seferidir. Her kar\u015f\u0131la\u015fma g\u00f6nl\u00fcndeki karanl\u0131\u011f\u0131 ya daha fazla beslemekte ya da onu hakikatin nuruna daha fazla yakla\u015ft\u0131rmaktad\u0131r. Ancak orangutanla olan m\u00fcstesna birlikteli\u011fi ve orangutan\u0131n hikmetli ir\u015fad\u0131 onu zifiri karanl\u0131klardan ayd\u0131nl\u0131klara \u00e7\u0131karm\u0131\u015ft\u0131r. Sahip oldu\u011fu didaktik \u00f6gelerle de okuyucuya rehberlik edecektir.<\/p>\n","protected":false},"featured_media":24161,"comment_status":"closed","ping_status":"closed","template":"","meta":[],"product_brand":[],"product_cat":[23],"product_tag":[],"class_list":{"0":"post-24160","1":"product","2":"type-product","3":"status-publish","4":"has-post-thumbnail","6":"product_cat-hikaye","8":"first","9":"instock","10":"sale","11":"shipping-taxable","12":"purchasable","13":"product-type-simple"},"_links":{"self":[{"href":"https:\/\/kutluyayinevi.com\/magaza\/wp-json\/wp\/v2\/product\/24160","targetHints":{"allow":["GET"]}}],"collection":[{"href":"https:\/\/kutluyayinevi.com\/magaza\/wp-json\/wp\/v2\/product"}],"about":[{"href":"https:\/\/kutluyayinevi.com\/magaza\/wp-json\/wp\/v2\/types\/product"}],"replies":[{"embeddable":true,"href":"https:\/\/kutluyayinevi.com\/magaza\/wp-json\/wp\/v2\/comments?post=24160"}],"wp:featuredmedia":[{"embeddable":true,"href":"https:\/\/kutluyayinevi.com\/magaza\/wp-json\/wp\/v2\/media\/24161"}],"wp:attachment":[{"href":"https:\/\/kutluyayinevi.com\/magaza\/wp-json\/wp\/v2\/media?parent=24160"}],"wp:term":[{"taxonomy":"product_brand","embeddable":true,"href":"https:\/\/kutluyayinevi.com\/magaza\/wp-json\/wp\/v2\/product_brand?post=24160"},{"taxonomy":"product_cat","embeddable":true,"href":"https:\/\/kutluyayinevi.com\/magaza\/wp-json\/wp\/v2\/product_cat?post=24160"},{"taxonomy":"product_tag","embeddable":true,"href":"https:\/\/kutluyayinevi.com\/magaza\/wp-json\/wp\/v2\/product_tag?post=24160"}],"curies":[{"name":"wp","href":"https:\/\/api.w.org\/{rel}","templated":true}]}}