{"id":24162,"date":"2025-12-31T10:04:39","date_gmt":"2025-12-31T07:04:39","guid":{"rendered":"https:\/\/kutluyayinevi.com\/magaza\/?post_type=product&#038;p=24162"},"modified":"2026-02-20T17:08:33","modified_gmt":"2026-02-20T14:08:33","slug":"rubailerle-degerler-sebahattin-oguzhan","status":"publish","type":"product","link":"https:\/\/kutluyayinevi.com\/magaza\/urun\/rubailerle-degerler-sebahattin-oguzhan\/","title":{"rendered":"Rub\u00e2ilerle De\u011ferler &#8211; Sebahattin O\u011fuzhan"},"content":{"rendered":"<p data-renderer-start-pos=\"21\">De\u011fer; y\u00fcksek m\u00e2nev\u00ee vas\u0131f anlam\u0131na gelir. H\u00fcr iradeyle benimsenir. Her insan\u0131n de\u011feri vard\u0131r. Hayat de\u011ferlerle anlam kazan\u0131r, maksuda ula\u015fma kolayla\u015f\u0131r. De\u011ferleri ile ya\u015fayanlar, kendilerini hayat\u0131n ak\u0131\u015f\u0131na kap\u0131lmaktan koruyabilirler.<\/p>\n<p data-renderer-start-pos=\"258\">Ahl\u00e2k\u00ee de\u011ferler ise insan\u0131 m\u00e2nen y\u00fccelten umdeler manz\u00fbmesidir. \u015eahsiyetin olu\u015fumunda etkin m\u00e2nev\u00ee g\u00fc\u00e7t\u00fcr. Varl\u0131k \u00e2leminin g\u00f6zde canl\u0131s\u0131 insan\u0131, yarat\u0131l\u0131\u015f gayesine uygun ya\u015famaya davet eder. M\u00e2lum oldu\u011fu \u00fczere ahl\u00e2k\u00ee de\u011ferlerin kayna\u011f\u0131 Kur\u2019an ve S\u00fcnnettir. Kur\u2019an\u2019da ve hadislerde iyi ahl\u00e2ka y\u00f6nlendirip k\u00f6t\u00fc ahl\u00e2ktan sak\u0131nd\u0131ran pek \u00e7ok kavram mevcuttur. Bu da g\u00f6steriyor ki, d\u00een\u00ee ve ahl\u00e2k\u00ee hayat\u0131n \u00e7er\u00e7evesini \u00e7izerek \u00e2d\u00e2b-\u0131 mu\u00e2\u015feret kurallar\u0131n\u0131n ortaya \u00e7\u0131k\u0131\u015f\u0131na zemin haz\u0131rlayan, ayetler ve hadislerdir.<\/p>\n<p data-renderer-start-pos=\"767\">Elinizdeki eserde hepinizin bildi\u011fi ve b\u00fcy\u00fck \u00f6nem atfetti\u011fi baz\u0131 d\u00een\u00ee, ahl\u00e2k\u00ee ve k\u00fclt\u00fcrel de\u011ferlere rubailerle dokunu\u015flarda bulunuldu. Moral ve motivasyonu y\u00fckselten m\u00e2nev\u00ee de\u011ferlere, ahl\u00e2k ve \u00e2d\u00e2ba zarar verebilecek huy ve al\u0131\u015fkanl\u0131klara dikkat \u00e7eken rub\u00e2ileri de g\u00f6rebileceksiniz bu eserde. Ayr\u0131ca okurlar\u0131m\u0131z hat\u0131rlas\u0131n, kullans\u0131n ve s\u00f6z da\u011farc\u0131\u011f\u0131n\u0131 zengin k\u0131ls\u0131n d\u00fc\u015f\u00fcncesiyle, g\u00fczel T\u00fcrk\u00e7emizin zaman i\u00e7inde unutulan n\u00e2d\u00eede kelimelerine a\u011f\u0131rl\u0131k verildi. M\u00e2lum\u00e2t, mu\u015ftu, \u00eekaz, tenkit, te\u015fvik, telmih ve d\u00e2vet i\u00e7eren rubailerle maksat h\u00e2s\u0131l oldu ise ne mutlu. S\u00f6z\u00fc, d\u00fc\u015f\u00fcnceleri-nin tahakkukunda tevf\u00eek\u0131n\u0131 kuluna ref\u00eek eyleyen Y\u00fcce Rabbe \u015f\u00fck\u00fcrle tamaml\u0131yoruz:<\/p>\n<p data-renderer-start-pos=\"1429\">D\u00fcnyada meyledilen, t\u00fcrl\u00fc ahl\u00e2kiy\u00e2t\u0131;<br \/>\nR\u00fbhen olgunla\u015ft\u0131ran, sam\u00eem\u00ee fikriy\u00e2t\u0131;<br \/>\nHul\u00e2sada tevf\u00eek\u0131n, ref\u00eek eyleyip Hud\u00e2;<br \/>\n\u015e\u00fckrolsun ki m\u00fcyesser, k\u0131ld\u0131 rub\u00e2iy\u00e2t\u0131\u2026<\/p>\n","protected":false},"excerpt":{"rendered":"<p>De\u011fer; y\u00fcksek m\u00e2nev\u00ee vas\u0131f anlam\u0131na gelir. H\u00fcr iradeyle benimsenir. Her insan\u0131n de\u011feri vard\u0131r. Hayat de\u011ferlerle anlam kazan\u0131r, maksuda ula\u015fma kolayla\u015f\u0131r. De\u011ferleri ile ya\u015fayanlar, kendilerini hayat\u0131n ak\u0131\u015f\u0131na kap\u0131lmaktan koruyabilirler. Ahl\u00e2k\u00ee de\u011ferler ise insan\u0131 m\u00e2nen y\u00fccelten umdeler manz\u00fbmesidir. \u015eahsiyetin olu\u015fumunda etkin m\u00e2nev\u00ee g\u00fc\u00e7t\u00fcr. Varl\u0131k \u00e2leminin g\u00f6zde canl\u0131s\u0131 insan\u0131, yarat\u0131l\u0131\u015f gayesine uygun ya\u015famaya davet eder. M\u00e2lum oldu\u011fu \u00fczere [&hellip;]<\/p>\n","protected":false},"featured_media":24163,"comment_status":"closed","ping_status":"closed","template":"","meta":[],"product_brand":[],"product_cat":[22],"product_tag":[],"class_list":{"0":"post-24162","1":"product","2":"type-product","3":"status-publish","4":"has-post-thumbnail","6":"product_cat-siir","8":"first","9":"instock","10":"sale","11":"shipping-taxable","12":"purchasable","13":"product-type-simple"},"_links":{"self":[{"href":"https:\/\/kutluyayinevi.com\/magaza\/wp-json\/wp\/v2\/product\/24162","targetHints":{"allow":["GET"]}}],"collection":[{"href":"https:\/\/kutluyayinevi.com\/magaza\/wp-json\/wp\/v2\/product"}],"about":[{"href":"https:\/\/kutluyayinevi.com\/magaza\/wp-json\/wp\/v2\/types\/product"}],"replies":[{"embeddable":true,"href":"https:\/\/kutluyayinevi.com\/magaza\/wp-json\/wp\/v2\/comments?post=24162"}],"wp:featuredmedia":[{"embeddable":true,"href":"https:\/\/kutluyayinevi.com\/magaza\/wp-json\/wp\/v2\/media\/24163"}],"wp:attachment":[{"href":"https:\/\/kutluyayinevi.com\/magaza\/wp-json\/wp\/v2\/media?parent=24162"}],"wp:term":[{"taxonomy":"product_brand","embeddable":true,"href":"https:\/\/kutluyayinevi.com\/magaza\/wp-json\/wp\/v2\/product_brand?post=24162"},{"taxonomy":"product_cat","embeddable":true,"href":"https:\/\/kutluyayinevi.com\/magaza\/wp-json\/wp\/v2\/product_cat?post=24162"},{"taxonomy":"product_tag","embeddable":true,"href":"https:\/\/kutluyayinevi.com\/magaza\/wp-json\/wp\/v2\/product_tag?post=24162"}],"curies":[{"name":"wp","href":"https:\/\/api.w.org\/{rel}","templated":true}]}}