{"id":24164,"date":"2025-12-31T10:06:17","date_gmt":"2025-12-31T07:06:17","guid":{"rendered":"https:\/\/kutluyayinevi.com\/magaza\/?post_type=product&#038;p=24164"},"modified":"2026-02-20T09:48:50","modified_gmt":"2026-02-20T06:48:50","slug":"gaflet-mehmet-keles","status":"publish","type":"product","link":"https:\/\/kutluyayinevi.com\/magaza\/urun\/gaflet-mehmet-keles\/","title":{"rendered":"Gaflet &#8211; Mehmet Kele\u015f"},"content":{"rendered":"<div class=\"css-16urtv4\">\n<div class=\"ak-renderer-document\">\n<p data-renderer-start-pos=\"1\">So\u011fuk bir k\u0131\u015f g\u00fcn\u00fc s\u0131n\u0131fta ders i\u015fleyen \u00f6\u011frenciler saatlerce pencereleri a\u00e7mam\u0131\u015ft\u0131, d\u0131\u015far\u0131da buz gibi so\u011fuk vard\u0131.<\/p>\n<p data-renderer-start-pos=\"117\">S\u0131n\u0131f\u0131n havas\u0131 bozulmu\u015f, iyice kirlenmi\u015fti. \u0130\u00e7eridekiler k\u00f6t\u00fc havaya ve kokuya al\u0131\u015fm\u0131\u015flar bir \u015fey hissetmiyorlard\u0131.<\/p>\n<p data-renderer-start-pos=\"234\">N\u00f6bet\u00e7i \u00f6\u011frenci bir duyuruda bulunmak i\u00e7in s\u0131n\u0131fa girince y\u00fcz\u00fcn\u00fc buru\u015fturdu, \u00f6ks\u00fcrd\u00fc, burnunu kapatt\u0131.<\/p>\n<p data-renderer-start-pos=\"338\">\u2014 \u201c\u0130\u00e7erisi \u00e7ok k\u00f6t\u00fc kokuyor, s\u0131n\u0131f\u0131n havas\u0131 iyice bozulmu\u015f pencereleri a\u00e7\u0131n, s\u0131n\u0131f\u0131 havaland\u0131r\u0131n\u201d dedi.<\/p>\n<p data-renderer-start-pos=\"443\">S\u0131n\u0131ftakiler;\u2014 \u201cNe kokusu? Biz bir \u015fey hissetmiyoruz.\u201d Dediler.<\/p>\n<p data-renderer-start-pos=\"508\">N\u00f6bet\u00e7i; \u2014 \u201cSiz bu kokuya al\u0131\u015fm\u0131\u015fs\u0131n\u0131z, fark\u0131nda de\u011filsiniz\u201d<\/p>\n<p data-renderer-start-pos=\"570\">Hemen pencereleri a\u00e7t\u0131lar, i\u00e7eriye tertemiz hava girdi, temiz havay\u0131 teneff\u00fcs eden \u00f6\u011frenciler \u00e7ok memnun kald\u0131lar. Mis gibi havay\u0131 ci\u011ferlerine \u00e7ektiler.<\/p>\n<p data-renderer-start-pos=\"724\">\u0130nsan k\u00f6t\u00fc gidi\u015fata \u00f6yle al\u0131\u015f\u0131r ki, kendisi de fark edemez. Yanl\u0131\u015f\u0131 do\u011fru, \u00e7irkini g\u00fczel zanneder.<\/p>\n<p data-renderer-start-pos=\"824\">Gaflette olanlar da i\u00e7inde bulundu\u011fu durumu, ya\u015fad\u0131\u011f\u0131 yanl\u0131\u015f hayat\u0131 do\u011fru zannediyor. D\u0131\u015far\u0131dan bir uyar\u0131c\u0131 onlar\u0131 ikaz etmezse yanl\u0131\u015f gidi\u015fata devam ediyorlar, sonunda zarara u\u011fruyorlar.<\/p>\n<p data-renderer-start-pos=\"1013\">Bu kitap gaflette olanlar\u0131 ikaz edip gaflet uykusundan uyand\u0131rmak i\u00e7in yaz\u0131ld\u0131. Oku, gaflette isen uyan, fark\u0131na var, tedbirli davran, bo\u015f bulunma, dalg\u0131n olma, ihmal etme, aldanma, ger\u00e7ekleri g\u00f6r. Hakk\u0131 Hak bilip ger\u00e7ekleri ya\u015fa, bat\u0131l\u0131 bat\u0131l bilip \u015fiddetle uzakla\u015f.<\/p>\n<\/div>\n<\/div>\n","protected":false},"excerpt":{"rendered":"<p>So\u011fuk bir k\u0131\u015f g\u00fcn\u00fc s\u0131n\u0131fta ders i\u015fleyen \u00f6\u011frenciler saatlerce pencereleri a\u00e7mam\u0131\u015ft\u0131, d\u0131\u015far\u0131da buz gibi so\u011fuk vard\u0131. S\u0131n\u0131f\u0131n havas\u0131 bozulmu\u015f, iyice kirlenmi\u015fti. \u0130\u00e7eridekiler k\u00f6t\u00fc havaya ve kokuya al\u0131\u015fm\u0131\u015flar bir \u015fey hissetmiyorlard\u0131. N\u00f6bet\u00e7i \u00f6\u011frenci bir duyuruda bulunmak i\u00e7in s\u0131n\u0131fa girince y\u00fcz\u00fcn\u00fc buru\u015fturdu, \u00f6ks\u00fcrd\u00fc, burnunu kapatt\u0131. \u2014 \u201c\u0130\u00e7erisi \u00e7ok k\u00f6t\u00fc kokuyor, s\u0131n\u0131f\u0131n havas\u0131 iyice bozulmu\u015f pencereleri a\u00e7\u0131n, s\u0131n\u0131f\u0131 [&hellip;]<\/p>\n","protected":false},"featured_media":24165,"comment_status":"closed","ping_status":"closed","template":"","meta":[],"product_brand":[],"product_cat":[26],"product_tag":[],"class_list":{"0":"post-24164","1":"product","2":"type-product","3":"status-publish","4":"has-post-thumbnail","6":"product_cat-deneme","8":"first","9":"instock","10":"sale","11":"shipping-taxable","12":"purchasable","13":"product-type-simple"},"_links":{"self":[{"href":"https:\/\/kutluyayinevi.com\/magaza\/wp-json\/wp\/v2\/product\/24164","targetHints":{"allow":["GET"]}}],"collection":[{"href":"https:\/\/kutluyayinevi.com\/magaza\/wp-json\/wp\/v2\/product"}],"about":[{"href":"https:\/\/kutluyayinevi.com\/magaza\/wp-json\/wp\/v2\/types\/product"}],"replies":[{"embeddable":true,"href":"https:\/\/kutluyayinevi.com\/magaza\/wp-json\/wp\/v2\/comments?post=24164"}],"wp:featuredmedia":[{"embeddable":true,"href":"https:\/\/kutluyayinevi.com\/magaza\/wp-json\/wp\/v2\/media\/24165"}],"wp:attachment":[{"href":"https:\/\/kutluyayinevi.com\/magaza\/wp-json\/wp\/v2\/media?parent=24164"}],"wp:term":[{"taxonomy":"product_brand","embeddable":true,"href":"https:\/\/kutluyayinevi.com\/magaza\/wp-json\/wp\/v2\/product_brand?post=24164"},{"taxonomy":"product_cat","embeddable":true,"href":"https:\/\/kutluyayinevi.com\/magaza\/wp-json\/wp\/v2\/product_cat?post=24164"},{"taxonomy":"product_tag","embeddable":true,"href":"https:\/\/kutluyayinevi.com\/magaza\/wp-json\/wp\/v2\/product_tag?post=24164"}],"curies":[{"name":"wp","href":"https:\/\/api.w.org\/{rel}","templated":true}]}}