{"id":24175,"date":"2026-01-13T15:19:19","date_gmt":"2026-01-13T12:19:19","guid":{"rendered":"https:\/\/kutluyayinevi.com\/magaza\/?post_type=product&#038;p=24175"},"modified":"2026-02-23T11:23:32","modified_gmt":"2026-02-23T08:23:32","slug":"zaman-girdabi-furkan-bartan","status":"publish","type":"product","link":"https:\/\/kutluyayinevi.com\/magaza\/urun\/zaman-girdabi-furkan-bartan\/","title":{"rendered":"Zaman Girdab\u0131 &#8211; Furkan Bartan"},"content":{"rendered":"<p>K\u00f6rm\u00f6s dedi ki;<br \/>\nD\u00fc\u015flerden kurtuldu\u011fun an,<br \/>\nBu ilk nefesin olacak.<\/p>\n<p>Zaman Girdab\u0131, Artu\u00e7\u2019un yolculu\u011funun sebeplerini anlatan ve onu kendi varl\u0131\u011f\u0131n\u0131 yeniden in\u015fa etme mecburiyetine iten bir \u00e7\u0131kmaz\u0131n ba\u015flang\u0131c\u0131d\u0131r.<\/p>\n<p>Bir g\u00f6z a\u00e7\u0131p kapama s\u00fcresine s\u0131\u011fan bu hik\u00e2yede Artu\u00e7, d\u00fc\u015f ile ger\u00e7e\u011fin birbirine kar\u0131\u015ft\u0131\u011f\u0131 zamans\u0131z bir girdab\u0131n i\u00e7ine \u00e7ekilir. D\u00fcn unutulur ve gelecek yeniden yaz\u0131l\u0131r.<\/p>\n<p>Ger\u00e7ek ile d\u00fc\u015f aras\u0131ndaki zaman s\u0131n\u0131rlar\u0131n\u0131n kayboldu\u011fu bu girdapta Artu\u00e7, her ad\u0131m\u0131nda ge\u00e7mi\u015fi ve gelece\u011finin i\u00e7 i\u00e7e girdi\u011fi bir y\u00fczle\u015fmeye do\u011fru ilerler.<\/p>\n","protected":false},"excerpt":{"rendered":"<p>K\u00f6rm\u00f6s dedi ki; D\u00fc\u015flerden kurtuldu\u011fun an, Bu ilk nefesin olacak. Zaman Girdab\u0131, Artu\u00e7\u2019un yolculu\u011funun sebeplerini anlatan ve onu kendi varl\u0131\u011f\u0131n\u0131 yeniden in\u015fa etme mecburiyetine iten bir \u00e7\u0131kmaz\u0131n ba\u015flang\u0131c\u0131d\u0131r. Bir g\u00f6z a\u00e7\u0131p kapama s\u00fcresine s\u0131\u011fan bu hik\u00e2yede Artu\u00e7, d\u00fc\u015f ile ger\u00e7e\u011fin birbirine kar\u0131\u015ft\u0131\u011f\u0131 zamans\u0131z bir girdab\u0131n i\u00e7ine \u00e7ekilir. D\u00fcn unutulur ve gelecek yeniden yaz\u0131l\u0131r. Ger\u00e7ek ile [&hellip;]<\/p>\n","protected":false},"featured_media":24176,"comment_status":"closed","ping_status":"closed","template":"","meta":[],"product_brand":[],"product_cat":[24],"product_tag":[],"class_list":{"0":"post-24175","1":"product","2":"type-product","3":"status-publish","4":"has-post-thumbnail","6":"product_cat-roman","8":"first","9":"instock","10":"sale","11":"shipping-taxable","12":"purchasable","13":"product-type-simple"},"_links":{"self":[{"href":"https:\/\/kutluyayinevi.com\/magaza\/wp-json\/wp\/v2\/product\/24175","targetHints":{"allow":["GET"]}}],"collection":[{"href":"https:\/\/kutluyayinevi.com\/magaza\/wp-json\/wp\/v2\/product"}],"about":[{"href":"https:\/\/kutluyayinevi.com\/magaza\/wp-json\/wp\/v2\/types\/product"}],"replies":[{"embeddable":true,"href":"https:\/\/kutluyayinevi.com\/magaza\/wp-json\/wp\/v2\/comments?post=24175"}],"wp:featuredmedia":[{"embeddable":true,"href":"https:\/\/kutluyayinevi.com\/magaza\/wp-json\/wp\/v2\/media\/24176"}],"wp:attachment":[{"href":"https:\/\/kutluyayinevi.com\/magaza\/wp-json\/wp\/v2\/media?parent=24175"}],"wp:term":[{"taxonomy":"product_brand","embeddable":true,"href":"https:\/\/kutluyayinevi.com\/magaza\/wp-json\/wp\/v2\/product_brand?post=24175"},{"taxonomy":"product_cat","embeddable":true,"href":"https:\/\/kutluyayinevi.com\/magaza\/wp-json\/wp\/v2\/product_cat?post=24175"},{"taxonomy":"product_tag","embeddable":true,"href":"https:\/\/kutluyayinevi.com\/magaza\/wp-json\/wp\/v2\/product_tag?post=24175"}],"curies":[{"name":"wp","href":"https:\/\/api.w.org\/{rel}","templated":true}]}}