{"id":24177,"date":"2026-01-13T15:21:45","date_gmt":"2026-01-13T12:21:45","guid":{"rendered":"https:\/\/kutluyayinevi.com\/magaza\/?post_type=product&#038;p=24177"},"modified":"2026-02-19T14:19:54","modified_gmt":"2026-02-19T11:19:54","slug":"bence-tugay-caki","status":"publish","type":"product","link":"https:\/\/kutluyayinevi.com\/magaza\/urun\/bence-tugay-caki\/","title":{"rendered":"Bence &#8211; Tugay \u00c7ak\u0131"},"content":{"rendered":"<p>Varolu\u015fun bili\u015fsel yank\u0131s\u0131, belki de, herkesin kendi karanl\u0131\u011f\u0131nda arad\u0131\u011f\u0131 o kadim sorunun cevab\u0131ndan ba\u015fka bir \u015fey de\u011fildi:<br \/>\n&#8220;Ben ger\u00e7ekte kimim?&#8221;<\/p>\n","protected":false},"excerpt":{"rendered":"<p>Varolu\u015fun bili\u015fsel yank\u0131s\u0131, belki de, herkesin kendi karanl\u0131\u011f\u0131nda arad\u0131\u011f\u0131 o kadim sorunun cevab\u0131ndan ba\u015fka bir \u015fey de\u011fildi: &#8220;Ben ger\u00e7ekte kimim?&#8221;<\/p>\n","protected":false},"featured_media":24178,"comment_status":"closed","ping_status":"closed","template":"","meta":[],"product_brand":[],"product_cat":[26],"product_tag":[],"class_list":{"0":"post-24177","1":"product","2":"type-product","3":"status-publish","4":"has-post-thumbnail","6":"product_cat-deneme","8":"first","9":"instock","10":"sale","11":"shipping-taxable","12":"purchasable","13":"product-type-simple"},"_links":{"self":[{"href":"https:\/\/kutluyayinevi.com\/magaza\/wp-json\/wp\/v2\/product\/24177","targetHints":{"allow":["GET"]}}],"collection":[{"href":"https:\/\/kutluyayinevi.com\/magaza\/wp-json\/wp\/v2\/product"}],"about":[{"href":"https:\/\/kutluyayinevi.com\/magaza\/wp-json\/wp\/v2\/types\/product"}],"replies":[{"embeddable":true,"href":"https:\/\/kutluyayinevi.com\/magaza\/wp-json\/wp\/v2\/comments?post=24177"}],"wp:featuredmedia":[{"embeddable":true,"href":"https:\/\/kutluyayinevi.com\/magaza\/wp-json\/wp\/v2\/media\/24178"}],"wp:attachment":[{"href":"https:\/\/kutluyayinevi.com\/magaza\/wp-json\/wp\/v2\/media?parent=24177"}],"wp:term":[{"taxonomy":"product_brand","embeddable":true,"href":"https:\/\/kutluyayinevi.com\/magaza\/wp-json\/wp\/v2\/product_brand?post=24177"},{"taxonomy":"product_cat","embeddable":true,"href":"https:\/\/kutluyayinevi.com\/magaza\/wp-json\/wp\/v2\/product_cat?post=24177"},{"taxonomy":"product_tag","embeddable":true,"href":"https:\/\/kutluyayinevi.com\/magaza\/wp-json\/wp\/v2\/product_tag?post=24177"}],"curies":[{"name":"wp","href":"https:\/\/api.w.org\/{rel}","templated":true}]}}