{"id":24184,"date":"2026-01-13T15:28:24","date_gmt":"2026-01-13T12:28:24","guid":{"rendered":"https:\/\/kutluyayinevi.com\/magaza\/?post_type=product&#038;p=24184"},"modified":"2026-02-19T17:24:20","modified_gmt":"2026-02-19T14:24:20","slug":"direnc-adil-goksin","status":"publish","type":"product","link":"https:\/\/kutluyayinevi.com\/magaza\/urun\/direnc-adil-goksin\/","title":{"rendered":"Diren\u00e7 &#8211; Adil G\u00f6k\u015fin"},"content":{"rendered":"<p>inanc\u0131m\u0131 s\u0131n\u0131yor bu kas\u0131mlar l\u00fctfen anla<br \/>\nate\u015f ve k\u00fcl\u00fcn a\u011f\u0131rl\u0131\u011f\u0131 \u00e7\u00f6kt\u00fc kaburgalar\u0131ma<br \/>\nb\u00fcy\u00fck bir yama ya\u015fad\u0131\u011f\u0131m her an \u00f6mr\u00fcme<br \/>\nsanr\u0131lar\u0131mdaki aral\u0131k\u2019tan s\u0131z\u0131yor an\u0131lar\u0131n<br \/>\nharlan\u0131yor yang\u0131n\u0131n kaybetti\u011fim kavgalarda<br \/>\nbu ak\u0131m\u0131 kald\u0131rm\u0131yor kalbimdeki diren\u00e7<br \/>\nmevzilerinde \u00e7i\u00e7ekler soluyor zaman\u0131n<\/p>\n","protected":false},"excerpt":{"rendered":"<p>inanc\u0131m\u0131 s\u0131n\u0131yor bu kas\u0131mlar l\u00fctfen anla ate\u015f ve k\u00fcl\u00fcn a\u011f\u0131rl\u0131\u011f\u0131 \u00e7\u00f6kt\u00fc kaburgalar\u0131ma b\u00fcy\u00fck bir yama ya\u015fad\u0131\u011f\u0131m her an \u00f6mr\u00fcme sanr\u0131lar\u0131mdaki aral\u0131k\u2019tan s\u0131z\u0131yor an\u0131lar\u0131n harlan\u0131yor yang\u0131n\u0131n kaybetti\u011fim kavgalarda bu ak\u0131m\u0131 kald\u0131rm\u0131yor kalbimdeki diren\u00e7 mevzilerinde \u00e7i\u00e7ekler soluyor zaman\u0131n<\/p>\n","protected":false},"featured_media":24185,"comment_status":"closed","ping_status":"closed","template":"","meta":[],"product_brand":[],"product_cat":[22],"product_tag":[],"class_list":{"0":"post-24184","1":"product","2":"type-product","3":"status-publish","4":"has-post-thumbnail","6":"product_cat-siir","8":"first","9":"instock","10":"sale","11":"shipping-taxable","12":"purchasable","13":"product-type-simple"},"_links":{"self":[{"href":"https:\/\/kutluyayinevi.com\/magaza\/wp-json\/wp\/v2\/product\/24184","targetHints":{"allow":["GET"]}}],"collection":[{"href":"https:\/\/kutluyayinevi.com\/magaza\/wp-json\/wp\/v2\/product"}],"about":[{"href":"https:\/\/kutluyayinevi.com\/magaza\/wp-json\/wp\/v2\/types\/product"}],"replies":[{"embeddable":true,"href":"https:\/\/kutluyayinevi.com\/magaza\/wp-json\/wp\/v2\/comments?post=24184"}],"wp:featuredmedia":[{"embeddable":true,"href":"https:\/\/kutluyayinevi.com\/magaza\/wp-json\/wp\/v2\/media\/24185"}],"wp:attachment":[{"href":"https:\/\/kutluyayinevi.com\/magaza\/wp-json\/wp\/v2\/media?parent=24184"}],"wp:term":[{"taxonomy":"product_brand","embeddable":true,"href":"https:\/\/kutluyayinevi.com\/magaza\/wp-json\/wp\/v2\/product_brand?post=24184"},{"taxonomy":"product_cat","embeddable":true,"href":"https:\/\/kutluyayinevi.com\/magaza\/wp-json\/wp\/v2\/product_cat?post=24184"},{"taxonomy":"product_tag","embeddable":true,"href":"https:\/\/kutluyayinevi.com\/magaza\/wp-json\/wp\/v2\/product_tag?post=24184"}],"curies":[{"name":"wp","href":"https:\/\/api.w.org\/{rel}","templated":true}]}}