{"id":24188,"date":"2026-01-13T15:38:22","date_gmt":"2026-01-13T12:38:22","guid":{"rendered":"https:\/\/kutluyayinevi.com\/magaza\/?post_type=product&#038;p=24188"},"modified":"2026-01-13T15:38:22","modified_gmt":"2026-01-13T12:38:22","slug":"bin-bir-kere-uc-naim-cagman","status":"publish","type":"product","link":"https:\/\/kutluyayinevi.com\/magaza\/urun\/bin-bir-kere-uc-naim-cagman\/","title":{"rendered":"Bin Bir Kere \u00dc\u00e7 &#8211; Naim \u00c7a\u011fman"},"content":{"rendered":"<div class=\"css-1bqf25i\">\n<div class=\"ak-renderer-document\">\n<p data-renderer-start-pos=\"1\">Bu kitap, her biri Prof. Dr. Naim \u00c7a\u011fman\u2019n\u0131n yazd\u0131\u011f\u01311001 tane \u015fiir ve \u00f6zdeyi\u015fi i\u00e7eren<\/p>\n<p data-renderer-start-pos=\"88\">Bin Bir Kere Bir (1-1001),<br \/>\nBin Bir Kere \u0130ki (1002-2002) kitaplar\u0131n\u0131n devam\u0131 olan<br \/>\nBin Bir Kere \u00dc\u00e7 (2003-3003) serinin \u00fc\u00e7\u00fcnc\u00fcs\u00fcd\u00fcr.<\/p>\n<p data-renderer-start-pos=\"219\">Bu kitap, sizi de\u011fi\u015ftirmiyorsa,<br \/>\nGe\u00e7ip kar\u015f\u0131n\u0131za ele\u015ftirmiyorsa,<br \/>\nSat\u0131r aralar\u0131 d\u00fc\u015f\u00fcnd\u00fcrm\u00fcyorsa,<br \/>\nHen\u00fcz okumad\u0131n\u0131z demektir.<\/p>\n<\/div>\n<\/div>\n","protected":false},"excerpt":{"rendered":"<p>Bu kitap, her biri Prof. Dr. Naim \u00c7a\u011fman\u2019n\u0131n yazd\u0131\u011f\u01311001 tane \u015fiir ve \u00f6zdeyi\u015fi i\u00e7eren Bin Bir Kere Bir (1-1001), Bin Bir Kere \u0130ki (1002-2002) kitaplar\u0131n\u0131n devam\u0131 olan Bin Bir Kere \u00dc\u00e7 (2003-3003) serinin \u00fc\u00e7\u00fcnc\u00fcs\u00fcd\u00fcr. Bu kitap, sizi de\u011fi\u015ftirmiyorsa, Ge\u00e7ip kar\u015f\u0131n\u0131za ele\u015ftirmiyorsa, Sat\u0131r aralar\u0131 d\u00fc\u015f\u00fcnd\u00fcrm\u00fcyorsa, Hen\u00fcz okumad\u0131n\u0131z demektir.<\/p>\n","protected":false},"featured_media":24189,"comment_status":"closed","ping_status":"closed","template":"","meta":[],"product_brand":[],"product_cat":[22],"product_tag":[],"class_list":{"0":"post-24188","1":"product","2":"type-product","3":"status-publish","4":"has-post-thumbnail","6":"product_cat-siir","8":"first","9":"instock","10":"sale","11":"shipping-taxable","12":"purchasable","13":"product-type-simple"},"_links":{"self":[{"href":"https:\/\/kutluyayinevi.com\/magaza\/wp-json\/wp\/v2\/product\/24188","targetHints":{"allow":["GET"]}}],"collection":[{"href":"https:\/\/kutluyayinevi.com\/magaza\/wp-json\/wp\/v2\/product"}],"about":[{"href":"https:\/\/kutluyayinevi.com\/magaza\/wp-json\/wp\/v2\/types\/product"}],"replies":[{"embeddable":true,"href":"https:\/\/kutluyayinevi.com\/magaza\/wp-json\/wp\/v2\/comments?post=24188"}],"wp:featuredmedia":[{"embeddable":true,"href":"https:\/\/kutluyayinevi.com\/magaza\/wp-json\/wp\/v2\/media\/24189"}],"wp:attachment":[{"href":"https:\/\/kutluyayinevi.com\/magaza\/wp-json\/wp\/v2\/media?parent=24188"}],"wp:term":[{"taxonomy":"product_brand","embeddable":true,"href":"https:\/\/kutluyayinevi.com\/magaza\/wp-json\/wp\/v2\/product_brand?post=24188"},{"taxonomy":"product_cat","embeddable":true,"href":"https:\/\/kutluyayinevi.com\/magaza\/wp-json\/wp\/v2\/product_cat?post=24188"},{"taxonomy":"product_tag","embeddable":true,"href":"https:\/\/kutluyayinevi.com\/magaza\/wp-json\/wp\/v2\/product_tag?post=24188"}],"curies":[{"name":"wp","href":"https:\/\/api.w.org\/{rel}","templated":true}]}}