{"id":24199,"date":"2026-01-27T18:29:08","date_gmt":"2026-01-27T15:29:08","guid":{"rendered":"https:\/\/kutluyayinevi.com\/magaza\/?post_type=product&#038;p=24199"},"modified":"2026-02-02T13:11:36","modified_gmt":"2026-02-02T10:11:36","slug":"zarif-bi-gece-eray-gencer","status":"publish","type":"product","link":"https:\/\/kutluyayinevi.com\/magaza\/urun\/zarif-bi-gece-eray-gencer\/","title":{"rendered":"Za\u2019rif Bi Gece &#8211; Eray Gen\u00e7er"},"content":{"rendered":"<p>Bazen bir \u00f6m\u00fcr<br \/>\nbazen de bir g\u00fcn<br \/>\nu\u011fruna\u2026<\/p>\n","protected":false},"excerpt":{"rendered":"<p>Bazen bir \u00f6m\u00fcr bazen de bir g\u00fcn u\u011fruna\u2026<\/p>\n","protected":false},"featured_media":24200,"comment_status":"closed","ping_status":"closed","template":"","meta":[],"product_brand":[],"product_cat":[24],"product_tag":[],"class_list":{"0":"post-24199","1":"product","2":"type-product","3":"status-publish","4":"has-post-thumbnail","6":"product_cat-roman","8":"first","9":"instock","10":"sale","11":"shipping-taxable","12":"purchasable","13":"product-type-simple"},"_links":{"self":[{"href":"https:\/\/kutluyayinevi.com\/magaza\/wp-json\/wp\/v2\/product\/24199","targetHints":{"allow":["GET"]}}],"collection":[{"href":"https:\/\/kutluyayinevi.com\/magaza\/wp-json\/wp\/v2\/product"}],"about":[{"href":"https:\/\/kutluyayinevi.com\/magaza\/wp-json\/wp\/v2\/types\/product"}],"replies":[{"embeddable":true,"href":"https:\/\/kutluyayinevi.com\/magaza\/wp-json\/wp\/v2\/comments?post=24199"}],"wp:featuredmedia":[{"embeddable":true,"href":"https:\/\/kutluyayinevi.com\/magaza\/wp-json\/wp\/v2\/media\/24200"}],"wp:attachment":[{"href":"https:\/\/kutluyayinevi.com\/magaza\/wp-json\/wp\/v2\/media?parent=24199"}],"wp:term":[{"taxonomy":"product_brand","embeddable":true,"href":"https:\/\/kutluyayinevi.com\/magaza\/wp-json\/wp\/v2\/product_brand?post=24199"},{"taxonomy":"product_cat","embeddable":true,"href":"https:\/\/kutluyayinevi.com\/magaza\/wp-json\/wp\/v2\/product_cat?post=24199"},{"taxonomy":"product_tag","embeddable":true,"href":"https:\/\/kutluyayinevi.com\/magaza\/wp-json\/wp\/v2\/product_tag?post=24199"}],"curies":[{"name":"wp","href":"https:\/\/api.w.org\/{rel}","templated":true}]}}