{"id":24206,"date":"2026-01-28T13:49:35","date_gmt":"2026-01-28T10:49:35","guid":{"rendered":"https:\/\/kutluyayinevi.com\/magaza\/?post_type=product&#038;p=24206"},"modified":"2026-01-28T13:49:35","modified_gmt":"2026-01-28T10:49:35","slug":"batmaz-gemi-titanic-ilbars-ozen","status":"publish","type":"product","link":"https:\/\/kutluyayinevi.com\/magaza\/urun\/batmaz-gemi-titanic-ilbars-ozen\/","title":{"rendered":"Batmaz Gemi Titanic &#8211; \u0130lbars \u00d6zen"},"content":{"rendered":"<p>Kitab\u0131m\u0131n ad\u0131n\u0131n Batmaz Gemi Titanic olmas\u0131, Titanic gemisinin 1911 y\u0131l\u0131nda yap\u0131m\u0131na ba\u015flay\u0131p 1912 tarihinde suya indirilmesi ile o d\u00f6nemin d\u00fcnyan\u0131n en b\u00fcy\u00fck transatlantik gemisi olarak Buz da\u011f\u0131na \u00e7arp\u0131p batmas\u0131 olmu\u015ftur. Titanic\u2019in hatalar zinciri y\u00fcz\u00fcnden batmas\u0131ndan, buzda\u011f\u0131n\u0131n foto\u011fraf\u0131na kadar her \u015fey kitab\u0131mda mevcuttur. Bu kitab\u0131 sat\u0131n alma nedeniniz tek bir hususa ba\u011fl\u0131 de\u011fildir. Ancak sat\u0131n alma nedenlerinizden biri bir bilimle ilgili kitab\u0131 okuyup daha \u00e7ok bilim sevgisi a\u015f\u0131layacak olmas\u0131d\u0131r. Bu kitab\u0131 vakit ay\u0131r\u0131p okuman\u0131z da tek bir hususa ba\u011fl\u0131 de\u011fildir. Ancak yine de okuma nedenlerinizden biri bir Geminin batma hikayesini \u00f6\u011frenecek olman\u0131zd\u0131r.<\/p>\n","protected":false},"excerpt":{"rendered":"<p>Kitab\u0131m\u0131n ad\u0131n\u0131n Batmaz Gemi Titanic olmas\u0131, Titanic gemisinin 1911 y\u0131l\u0131nda yap\u0131m\u0131na ba\u015flay\u0131p 1912 tarihinde suya indirilmesi ile o d\u00f6nemin d\u00fcnyan\u0131n en b\u00fcy\u00fck transatlantik gemisi olarak Buz da\u011f\u0131na \u00e7arp\u0131p batmas\u0131 olmu\u015ftur. Titanic\u2019in hatalar zinciri y\u00fcz\u00fcnden batmas\u0131ndan, buzda\u011f\u0131n\u0131n foto\u011fraf\u0131na kadar her \u015fey kitab\u0131mda mevcuttur. Bu kitab\u0131 sat\u0131n alma nedeniniz tek bir hususa ba\u011fl\u0131 de\u011fildir. Ancak sat\u0131n alma [&hellip;]<\/p>\n","protected":false},"featured_media":24207,"comment_status":"closed","ping_status":"closed","template":"","meta":[],"product_brand":[],"product_cat":[107],"product_tag":[],"class_list":{"0":"post-24206","1":"product","2":"type-product","3":"status-publish","4":"has-post-thumbnail","6":"product_cat-oyku","8":"first","9":"instock","10":"sale","11":"shipping-taxable","12":"purchasable","13":"product-type-simple"},"_links":{"self":[{"href":"https:\/\/kutluyayinevi.com\/magaza\/wp-json\/wp\/v2\/product\/24206","targetHints":{"allow":["GET"]}}],"collection":[{"href":"https:\/\/kutluyayinevi.com\/magaza\/wp-json\/wp\/v2\/product"}],"about":[{"href":"https:\/\/kutluyayinevi.com\/magaza\/wp-json\/wp\/v2\/types\/product"}],"replies":[{"embeddable":true,"href":"https:\/\/kutluyayinevi.com\/magaza\/wp-json\/wp\/v2\/comments?post=24206"}],"wp:featuredmedia":[{"embeddable":true,"href":"https:\/\/kutluyayinevi.com\/magaza\/wp-json\/wp\/v2\/media\/24207"}],"wp:attachment":[{"href":"https:\/\/kutluyayinevi.com\/magaza\/wp-json\/wp\/v2\/media?parent=24206"}],"wp:term":[{"taxonomy":"product_brand","embeddable":true,"href":"https:\/\/kutluyayinevi.com\/magaza\/wp-json\/wp\/v2\/product_brand?post=24206"},{"taxonomy":"product_cat","embeddable":true,"href":"https:\/\/kutluyayinevi.com\/magaza\/wp-json\/wp\/v2\/product_cat?post=24206"},{"taxonomy":"product_tag","embeddable":true,"href":"https:\/\/kutluyayinevi.com\/magaza\/wp-json\/wp\/v2\/product_tag?post=24206"}],"curies":[{"name":"wp","href":"https:\/\/api.w.org\/{rel}","templated":true}]}}