{"id":24223,"date":"2026-02-02T13:54:52","date_gmt":"2026-02-02T10:54:52","guid":{"rendered":"https:\/\/kutluyayinevi.com\/magaza\/?post_type=product&#038;p=24223"},"modified":"2026-02-02T13:54:52","modified_gmt":"2026-02-02T10:54:52","slug":"acelya-ibrahim-oghan","status":"publish","type":"product","link":"https:\/\/kutluyayinevi.com\/magaza\/urun\/acelya-ibrahim-oghan\/","title":{"rendered":"A\u00e7elya &#8211; \u0130brahim O\u011fhan"},"content":{"rendered":"<p>D\u00fc\u015f\u00fcnd\u00fcm,<br \/>\nBelki de \u00f6l\u00fcm<br \/>\nElektrikler kesilince<br \/>\nTelevizyonun c\u0131z\u0131rt\u0131s\u0131d\u0131r;<br \/>\nKimse \u015fa\u015f\u0131rmaz<br \/>\nBiraz k\u0131zar,<br \/>\nSonra mum yakar<\/p>\n","protected":false},"excerpt":{"rendered":"<p>D\u00fc\u015f\u00fcnd\u00fcm, Belki de \u00f6l\u00fcm Elektrikler kesilince Televizyonun c\u0131z\u0131rt\u0131s\u0131d\u0131r; Kimse \u015fa\u015f\u0131rmaz Biraz k\u0131zar, Sonra mum yakar<\/p>\n","protected":false},"featured_media":24224,"comment_status":"closed","ping_status":"closed","template":"","meta":[],"product_brand":[],"product_cat":[22],"product_tag":[],"class_list":{"0":"post-24223","1":"product","2":"type-product","3":"status-publish","4":"has-post-thumbnail","6":"product_cat-siir","8":"first","9":"instock","10":"sale","11":"shipping-taxable","12":"purchasable","13":"product-type-simple"},"_links":{"self":[{"href":"https:\/\/kutluyayinevi.com\/magaza\/wp-json\/wp\/v2\/product\/24223","targetHints":{"allow":["GET"]}}],"collection":[{"href":"https:\/\/kutluyayinevi.com\/magaza\/wp-json\/wp\/v2\/product"}],"about":[{"href":"https:\/\/kutluyayinevi.com\/magaza\/wp-json\/wp\/v2\/types\/product"}],"replies":[{"embeddable":true,"href":"https:\/\/kutluyayinevi.com\/magaza\/wp-json\/wp\/v2\/comments?post=24223"}],"wp:featuredmedia":[{"embeddable":true,"href":"https:\/\/kutluyayinevi.com\/magaza\/wp-json\/wp\/v2\/media\/24224"}],"wp:attachment":[{"href":"https:\/\/kutluyayinevi.com\/magaza\/wp-json\/wp\/v2\/media?parent=24223"}],"wp:term":[{"taxonomy":"product_brand","embeddable":true,"href":"https:\/\/kutluyayinevi.com\/magaza\/wp-json\/wp\/v2\/product_brand?post=24223"},{"taxonomy":"product_cat","embeddable":true,"href":"https:\/\/kutluyayinevi.com\/magaza\/wp-json\/wp\/v2\/product_cat?post=24223"},{"taxonomy":"product_tag","embeddable":true,"href":"https:\/\/kutluyayinevi.com\/magaza\/wp-json\/wp\/v2\/product_tag?post=24223"}],"curies":[{"name":"wp","href":"https:\/\/api.w.org\/{rel}","templated":true}]}}