{"id":24229,"date":"2026-02-17T09:52:40","date_gmt":"2026-02-17T06:52:40","guid":{"rendered":"https:\/\/kutluyayinevi.com\/magaza\/?post_type=product&#038;p=24229"},"modified":"2026-02-17T09:52:41","modified_gmt":"2026-02-17T06:52:41","slug":"aska-veda-yusuf-deli","status":"publish","type":"product","link":"https:\/\/kutluyayinevi.com\/magaza\/urun\/aska-veda-yusuf-deli\/","title":{"rendered":"A\u015fka Veda &#8211; Yusuf Deli"},"content":{"rendered":"<p>Bu sayfalarda okuyacaklar\u0131m\u0131z; bir vedan\u0131n so\u011fuk nefesi, bir k\u0131rg\u0131nl\u0131\u011f\u0131n en \u00e7\u0131plak hali, bir sitemin sat\u0131rlara d\u00f6k\u00fclm\u00fc\u015f yank\u0131s\u0131d\u0131r. Her dize, bir zamanlar titreyen ellerimle tuttu\u011fum, \u015fimdi ise u\u00e7urum kenar\u0131nda b\u0131rakt\u0131\u011f\u0131m bir duygronun a\u011f\u0131rl\u0131\u011f\u0131n\u0131 ta\u015f\u0131r.<\/p>\n","protected":false},"excerpt":{"rendered":"<p>Bu sayfalarda okuyacaklar\u0131m\u0131z; bir vedan\u0131n so\u011fuk nefesi, bir k\u0131rg\u0131nl\u0131\u011f\u0131n en \u00e7\u0131plak hali, bir sitemin sat\u0131rlara d\u00f6k\u00fclm\u00fc\u015f yank\u0131s\u0131d\u0131r. Her dize, bir zamanlar titreyen ellerimle tuttu\u011fum, \u015fimdi ise u\u00e7urum kenar\u0131nda b\u0131rakt\u0131\u011f\u0131m bir duygronun a\u011f\u0131rl\u0131\u011f\u0131n\u0131 ta\u015f\u0131r.<\/p>\n","protected":false},"featured_media":24230,"comment_status":"closed","ping_status":"closed","template":"","meta":[],"product_brand":[],"product_cat":[22],"product_tag":[],"class_list":{"0":"post-24229","1":"product","2":"type-product","3":"status-publish","4":"has-post-thumbnail","6":"product_cat-siir","8":"first","9":"instock","10":"sale","11":"shipping-taxable","12":"purchasable","13":"product-type-simple"},"_links":{"self":[{"href":"https:\/\/kutluyayinevi.com\/magaza\/wp-json\/wp\/v2\/product\/24229","targetHints":{"allow":["GET"]}}],"collection":[{"href":"https:\/\/kutluyayinevi.com\/magaza\/wp-json\/wp\/v2\/product"}],"about":[{"href":"https:\/\/kutluyayinevi.com\/magaza\/wp-json\/wp\/v2\/types\/product"}],"replies":[{"embeddable":true,"href":"https:\/\/kutluyayinevi.com\/magaza\/wp-json\/wp\/v2\/comments?post=24229"}],"wp:featuredmedia":[{"embeddable":true,"href":"https:\/\/kutluyayinevi.com\/magaza\/wp-json\/wp\/v2\/media\/24230"}],"wp:attachment":[{"href":"https:\/\/kutluyayinevi.com\/magaza\/wp-json\/wp\/v2\/media?parent=24229"}],"wp:term":[{"taxonomy":"product_brand","embeddable":true,"href":"https:\/\/kutluyayinevi.com\/magaza\/wp-json\/wp\/v2\/product_brand?post=24229"},{"taxonomy":"product_cat","embeddable":true,"href":"https:\/\/kutluyayinevi.com\/magaza\/wp-json\/wp\/v2\/product_cat?post=24229"},{"taxonomy":"product_tag","embeddable":true,"href":"https:\/\/kutluyayinevi.com\/magaza\/wp-json\/wp\/v2\/product_tag?post=24229"}],"curies":[{"name":"wp","href":"https:\/\/api.w.org\/{rel}","templated":true}]}}