{"id":24231,"date":"2026-02-17T09:55:14","date_gmt":"2026-02-17T06:55:14","guid":{"rendered":"https:\/\/kutluyayinevi.com\/magaza\/?post_type=product&#038;p=24231"},"modified":"2026-02-17T09:55:14","modified_gmt":"2026-02-17T06:55:14","slug":"ben-bunu-hic-boyle-dusunmemistim-nurgul-bayer","status":"publish","type":"product","link":"https:\/\/kutluyayinevi.com\/magaza\/urun\/ben-bunu-hic-boyle-dusunmemistim-nurgul-bayer\/","title":{"rendered":"Ben Bunu Hi\u00e7 B\u00f6yle D\u00fc\u015f\u00fcnmemi\u015ftim &#8211; Nurg\u00fcl Bayer"},"content":{"rendered":"<p>Baz\u0131 \u015feyleri ad\u0131yla s\u00f6ylemeyiz.<br \/>\nBaz\u0131 duygular\u0131 k\u0131sarak ya\u015far\u0131z.<br \/>\nBaz\u0131 anlar\u0131 ge\u00e7sin diye de\u011fil, yerine otursun diye bekleriz.<br \/>\nBu kitap;<br \/>\nal\u0131\u015fmakla \u015fifa san\u0131lan yerleri, sessizlikle \u00f6rt\u00fclen sorular\u0131, g\u00fcndelik hayat\u0131n i\u00e7indeki kadim bilgileri yeniden d\u00fc\u015f\u00fcnmeye \u00e7a\u011f\u0131r\u0131yor.<br \/>\nCevap vermiyor.<br \/>\n\u00d6\u011fretmiyor.<br \/>\nSadece duruyor ve okurun i\u00e7inden sessizce ge\u00e7en bir c\u00fcmleye e\u015flik ediyor:<br \/>\nBen bunu hi\u00e7 b\u00f6yle d\u00fc\u015f\u00fcnmemi\u015ftim.<br \/>\nBu kitap, okunduktan sonra kapanmaz. \u0130\u00e7eride bir yerde kal\u0131r.<\/p>\n","protected":false},"excerpt":{"rendered":"<p>Baz\u0131 \u015feyleri ad\u0131yla s\u00f6ylemeyiz. Baz\u0131 duygular\u0131 k\u0131sarak ya\u015far\u0131z. Baz\u0131 anlar\u0131 ge\u00e7sin diye de\u011fil, yerine otursun diye bekleriz. Bu kitap; al\u0131\u015fmakla \u015fifa san\u0131lan yerleri, sessizlikle \u00f6rt\u00fclen sorular\u0131, g\u00fcndelik hayat\u0131n i\u00e7indeki kadim bilgileri yeniden d\u00fc\u015f\u00fcnmeye \u00e7a\u011f\u0131r\u0131yor. Cevap vermiyor. \u00d6\u011fretmiyor. Sadece duruyor ve okurun i\u00e7inden sessizce ge\u00e7en bir c\u00fcmleye e\u015flik ediyor: Ben bunu hi\u00e7 b\u00f6yle d\u00fc\u015f\u00fcnmemi\u015ftim. Bu kitap, [&hellip;]<\/p>\n","protected":false},"featured_media":24232,"comment_status":"closed","ping_status":"closed","template":"","meta":[],"product_brand":[],"product_cat":[26],"product_tag":[],"class_list":{"0":"post-24231","1":"product","2":"type-product","3":"status-publish","4":"has-post-thumbnail","6":"product_cat-deneme","8":"first","9":"instock","10":"sale","11":"shipping-taxable","12":"purchasable","13":"product-type-simple"},"_links":{"self":[{"href":"https:\/\/kutluyayinevi.com\/magaza\/wp-json\/wp\/v2\/product\/24231","targetHints":{"allow":["GET"]}}],"collection":[{"href":"https:\/\/kutluyayinevi.com\/magaza\/wp-json\/wp\/v2\/product"}],"about":[{"href":"https:\/\/kutluyayinevi.com\/magaza\/wp-json\/wp\/v2\/types\/product"}],"replies":[{"embeddable":true,"href":"https:\/\/kutluyayinevi.com\/magaza\/wp-json\/wp\/v2\/comments?post=24231"}],"wp:featuredmedia":[{"embeddable":true,"href":"https:\/\/kutluyayinevi.com\/magaza\/wp-json\/wp\/v2\/media\/24232"}],"wp:attachment":[{"href":"https:\/\/kutluyayinevi.com\/magaza\/wp-json\/wp\/v2\/media?parent=24231"}],"wp:term":[{"taxonomy":"product_brand","embeddable":true,"href":"https:\/\/kutluyayinevi.com\/magaza\/wp-json\/wp\/v2\/product_brand?post=24231"},{"taxonomy":"product_cat","embeddable":true,"href":"https:\/\/kutluyayinevi.com\/magaza\/wp-json\/wp\/v2\/product_cat?post=24231"},{"taxonomy":"product_tag","embeddable":true,"href":"https:\/\/kutluyayinevi.com\/magaza\/wp-json\/wp\/v2\/product_tag?post=24231"}],"curies":[{"name":"wp","href":"https:\/\/api.w.org\/{rel}","templated":true}]}}