{"id":24235,"date":"2026-02-17T09:59:53","date_gmt":"2026-02-17T06:59:53","guid":{"rendered":"https:\/\/kutluyayinevi.com\/magaza\/?post_type=product&#038;p=24235"},"modified":"2026-02-17T09:59:54","modified_gmt":"2026-02-17T06:59:54","slug":"uzla-kelam-baris-ozbek","status":"publish","type":"product","link":"https:\/\/kutluyayinevi.com\/magaza\/urun\/uzla-kelam-baris-ozbek\/","title":{"rendered":"Uzla Kelam &#8211; Bar\u0131\u015f \u00d6zbek"},"content":{"rendered":"<p>O g\u00fc\u00e7l\u00fc devler dururken;<br \/>\nhakl\u0131 kar\u0131ncalarla yol<br \/>\ny\u00fcr\u00fcyen, onlara yolda\u015fl\u0131k<br \/>\nedendir insan.<br \/>\nO insan bilir ki;<br \/>\nhakikat ehli azlar,<br \/>\n\u00e7oktan fazlad\u0131r.<\/p>\n","protected":false},"excerpt":{"rendered":"<p>O g\u00fc\u00e7l\u00fc devler dururken; hakl\u0131 kar\u0131ncalarla yol y\u00fcr\u00fcyen, onlara yolda\u015fl\u0131k edendir insan. O insan bilir ki; hakikat ehli azlar, \u00e7oktan fazlad\u0131r.<\/p>\n","protected":false},"featured_media":24236,"comment_status":"closed","ping_status":"closed","template":"","meta":[],"product_brand":[],"product_cat":[23],"product_tag":[],"class_list":{"0":"post-24235","1":"product","2":"type-product","3":"status-publish","4":"has-post-thumbnail","6":"product_cat-hikaye","8":"first","9":"instock","10":"sale","11":"shipping-taxable","12":"purchasable","13":"product-type-simple"},"_links":{"self":[{"href":"https:\/\/kutluyayinevi.com\/magaza\/wp-json\/wp\/v2\/product\/24235","targetHints":{"allow":["GET"]}}],"collection":[{"href":"https:\/\/kutluyayinevi.com\/magaza\/wp-json\/wp\/v2\/product"}],"about":[{"href":"https:\/\/kutluyayinevi.com\/magaza\/wp-json\/wp\/v2\/types\/product"}],"replies":[{"embeddable":true,"href":"https:\/\/kutluyayinevi.com\/magaza\/wp-json\/wp\/v2\/comments?post=24235"}],"wp:featuredmedia":[{"embeddable":true,"href":"https:\/\/kutluyayinevi.com\/magaza\/wp-json\/wp\/v2\/media\/24236"}],"wp:attachment":[{"href":"https:\/\/kutluyayinevi.com\/magaza\/wp-json\/wp\/v2\/media?parent=24235"}],"wp:term":[{"taxonomy":"product_brand","embeddable":true,"href":"https:\/\/kutluyayinevi.com\/magaza\/wp-json\/wp\/v2\/product_brand?post=24235"},{"taxonomy":"product_cat","embeddable":true,"href":"https:\/\/kutluyayinevi.com\/magaza\/wp-json\/wp\/v2\/product_cat?post=24235"},{"taxonomy":"product_tag","embeddable":true,"href":"https:\/\/kutluyayinevi.com\/magaza\/wp-json\/wp\/v2\/product_tag?post=24235"}],"curies":[{"name":"wp","href":"https:\/\/api.w.org\/{rel}","templated":true}]}}