{"id":24240,"date":"2026-02-24T12:18:58","date_gmt":"2026-02-24T09:18:58","guid":{"rendered":"https:\/\/kutluyayinevi.com\/magaza\/?post_type=product&#038;p=24240"},"modified":"2026-02-24T12:18:58","modified_gmt":"2026-02-24T09:18:58","slug":"hukumdarlar-padisahlar-liderler-tarihe-not-dusenler-zahide-usta-kopuz","status":"publish","type":"product","link":"https:\/\/kutluyayinevi.com\/magaza\/urun\/hukumdarlar-padisahlar-liderler-tarihe-not-dusenler-zahide-usta-kopuz\/","title":{"rendered":"H\u00fck\u00fcmdarlar Padi\u015fahlar Liderler &#8211; Tarihe Not D\u00fc\u015fenler &#8211; Zahide Usta Kopuz"},"content":{"rendered":"<p data-renderer-start-pos=\"13\">&#8220;Ecdad tarih yazd\u0131.<br \/>\nBizde okuyal\u0131m dedik.<br \/>\nHem okudum Hemi de yazd\u0131m:)<br \/>\n(Ama tam anlayamad\u0131m)<\/p>\n<p data-renderer-start-pos=\"106\">Elbet burada anlat\u0131lamaz.<br \/>\nKoca T\u00fcrk&#8217;\u00fcn t\u00e2rihi.<br \/>\nL\u00e2kin bende ara\u015ft\u0131rd\u0131m.<br \/>\n\u00d6zet yazd\u0131m z\u00e2hiri.<\/p>\n","protected":false},"excerpt":{"rendered":"<p>&#8220;Ecdad tarih yazd\u0131. Bizde okuyal\u0131m dedik. Hem okudum Hemi de yazd\u0131m:) (Ama tam anlayamad\u0131m) Elbet burada anlat\u0131lamaz. Koca T\u00fcrk&#8217;\u00fcn t\u00e2rihi. L\u00e2kin bende ara\u015ft\u0131rd\u0131m. \u00d6zet yazd\u0131m z\u00e2hiri.<\/p>\n","protected":false},"featured_media":24241,"comment_status":"closed","ping_status":"closed","template":"","meta":[],"product_brand":[],"product_cat":[22],"product_tag":[],"class_list":{"0":"post-24240","1":"product","2":"type-product","3":"status-publish","4":"has-post-thumbnail","6":"product_cat-siir","8":"first","9":"instock","10":"sale","11":"shipping-taxable","12":"purchasable","13":"product-type-simple"},"_links":{"self":[{"href":"https:\/\/kutluyayinevi.com\/magaza\/wp-json\/wp\/v2\/product\/24240","targetHints":{"allow":["GET"]}}],"collection":[{"href":"https:\/\/kutluyayinevi.com\/magaza\/wp-json\/wp\/v2\/product"}],"about":[{"href":"https:\/\/kutluyayinevi.com\/magaza\/wp-json\/wp\/v2\/types\/product"}],"replies":[{"embeddable":true,"href":"https:\/\/kutluyayinevi.com\/magaza\/wp-json\/wp\/v2\/comments?post=24240"}],"wp:featuredmedia":[{"embeddable":true,"href":"https:\/\/kutluyayinevi.com\/magaza\/wp-json\/wp\/v2\/media\/24241"}],"wp:attachment":[{"href":"https:\/\/kutluyayinevi.com\/magaza\/wp-json\/wp\/v2\/media?parent=24240"}],"wp:term":[{"taxonomy":"product_brand","embeddable":true,"href":"https:\/\/kutluyayinevi.com\/magaza\/wp-json\/wp\/v2\/product_brand?post=24240"},{"taxonomy":"product_cat","embeddable":true,"href":"https:\/\/kutluyayinevi.com\/magaza\/wp-json\/wp\/v2\/product_cat?post=24240"},{"taxonomy":"product_tag","embeddable":true,"href":"https:\/\/kutluyayinevi.com\/magaza\/wp-json\/wp\/v2\/product_tag?post=24240"}],"curies":[{"name":"wp","href":"https:\/\/api.w.org\/{rel}","templated":true}]}}