{"id":24242,"date":"2026-02-24T12:20:51","date_gmt":"2026-02-24T09:20:51","guid":{"rendered":"https:\/\/kutluyayinevi.com\/magaza\/?post_type=product&#038;p=24242"},"modified":"2026-02-24T12:20:51","modified_gmt":"2026-02-24T09:20:51","slug":"mucevher-ve-pirlanta-satis-teknikleri-ekrem-sagel","status":"publish","type":"product","link":"https:\/\/kutluyayinevi.com\/magaza\/urun\/mucevher-ve-pirlanta-satis-teknikleri-ekrem-sagel\/","title":{"rendered":"M\u00fccevher ve P\u0131rlanta Sat\u0131\u015f Teknikleri &#8211; Ekrem Sa\u011fel"},"content":{"rendered":"<p><strong data-renderer-mark=\"true\">Ek \u00fcr\u00fcn nas\u0131l sat\u0131l\u0131r?<\/strong><br \/>\nSat\u0131\u015flarda yap\u0131lan yanl\u0131\u015flar<br \/>\nG\u00fcven<br \/>\n\u0130ndirimsiz sat\u0131\u015f yap\u0131labilir mi?<br \/>\nSat\u0131\u015f uzman\u0131 olmak yeterli mi?<br \/>\n5C mi yoksa 4C mi?<br \/>\n\u00dcr\u00fcn bilgisinin \u00f6nemi<br \/>\nVerimli p\u0131rlanta sat\u0131c\u0131s\u0131 nas\u0131l olmal\u0131?<br \/>\nCRM mi?<\/p>\n","protected":false},"excerpt":{"rendered":"<p>Ek \u00fcr\u00fcn nas\u0131l sat\u0131l\u0131r? Sat\u0131\u015flarda yap\u0131lan yanl\u0131\u015flar G\u00fcven \u0130ndirimsiz sat\u0131\u015f yap\u0131labilir mi? Sat\u0131\u015f uzman\u0131 olmak yeterli mi? 5C mi yoksa 4C mi? \u00dcr\u00fcn bilgisinin \u00f6nemi Verimli p\u0131rlanta sat\u0131c\u0131s\u0131 nas\u0131l olmal\u0131? CRM mi?<\/p>\n","protected":false},"featured_media":24243,"comment_status":"closed","ping_status":"closed","template":"","meta":[],"product_brand":[],"product_cat":[99],"product_tag":[],"class_list":{"0":"post-24242","1":"product","2":"type-product","3":"status-publish","4":"has-post-thumbnail","6":"product_cat-kilavuz","8":"first","9":"instock","10":"sale","11":"shipping-taxable","12":"purchasable","13":"product-type-simple"},"_links":{"self":[{"href":"https:\/\/kutluyayinevi.com\/magaza\/wp-json\/wp\/v2\/product\/24242","targetHints":{"allow":["GET"]}}],"collection":[{"href":"https:\/\/kutluyayinevi.com\/magaza\/wp-json\/wp\/v2\/product"}],"about":[{"href":"https:\/\/kutluyayinevi.com\/magaza\/wp-json\/wp\/v2\/types\/product"}],"replies":[{"embeddable":true,"href":"https:\/\/kutluyayinevi.com\/magaza\/wp-json\/wp\/v2\/comments?post=24242"}],"wp:featuredmedia":[{"embeddable":true,"href":"https:\/\/kutluyayinevi.com\/magaza\/wp-json\/wp\/v2\/media\/24243"}],"wp:attachment":[{"href":"https:\/\/kutluyayinevi.com\/magaza\/wp-json\/wp\/v2\/media?parent=24242"}],"wp:term":[{"taxonomy":"product_brand","embeddable":true,"href":"https:\/\/kutluyayinevi.com\/magaza\/wp-json\/wp\/v2\/product_brand?post=24242"},{"taxonomy":"product_cat","embeddable":true,"href":"https:\/\/kutluyayinevi.com\/magaza\/wp-json\/wp\/v2\/product_cat?post=24242"},{"taxonomy":"product_tag","embeddable":true,"href":"https:\/\/kutluyayinevi.com\/magaza\/wp-json\/wp\/v2\/product_tag?post=24242"}],"curies":[{"name":"wp","href":"https:\/\/api.w.org\/{rel}","templated":true}]}}