{"id":24255,"date":"2026-02-27T15:31:14","date_gmt":"2026-02-27T12:31:14","guid":{"rendered":"https:\/\/kutluyayinevi.com\/magaza\/?post_type=product&#038;p=24255"},"modified":"2026-02-27T15:31:14","modified_gmt":"2026-02-27T12:31:14","slug":"vurgun-irfan-ertav","status":"publish","type":"product","link":"https:\/\/kutluyayinevi.com\/magaza\/urun\/vurgun-irfan-ertav\/","title":{"rendered":"Vurgun &#8211; \u0130rfan Ertav"},"content":{"rendered":"<p data-renderer-start-pos=\"1\"><strong data-renderer-mark=\"true\">YOLUN B\u0130TT\u0130\u011e\u0130 YERDE BA\u015eLAYAN B\u0130R KADER&#8230;<\/strong><\/p>\n<p data-renderer-start-pos=\"44\">Samsun\u2019un dik yama\u00e7lar\u0131nda, ye\u015filin her tonuna sinmi\u015f kadim bir sessizlik&#8230; 1980\u2019lerin sert r\u00fczg\u00e2rlar\u0131 sadece da\u011flar\u0131 de\u011fil, insanlar\u0131n kaderini de savururken; mesafelerin sesle, haberlerin ku\u015fdiliyle \u00f6l\u00e7\u00fcld\u00fc\u011f\u00fc bu k\u00f6yde bir f\u0131rt\u0131na kopmak \u00fczeredir.<\/p>\n<p data-renderer-start-pos=\"295\">Kazma k\u00fcrekle a\u00e7\u0131lm\u0131\u015f dar yollar, gurbet bekleyen kad\u0131nlar ve gaz lambas\u0131n\u0131n titrek \u0131\u015f\u0131\u011f\u0131nda uzayan geceler&#8230; Ancak bu sakinli\u011fin ard\u0131nda, askeri vesayetin g\u00f6lgesi ve bir &#8220;ge\u00e7i\u015f hakk\u0131&#8221; \u00fczerine kurulan sars\u0131c\u0131 bir inatla\u015fma gizlidir. K\u00fc\u00e7\u00fck bir patikan\u0131n, koca bir k\u00f6y\u00fcn huzurunu nas\u0131l yerle bir etti\u011fine, dostun dosta, kom\u015funun kom\u015fuya nas\u0131l el oldu\u011funu iliklerinize kadar hissedeceksiniz.<\/p>\n<p data-renderer-start-pos=\"686\">\u0130rfan Ertav, &#8220;VURGUN&#8221; ile sizi sadece bir arazi davas\u0131na de\u011fil; onurun, korkunun ve vicdan\u0131n \u00e7arp\u0131\u015ft\u0131\u011f\u0131 o vadiye, a\u011f\u0131tlar\u0131n ku\u015fdilini susturdu\u011fu bir hesapla\u015fmaya davet ediyor.<\/p>\n","protected":false},"excerpt":{"rendered":"<p>YOLUN B\u0130TT\u0130\u011e\u0130 YERDE BA\u015eLAYAN B\u0130R KADER&#8230; Samsun\u2019un dik yama\u00e7lar\u0131nda, ye\u015filin her tonuna sinmi\u015f kadim bir sessizlik&#8230; 1980\u2019lerin sert r\u00fczg\u00e2rlar\u0131 sadece da\u011flar\u0131 de\u011fil, insanlar\u0131n kaderini de savururken; mesafelerin sesle, haberlerin ku\u015fdiliyle \u00f6l\u00e7\u00fcld\u00fc\u011f\u00fc bu k\u00f6yde bir f\u0131rt\u0131na kopmak \u00fczeredir. Kazma k\u00fcrekle a\u00e7\u0131lm\u0131\u015f dar yollar, gurbet bekleyen kad\u0131nlar ve gaz lambas\u0131n\u0131n titrek \u0131\u015f\u0131\u011f\u0131nda uzayan geceler&#8230; Ancak bu sakinli\u011fin [&hellip;]<\/p>\n","protected":false},"featured_media":24256,"comment_status":"closed","ping_status":"closed","template":"","meta":[],"product_brand":[],"product_cat":[24],"product_tag":[],"class_list":{"0":"post-24255","1":"product","2":"type-product","3":"status-publish","4":"has-post-thumbnail","6":"product_cat-roman","8":"first","9":"instock","10":"sale","11":"shipping-taxable","12":"purchasable","13":"product-type-simple"},"_links":{"self":[{"href":"https:\/\/kutluyayinevi.com\/magaza\/wp-json\/wp\/v2\/product\/24255","targetHints":{"allow":["GET"]}}],"collection":[{"href":"https:\/\/kutluyayinevi.com\/magaza\/wp-json\/wp\/v2\/product"}],"about":[{"href":"https:\/\/kutluyayinevi.com\/magaza\/wp-json\/wp\/v2\/types\/product"}],"replies":[{"embeddable":true,"href":"https:\/\/kutluyayinevi.com\/magaza\/wp-json\/wp\/v2\/comments?post=24255"}],"wp:featuredmedia":[{"embeddable":true,"href":"https:\/\/kutluyayinevi.com\/magaza\/wp-json\/wp\/v2\/media\/24256"}],"wp:attachment":[{"href":"https:\/\/kutluyayinevi.com\/magaza\/wp-json\/wp\/v2\/media?parent=24255"}],"wp:term":[{"taxonomy":"product_brand","embeddable":true,"href":"https:\/\/kutluyayinevi.com\/magaza\/wp-json\/wp\/v2\/product_brand?post=24255"},{"taxonomy":"product_cat","embeddable":true,"href":"https:\/\/kutluyayinevi.com\/magaza\/wp-json\/wp\/v2\/product_cat?post=24255"},{"taxonomy":"product_tag","embeddable":true,"href":"https:\/\/kutluyayinevi.com\/magaza\/wp-json\/wp\/v2\/product_tag?post=24255"}],"curies":[{"name":"wp","href":"https:\/\/api.w.org\/{rel}","templated":true}]}}