{"id":24257,"date":"2026-02-27T15:33:44","date_gmt":"2026-02-27T12:33:44","guid":{"rendered":"https:\/\/kutluyayinevi.com\/magaza\/?post_type=product&#038;p=24257"},"modified":"2026-02-27T15:33:44","modified_gmt":"2026-02-27T12:33:44","slug":"ulusta-bir-parkta-tevfik-sevilmis","status":"publish","type":"product","link":"https:\/\/kutluyayinevi.com\/magaza\/urun\/ulusta-bir-parkta-tevfik-sevilmis\/","title":{"rendered":"Ulusta Bir Parkta &#8211; Tevfik Sevilmi\u015f"},"content":{"rendered":"<p data-renderer-start-pos=\"14\">Ben Tevfik Sevilmi\u015f.<\/p>\n<p data-renderer-start-pos=\"36\">Bolu Meslek Y\u00fcksekokulu Kooperatif\u00e7ilik B\u00f6l\u00fcm\u00fc mezunuyum. \u0130lk \u00f6\u011frenimimi Tuzluca Atat\u00fcrk \u0130lkokulu\u2019nda, orta\u00f6\u011frenimimi ise Tuzluca 100. Y\u0131l Lisesi\u2019nde tamamlad\u0131m.<\/p>\n<p data-renderer-start-pos=\"199\">Meslek hayat\u0131m\u0131n ilk y\u0131llar\u0131nda Tuzluca\u2019n\u0131n muhtelif k\u00f6ylerinde yakla\u015f\u0131k d\u00f6rt y\u0131l \u00f6\u011fretmenlik yapt\u0131m. 1993 y\u0131l\u0131nda Tuzluca Kaymakaml\u0131\u011f\u0131 b\u00fcnyesinde g\u00f6reve ba\u015flad\u0131m. 2004 y\u0131l\u0131ndan bu yana Yaz\u0131 \u0130\u015fleri M\u00fcd\u00fcr\u00fc olarak g\u00f6revimi s\u00fcrd\u00fcrmekteyim.<\/p>\n<p data-renderer-start-pos=\"437\">I\u011fd\u0131r\u2019\u0131n Tuzluca il\u00e7esinde ya\u015famaktay\u0131m. Evliyim; iki erkek ve bir k\u0131z olmak \u00fczere \u00fc\u00e7 \u00e7ocuk babas\u0131y\u0131m.<\/p>\n<p data-renderer-start-pos=\"541\">Edebiyata ve \u00f6zellikle \u015fiire olan ilgim y\u0131llar i\u00e7inde kal\u0131c\u0131 eserler vermeme vesile oldu. \u201cKul Kas\u0131m\u201d ve \u201cMinyat\u00fcr Kale\u201d adl\u0131 iki \u015fiir kitab\u0131m bulunmaktad\u0131r.<\/p>\n<p data-renderer-start-pos=\"700\">Kamu hizmetini, insan\u0131 ve ya\u015fad\u0131\u011f\u0131 co\u011frafyay\u0131 merkeze alan bir anlay\u0131\u015fla s\u00fcrd\u00fcrmeye; yaz\u0131 ve \u015fiirle g\u00f6n\u00fcl d\u00fcnyam\u0131 ifade etmeye devam ediyorum.<\/p>\n<p data-renderer-start-pos=\"844\">\u015eiir varsa Hayat vard\u0131r.<\/p>\n","protected":false},"excerpt":{"rendered":"<p>Ben Tevfik Sevilmi\u015f. Bolu Meslek Y\u00fcksekokulu Kooperatif\u00e7ilik B\u00f6l\u00fcm\u00fc mezunuyum. \u0130lk \u00f6\u011frenimimi Tuzluca Atat\u00fcrk \u0130lkokulu\u2019nda, orta\u00f6\u011frenimimi ise Tuzluca 100. Y\u0131l Lisesi\u2019nde tamamlad\u0131m. Meslek hayat\u0131m\u0131n ilk y\u0131llar\u0131nda Tuzluca\u2019n\u0131n muhtelif k\u00f6ylerinde yakla\u015f\u0131k d\u00f6rt y\u0131l \u00f6\u011fretmenlik yapt\u0131m. 1993 y\u0131l\u0131nda Tuzluca Kaymakaml\u0131\u011f\u0131 b\u00fcnyesinde g\u00f6reve ba\u015flad\u0131m. 2004 y\u0131l\u0131ndan bu yana Yaz\u0131 \u0130\u015fleri M\u00fcd\u00fcr\u00fc olarak g\u00f6revimi s\u00fcrd\u00fcrmekteyim. I\u011fd\u0131r\u2019\u0131n Tuzluca il\u00e7esinde ya\u015famaktay\u0131m. Evliyim; [&hellip;]<\/p>\n","protected":false},"featured_media":24258,"comment_status":"closed","ping_status":"closed","template":"","meta":[],"product_brand":[],"product_cat":[22],"product_tag":[],"class_list":{"0":"post-24257","1":"product","2":"type-product","3":"status-publish","4":"has-post-thumbnail","6":"product_cat-siir","8":"first","9":"instock","10":"sale","11":"shipping-taxable","12":"purchasable","13":"product-type-simple"},"_links":{"self":[{"href":"https:\/\/kutluyayinevi.com\/magaza\/wp-json\/wp\/v2\/product\/24257","targetHints":{"allow":["GET"]}}],"collection":[{"href":"https:\/\/kutluyayinevi.com\/magaza\/wp-json\/wp\/v2\/product"}],"about":[{"href":"https:\/\/kutluyayinevi.com\/magaza\/wp-json\/wp\/v2\/types\/product"}],"replies":[{"embeddable":true,"href":"https:\/\/kutluyayinevi.com\/magaza\/wp-json\/wp\/v2\/comments?post=24257"}],"wp:featuredmedia":[{"embeddable":true,"href":"https:\/\/kutluyayinevi.com\/magaza\/wp-json\/wp\/v2\/media\/24258"}],"wp:attachment":[{"href":"https:\/\/kutluyayinevi.com\/magaza\/wp-json\/wp\/v2\/media?parent=24257"}],"wp:term":[{"taxonomy":"product_brand","embeddable":true,"href":"https:\/\/kutluyayinevi.com\/magaza\/wp-json\/wp\/v2\/product_brand?post=24257"},{"taxonomy":"product_cat","embeddable":true,"href":"https:\/\/kutluyayinevi.com\/magaza\/wp-json\/wp\/v2\/product_cat?post=24257"},{"taxonomy":"product_tag","embeddable":true,"href":"https:\/\/kutluyayinevi.com\/magaza\/wp-json\/wp\/v2\/product_tag?post=24257"}],"curies":[{"name":"wp","href":"https:\/\/api.w.org\/{rel}","templated":true}]}}