{"id":24260,"date":"2026-03-05T15:21:33","date_gmt":"2026-03-05T12:21:33","guid":{"rendered":"https:\/\/kutluyayinevi.com\/magaza\/?post_type=product&#038;p=24260"},"modified":"2026-03-05T15:21:33","modified_gmt":"2026-03-05T12:21:33","slug":"tanrisal-soylem-vahyin-kacinilmazligina-dair-teo-ontolojik-bir-inceleme-ubeydullah-sahin","status":"publish","type":"product","link":"https:\/\/kutluyayinevi.com\/magaza\/urun\/tanrisal-soylem-vahyin-kacinilmazligina-dair-teo-ontolojik-bir-inceleme-ubeydullah-sahin\/","title":{"rendered":"Tanr\u0131sal S\u00f6ylem: Vahyin Ka\u00e7\u0131n\u0131lmazl\u0131\u011f\u0131na Dair Teo-Ontolojik Bir \u0130nceleme  &#8211; Ubeydullah \u015eahin"},"content":{"rendered":"<p data-renderer-start-pos=\"1\">\u0130nsan, kendini evrenin ortas\u0131nda sorularla \u00e7evrili bulur: Yaln\u0131z m\u0131y\u0131z, yoksa \u00e7a\u011fr\u0131lm\u0131\u015f m\u0131? Tanr\u0131 insanla konu\u015fmu\u015f mudur, yoksa bu yaln\u0131zca insan\u0131n teselli aray\u0131\u015f\u0131 m\u0131d\u0131r? Bu eser, vahyi bir ihtimal ya da tarihsel bir hadise olarak de\u011fil, insan\u0131n sorumlulu\u011fu ile do\u011frudan ba\u011flant\u0131l\u0131 ontolojik bir zorunluluk olarak ele al\u0131yor. \u00c7\u00fcnk\u00fc sorumluluk y\u00fcklenen bir varl\u0131k, sessizli\u011fe terk edilmi\u015f olamaz.<\/p>\n<p data-renderer-start-pos=\"398\">Al\u0131\u015f\u0131lm\u0131\u015f tart\u0131\u015fmalar\u0131n \u00f6tesine ge\u00e7en bu \u00e7al\u0131\u015fma, \u201cm\u00fcmk\u00fcn\u201d ve \u201cgerekli\u201d kavramlar\u0131n\u0131 a\u015farak, vahyin neden ka\u00e7\u0131n\u0131lmaz oldu\u011funu sorguluyor. Tanr\u0131\u2019n\u0131n insana ve yarat\u0131lm\u0131\u015f olana kar\u015f\u0131 sorumluluk i\u00e7inde hareket etti\u011fi fikrinden yola \u00e7\u0131karak, ilahi ileti\u015fimi zorunlu bir ger\u00e7eklik olarak temellendiriyor. Okuru ise \u015fu sars\u0131c\u0131 d\u00fc\u015f\u00fcnceyle ba\u015f ba\u015fa b\u0131rak\u0131yor: Peki, sorumluluk sahibi bir Tanr\u0131, insan\u0131 ger\u00e7ekten sessizlikle ba\u015f ba\u015fa b\u0131rakabilir mi?<\/p>\n","protected":false},"excerpt":{"rendered":"<p>\u0130nsan, kendini evrenin ortas\u0131nda sorularla \u00e7evrili bulur: Yaln\u0131z m\u0131y\u0131z, yoksa \u00e7a\u011fr\u0131lm\u0131\u015f m\u0131? Tanr\u0131 insanla konu\u015fmu\u015f mudur, yoksa bu yaln\u0131zca insan\u0131n teselli aray\u0131\u015f\u0131 m\u0131d\u0131r? Bu eser, vahyi bir ihtimal ya da tarihsel bir hadise olarak de\u011fil, insan\u0131n sorumlulu\u011fu ile do\u011frudan ba\u011flant\u0131l\u0131 ontolojik bir zorunluluk olarak ele al\u0131yor. \u00c7\u00fcnk\u00fc sorumluluk y\u00fcklenen bir varl\u0131k, sessizli\u011fe terk edilmi\u015f olamaz. [&hellip;]<\/p>\n","protected":false},"featured_media":24261,"comment_status":"closed","ping_status":"closed","template":"","meta":[],"product_brand":[],"product_cat":[19],"product_tag":[],"class_list":{"0":"post-24260","1":"product","2":"type-product","3":"status-publish","4":"has-post-thumbnail","6":"product_cat-din-tasavvuf","8":"first","9":"instock","10":"sale","11":"shipping-taxable","12":"purchasable","13":"product-type-simple"},"_links":{"self":[{"href":"https:\/\/kutluyayinevi.com\/magaza\/wp-json\/wp\/v2\/product\/24260","targetHints":{"allow":["GET"]}}],"collection":[{"href":"https:\/\/kutluyayinevi.com\/magaza\/wp-json\/wp\/v2\/product"}],"about":[{"href":"https:\/\/kutluyayinevi.com\/magaza\/wp-json\/wp\/v2\/types\/product"}],"replies":[{"embeddable":true,"href":"https:\/\/kutluyayinevi.com\/magaza\/wp-json\/wp\/v2\/comments?post=24260"}],"wp:featuredmedia":[{"embeddable":true,"href":"https:\/\/kutluyayinevi.com\/magaza\/wp-json\/wp\/v2\/media\/24261"}],"wp:attachment":[{"href":"https:\/\/kutluyayinevi.com\/magaza\/wp-json\/wp\/v2\/media?parent=24260"}],"wp:term":[{"taxonomy":"product_brand","embeddable":true,"href":"https:\/\/kutluyayinevi.com\/magaza\/wp-json\/wp\/v2\/product_brand?post=24260"},{"taxonomy":"product_cat","embeddable":true,"href":"https:\/\/kutluyayinevi.com\/magaza\/wp-json\/wp\/v2\/product_cat?post=24260"},{"taxonomy":"product_tag","embeddable":true,"href":"https:\/\/kutluyayinevi.com\/magaza\/wp-json\/wp\/v2\/product_tag?post=24260"}],"curies":[{"name":"wp","href":"https:\/\/api.w.org\/{rel}","templated":true}]}}