{"id":24262,"date":"2026-03-05T15:37:25","date_gmt":"2026-03-05T12:37:25","guid":{"rendered":"https:\/\/kutluyayinevi.com\/magaza\/?post_type=product&#038;p=24262"},"modified":"2026-03-05T15:37:25","modified_gmt":"2026-03-05T12:37:25","slug":"gecemle-sesleniyorum-sana-altin-surek","status":"publish","type":"product","link":"https:\/\/kutluyayinevi.com\/magaza\/urun\/gecemle-sesleniyorum-sana-altin-surek\/","title":{"rendered":"Gecemle Sesleniyorum Sana &#8211; Alt\u0131n S\u00fcrek"},"content":{"rendered":"<p data-renderer-start-pos=\"1\">&#8220;Herkes bir yerlerde bulmak ister kendisini kimi d\u00f6rt duvar aras\u0131nda, kimi zifiri karanl\u0131kta, kimi ise bir kitapta.<\/p>\n<p data-renderer-start-pos=\"118\">Ben, beni, belki de bizi anlatan kalemin ucunda buldum kendimi. Bir bakm\u0131\u015fs\u0131n bir dost, bir anne s\u0131cakl\u0131\u011f\u0131,<\/p>\n<p data-renderer-start-pos=\"227\">zifiri karanl\u0131\u011fa ayd\u0131nl\u0131k olmu\u015ftur tek tek yapra\u011fa d\u00f6k\u00fclen s\u00f6zc\u00fckler.&#8221;<\/p>\n","protected":false},"excerpt":{"rendered":"<p>&#8220;Herkes bir yerlerde bulmak ister kendisini kimi d\u00f6rt duvar aras\u0131nda, kimi zifiri karanl\u0131kta, kimi ise bir kitapta. Ben, beni, belki de bizi anlatan kalemin ucunda buldum kendimi. Bir bakm\u0131\u015fs\u0131n bir dost, bir anne s\u0131cakl\u0131\u011f\u0131, zifiri karanl\u0131\u011fa ayd\u0131nl\u0131k olmu\u015ftur tek tek yapra\u011fa d\u00f6k\u00fclen s\u00f6zc\u00fckler.&#8221;<\/p>\n","protected":false},"featured_media":24263,"comment_status":"closed","ping_status":"closed","template":"","meta":[],"product_brand":[],"product_cat":[22],"product_tag":[],"class_list":{"0":"post-24262","1":"product","2":"type-product","3":"status-publish","4":"has-post-thumbnail","6":"product_cat-siir","8":"first","9":"instock","10":"sale","11":"shipping-taxable","12":"purchasable","13":"product-type-simple"},"_links":{"self":[{"href":"https:\/\/kutluyayinevi.com\/magaza\/wp-json\/wp\/v2\/product\/24262","targetHints":{"allow":["GET"]}}],"collection":[{"href":"https:\/\/kutluyayinevi.com\/magaza\/wp-json\/wp\/v2\/product"}],"about":[{"href":"https:\/\/kutluyayinevi.com\/magaza\/wp-json\/wp\/v2\/types\/product"}],"replies":[{"embeddable":true,"href":"https:\/\/kutluyayinevi.com\/magaza\/wp-json\/wp\/v2\/comments?post=24262"}],"wp:featuredmedia":[{"embeddable":true,"href":"https:\/\/kutluyayinevi.com\/magaza\/wp-json\/wp\/v2\/media\/24263"}],"wp:attachment":[{"href":"https:\/\/kutluyayinevi.com\/magaza\/wp-json\/wp\/v2\/media?parent=24262"}],"wp:term":[{"taxonomy":"product_brand","embeddable":true,"href":"https:\/\/kutluyayinevi.com\/magaza\/wp-json\/wp\/v2\/product_brand?post=24262"},{"taxonomy":"product_cat","embeddable":true,"href":"https:\/\/kutluyayinevi.com\/magaza\/wp-json\/wp\/v2\/product_cat?post=24262"},{"taxonomy":"product_tag","embeddable":true,"href":"https:\/\/kutluyayinevi.com\/magaza\/wp-json\/wp\/v2\/product_tag?post=24262"}],"curies":[{"name":"wp","href":"https:\/\/api.w.org\/{rel}","templated":true}]}}