{"id":24264,"date":"2026-03-05T15:39:25","date_gmt":"2026-03-05T12:39:25","guid":{"rendered":"https:\/\/kutluyayinevi.com\/magaza\/?post_type=product&#038;p=24264"},"modified":"2026-03-05T15:39:25","modified_gmt":"2026-03-05T12:39:25","slug":"oliver-kainat-mehmet-duzkar","status":"publish","type":"product","link":"https:\/\/kutluyayinevi.com\/magaza\/urun\/oliver-kainat-mehmet-duzkar\/","title":{"rendered":"Oliver &#8211; Kainat &#8211; Mehmet D\u00fczkar"},"content":{"rendered":"<p data-renderer-start-pos=\"20\">Bir deniz d\u00fc\u015f\u00fcn.<br \/>\nNe haritada yeri var,<br \/>\nne de k\u0131y\u0131s\u0131na g\u00fcvenen bir yolcu.<\/p>\n<p data-renderer-start-pos=\"94\">Beyaz bir yelkenli,<br \/>\ndalgalar\u0131n \u00f6fkesine kar\u015f\u0131 yol al\u0131yor.<br \/>\nBir kaptan\u2026 rotay\u0131 bildi\u011fini san\u0131yor.<br \/>\nBir mi\u00e7o\u2026 korkuyu ilk kez \u00f6\u011freniyor.<br \/>\nBir kad\u0131n\u2026 denizin sesini herkesten \u00f6nce duyuyor.<\/p>\n<p data-renderer-start-pos=\"278\">Ama as\u0131l f\u0131rt\u0131na<br \/>\ng\u00f6ky\u00fcz\u00fcnde de\u011fil.<\/p>\n<p data-renderer-start-pos=\"314\">\u0130nsan\u0131n i\u00e7inde kopar.<\/p>\n<p data-renderer-start-pos=\"337\">Bu yolculuk bir denizde ge\u00e7miyor sadece.<br \/>\nZaman\u0131n ilerisinde, gerisinde,<br \/>\neminlik ile belirsizlik aras\u0131ndaki o ince \u00e7izgide ilerliyor.<\/p>\n<p data-renderer-start-pos=\"471\">Kaptan d\u00fcmeni tutabilir.<br \/>\nMi\u00e7o yelkeni \u00e7ekebilir.<br \/>\nAma kim kaderin r\u00fczg\u00e2r\u0131n\u0131 kontrol edebilir?<\/p>\n<p data-renderer-start-pos=\"565\">Baz\u0131 gemiler limana varmak i\u00e7in yola \u00e7\u0131kmaz.<br \/>\nBaz\u0131lar\u0131\u2026 ger\u00e7e\u011fi \u00f6\u011frenmek i\u00e7in f\u0131rt\u0131naya s\u00fcr\u00fcl\u00fcr.<\/p>\n<p data-renderer-start-pos=\"662\">Ve baz\u0131 yolculuklar,<br \/>\nd\u0131\u015far\u0131dan bak\u0131ld\u0131\u011f\u0131nda bir ka\u00e7\u0131\u015f gibi g\u00f6r\u00fcn\u00fcr\u2026<br \/>\noysa i\u00e7eride bir uyan\u0131\u015ft\u0131r.<\/p>\n<p data-renderer-start-pos=\"759\">Haz\u0131r m\u0131s\u0131n?<br \/>\nBu deniz, seni de \u00e7a\u011f\u0131r\u0131yor.<\/p>\n","protected":false},"excerpt":{"rendered":"<p>Bir deniz d\u00fc\u015f\u00fcn. Ne haritada yeri var, ne de k\u0131y\u0131s\u0131na g\u00fcvenen bir yolcu. Beyaz bir yelkenli, dalgalar\u0131n \u00f6fkesine kar\u015f\u0131 yol al\u0131yor. Bir kaptan\u2026 rotay\u0131 bildi\u011fini san\u0131yor. Bir mi\u00e7o\u2026 korkuyu ilk kez \u00f6\u011freniyor. Bir kad\u0131n\u2026 denizin sesini herkesten \u00f6nce duyuyor. Ama as\u0131l f\u0131rt\u0131na g\u00f6ky\u00fcz\u00fcnde de\u011fil. \u0130nsan\u0131n i\u00e7inde kopar. Bu yolculuk bir denizde ge\u00e7miyor sadece. Zaman\u0131n ilerisinde, [&hellip;]<\/p>\n","protected":false},"featured_media":24265,"comment_status":"closed","ping_status":"closed","template":"","meta":[],"product_brand":[],"product_cat":[24],"product_tag":[],"class_list":{"0":"post-24264","1":"product","2":"type-product","3":"status-publish","4":"has-post-thumbnail","6":"product_cat-roman","8":"first","9":"instock","10":"sale","11":"shipping-taxable","12":"purchasable","13":"product-type-simple"},"_links":{"self":[{"href":"https:\/\/kutluyayinevi.com\/magaza\/wp-json\/wp\/v2\/product\/24264","targetHints":{"allow":["GET"]}}],"collection":[{"href":"https:\/\/kutluyayinevi.com\/magaza\/wp-json\/wp\/v2\/product"}],"about":[{"href":"https:\/\/kutluyayinevi.com\/magaza\/wp-json\/wp\/v2\/types\/product"}],"replies":[{"embeddable":true,"href":"https:\/\/kutluyayinevi.com\/magaza\/wp-json\/wp\/v2\/comments?post=24264"}],"wp:featuredmedia":[{"embeddable":true,"href":"https:\/\/kutluyayinevi.com\/magaza\/wp-json\/wp\/v2\/media\/24265"}],"wp:attachment":[{"href":"https:\/\/kutluyayinevi.com\/magaza\/wp-json\/wp\/v2\/media?parent=24264"}],"wp:term":[{"taxonomy":"product_brand","embeddable":true,"href":"https:\/\/kutluyayinevi.com\/magaza\/wp-json\/wp\/v2\/product_brand?post=24264"},{"taxonomy":"product_cat","embeddable":true,"href":"https:\/\/kutluyayinevi.com\/magaza\/wp-json\/wp\/v2\/product_cat?post=24264"},{"taxonomy":"product_tag","embeddable":true,"href":"https:\/\/kutluyayinevi.com\/magaza\/wp-json\/wp\/v2\/product_tag?post=24264"}],"curies":[{"name":"wp","href":"https:\/\/api.w.org\/{rel}","templated":true}]}}