{"id":24269,"date":"2026-03-31T09:13:28","date_gmt":"2026-03-31T06:13:28","guid":{"rendered":"https:\/\/kutluyayinevi.com\/magaza\/?post_type=product&#038;p=24269"},"modified":"2026-03-31T09:13:29","modified_gmt":"2026-03-31T06:13:29","slug":"bir-gun-yolum-duserse-selda-ileri","status":"publish","type":"product","link":"https:\/\/kutluyayinevi.com\/magaza\/urun\/bir-gun-yolum-duserse-selda-ileri\/","title":{"rendered":"Bir G\u00fcn Yolum D\u00fc\u015ferse &#8211; Selda \u0130leri"},"content":{"rendered":"<p>Ge\u00e7mi\u015fin suskun sokaklar\u0131na,<br \/>\nAd\u0131 an\u0131lmayan vedalara,<br \/>\nKalbimde saklad\u0131\u011f\u0131m o yar\u0131m c\u00fcmlelere\u2026<br \/>\nHer m\u0131sra bir iz,<br \/>\nHer kelime bir d\u00f6n\u00fc\u015f,<br \/>\nHer sayfa biraz cesaret\u2026<\/p>\n","protected":false},"excerpt":{"rendered":"<p>Ge\u00e7mi\u015fin suskun sokaklar\u0131na, Ad\u0131 an\u0131lmayan vedalara, Kalbimde saklad\u0131\u011f\u0131m o yar\u0131m c\u00fcmlelere\u2026 Her m\u0131sra bir iz, Her kelime bir d\u00f6n\u00fc\u015f, Her sayfa biraz cesaret\u2026<\/p>\n","protected":false},"featured_media":24270,"comment_status":"closed","ping_status":"closed","template":"","meta":[],"product_brand":[],"product_cat":[22],"product_tag":[],"class_list":{"0":"post-24269","1":"product","2":"type-product","3":"status-publish","4":"has-post-thumbnail","6":"product_cat-siir","8":"first","9":"instock","10":"sale","11":"shipping-taxable","12":"purchasable","13":"product-type-simple"},"_links":{"self":[{"href":"https:\/\/kutluyayinevi.com\/magaza\/wp-json\/wp\/v2\/product\/24269","targetHints":{"allow":["GET"]}}],"collection":[{"href":"https:\/\/kutluyayinevi.com\/magaza\/wp-json\/wp\/v2\/product"}],"about":[{"href":"https:\/\/kutluyayinevi.com\/magaza\/wp-json\/wp\/v2\/types\/product"}],"replies":[{"embeddable":true,"href":"https:\/\/kutluyayinevi.com\/magaza\/wp-json\/wp\/v2\/comments?post=24269"}],"wp:featuredmedia":[{"embeddable":true,"href":"https:\/\/kutluyayinevi.com\/magaza\/wp-json\/wp\/v2\/media\/24270"}],"wp:attachment":[{"href":"https:\/\/kutluyayinevi.com\/magaza\/wp-json\/wp\/v2\/media?parent=24269"}],"wp:term":[{"taxonomy":"product_brand","embeddable":true,"href":"https:\/\/kutluyayinevi.com\/magaza\/wp-json\/wp\/v2\/product_brand?post=24269"},{"taxonomy":"product_cat","embeddable":true,"href":"https:\/\/kutluyayinevi.com\/magaza\/wp-json\/wp\/v2\/product_cat?post=24269"},{"taxonomy":"product_tag","embeddable":true,"href":"https:\/\/kutluyayinevi.com\/magaza\/wp-json\/wp\/v2\/product_tag?post=24269"}],"curies":[{"name":"wp","href":"https:\/\/api.w.org\/{rel}","templated":true}]}}