{"id":24277,"date":"2026-03-31T09:18:31","date_gmt":"2026-03-31T06:18:31","guid":{"rendered":"https:\/\/kutluyayinevi.com\/magaza\/?post_type=product&#038;p=24277"},"modified":"2026-03-31T09:18:31","modified_gmt":"2026-03-31T06:18:31","slug":"adi-degmez-semih-colak","status":"publish","type":"product","link":"https:\/\/kutluyayinevi.com\/magaza\/urun\/adi-degmez-semih-colak\/","title":{"rendered":"Ad\u0131 De\u011fmez &#8211; Semih \u00c7olak"},"content":{"rendered":"<p data-renderer-start-pos=\"1\">MUTSUZ OLDU\u011eUNDA \u0130NSANA EN SON A\u015eK GEREK<\/p>\n<p data-renderer-start-pos=\"43\">Mutsuz oldu\u011funda insana en son a\u015fk gerek, g\u00f6remezsin, duyamazs\u0131n, anlayamazs\u0131n. \u00f6n\u00fcnde sahne vard\u0131r, \u00e7\u0131kar rol\u00fcn\u00fc oynars\u0131n.<br \/>\nMutlusundur, sonunu d\u00fc\u015f\u00fcnmen i\u00e7in bir sebep yoktur.<br \/>\nGelmi\u015ftir o kurtar\u0131c\u0131, g\u00fcle g\u00fcle eski hayat\u0131m.<\/p>\n<p data-renderer-start-pos=\"267\">Mutsuz oldu\u011funda insana en son a\u015fk gerek, \u00f6yle bir inanmak istersin ki kocaman bir yalana, t\u00fcnelin ucundaki \u0131\u015f\u0131k o san\u0131rs\u0131n, anla\u015f\u0131lmaz.<br \/>\nt\u00fcm benli\u011fin ile var olursun o yolda. etraftaki herkes birden yabanc\u0131 olur, hayat\u0131n\u0131 ona adar, kar\u015f\u0131l\u0131\u011f\u0131 olarak da t\u00fcnelin sonunda mutlu bir aile arars\u0131n.<br \/>\nmutsuz oldu\u011funda insana en son a\u015fk gerek, umud gerek, hayal gerek, oyun gerek.<br \/>\nderler ya yaral\u0131 ceylan\u0131 kolay avlars\u0131n, ben avland\u0131m.<br \/>\nbu arada..<br \/>\nt\u00fcnelin sonu ne biliyor musunuz? Ben biliyorum.<br \/>\nO y\u00fczden mutsuz oldu\u011funda insana en son a\u015fk gerek.<\/p>\n","protected":false},"excerpt":{"rendered":"<p>MUTSUZ OLDU\u011eUNDA \u0130NSANA EN SON A\u015eK GEREK Mutsuz oldu\u011funda insana en son a\u015fk gerek, g\u00f6remezsin, duyamazs\u0131n, anlayamazs\u0131n. \u00f6n\u00fcnde sahne vard\u0131r, \u00e7\u0131kar rol\u00fcn\u00fc oynars\u0131n. Mutlusundur, sonunu d\u00fc\u015f\u00fcnmen i\u00e7in bir sebep yoktur. Gelmi\u015ftir o kurtar\u0131c\u0131, g\u00fcle g\u00fcle eski hayat\u0131m. Mutsuz oldu\u011funda insana en son a\u015fk gerek, \u00f6yle bir inanmak istersin ki kocaman bir yalana, t\u00fcnelin ucundaki \u0131\u015f\u0131k [&hellip;]<\/p>\n","protected":false},"featured_media":24278,"comment_status":"closed","ping_status":"closed","template":"","meta":[],"product_brand":[],"product_cat":[22],"product_tag":[],"class_list":{"0":"post-24277","1":"product","2":"type-product","3":"status-publish","4":"has-post-thumbnail","6":"product_cat-siir","8":"first","9":"instock","10":"sale","11":"shipping-taxable","12":"purchasable","13":"product-type-simple"},"_links":{"self":[{"href":"https:\/\/kutluyayinevi.com\/magaza\/wp-json\/wp\/v2\/product\/24277","targetHints":{"allow":["GET"]}}],"collection":[{"href":"https:\/\/kutluyayinevi.com\/magaza\/wp-json\/wp\/v2\/product"}],"about":[{"href":"https:\/\/kutluyayinevi.com\/magaza\/wp-json\/wp\/v2\/types\/product"}],"replies":[{"embeddable":true,"href":"https:\/\/kutluyayinevi.com\/magaza\/wp-json\/wp\/v2\/comments?post=24277"}],"wp:featuredmedia":[{"embeddable":true,"href":"https:\/\/kutluyayinevi.com\/magaza\/wp-json\/wp\/v2\/media\/24278"}],"wp:attachment":[{"href":"https:\/\/kutluyayinevi.com\/magaza\/wp-json\/wp\/v2\/media?parent=24277"}],"wp:term":[{"taxonomy":"product_brand","embeddable":true,"href":"https:\/\/kutluyayinevi.com\/magaza\/wp-json\/wp\/v2\/product_brand?post=24277"},{"taxonomy":"product_cat","embeddable":true,"href":"https:\/\/kutluyayinevi.com\/magaza\/wp-json\/wp\/v2\/product_cat?post=24277"},{"taxonomy":"product_tag","embeddable":true,"href":"https:\/\/kutluyayinevi.com\/magaza\/wp-json\/wp\/v2\/product_tag?post=24277"}],"curies":[{"name":"wp","href":"https:\/\/api.w.org\/{rel}","templated":true}]}}