{"id":24280,"date":"2026-04-17T11:27:08","date_gmt":"2026-04-17T08:27:08","guid":{"rendered":"https:\/\/kutluyayinevi.com\/magaza\/?post_type=product&#038;p=24280"},"modified":"2026-04-17T11:27:09","modified_gmt":"2026-04-17T08:27:09","slug":"dusuncenin-yankisi-veysel-sahin","status":"publish","type":"product","link":"https:\/\/kutluyayinevi.com\/magaza\/urun\/dusuncenin-yankisi-veysel-sahin\/","title":{"rendered":"D\u00fc\u015f\u00fcncenin Yank\u0131s\u0131 &#8211; Veysel \u015eahin"},"content":{"rendered":"<p data-renderer-start-pos=\"1\">Bu kitap, cevap vermek i\u00e7in de\u011fil, uyuyanlar\u0131 uyand\u0131rmak i\u00e7in tasarland\u0131. \u00c7\u00fcnk\u00fc insan, \u00e7o\u011fu zaman bilmedi\u011fi i\u00e7in de\u011fil, unuttu\u011fu i\u00e7in kaybolur.<br \/>\nHayat\u0131n g\u00fcr\u00fclt\u00fcs\u00fc i\u00e7inde bast\u0131r\u0131lan o sessiz soru, bir g\u00fcn yeniden y\u00fckselir: Ben kimim? Neden buraday\u0131m? Ve neyi se\u00e7tim?<\/p>\n<p data-renderer-start-pos=\"267\">\u201cD\u00fc\u015f\u00fcncenin Yank\u0131s\u0131\u201d, bu sorulardan ka\u00e7anlara de\u011fil, y\u00fczle\u015fmeye cesaret edenlere yaz\u0131ld\u0131. Bu sat\u0131rlarda yeni bir \u015fey \u00f6\u011frenmeyeceksin belki ama, zaten bildi\u011fin ve susturdu\u011fun bir hakikatin yeniden sesini duyacaks\u0131n. Bir g\u00fcn, her \u015fey susacak. Al\u0131\u015ft\u0131\u011f\u0131n sesler, oyaland\u0131\u011f\u0131n d\u00fc\u015f\u00fcnceler ve kendinden saklad\u0131\u011f\u0131n ger\u00e7ekler, geriye sadece sen kalacaks\u0131n. Ve o an geldi\u011finde, ka\u00e7t\u0131\u011f\u0131n hi\u00e7bir yer kalmayacak.<\/p>\n<p data-renderer-start-pos=\"667\">Bu kitap sana bir yol g\u00f6stermiyor. Sadece zaten i\u00e7inde olan kap\u0131y\u0131 i\u015faret ediyor.<br \/>\nVe e\u011fer bu yank\u0131y\u0131 duyuyorsan, bil ki art\u0131k geri d\u00f6n\u00fc\u015f yok. \u00c7\u00fcnk\u00fc hakikat, bir kez uyand\u0131rd\u0131\u011f\u0131n\u0131 bir daha asla uyutmaz!<\/p>\n","protected":false},"excerpt":{"rendered":"<p>Bu kitap, cevap vermek i\u00e7in de\u011fil, uyuyanlar\u0131 uyand\u0131rmak i\u00e7in tasarland\u0131. \u00c7\u00fcnk\u00fc insan, \u00e7o\u011fu zaman bilmedi\u011fi i\u00e7in de\u011fil, unuttu\u011fu i\u00e7in kaybolur. Hayat\u0131n g\u00fcr\u00fclt\u00fcs\u00fc i\u00e7inde bast\u0131r\u0131lan o sessiz soru, bir g\u00fcn yeniden y\u00fckselir: Ben kimim? Neden buraday\u0131m? Ve neyi se\u00e7tim? \u201cD\u00fc\u015f\u00fcncenin Yank\u0131s\u0131\u201d, bu sorulardan ka\u00e7anlara de\u011fil, y\u00fczle\u015fmeye cesaret edenlere yaz\u0131ld\u0131. Bu sat\u0131rlarda yeni bir \u015fey \u00f6\u011frenmeyeceksin belki [&hellip;]<\/p>\n","protected":false},"featured_media":24281,"comment_status":"closed","ping_status":"closed","template":"","meta":[],"product_brand":[],"product_cat":[26],"product_tag":[],"class_list":{"0":"post-24280","1":"product","2":"type-product","3":"status-publish","4":"has-post-thumbnail","6":"product_cat-deneme","8":"first","9":"instock","10":"sale","11":"shipping-taxable","12":"purchasable","13":"product-type-simple"},"_links":{"self":[{"href":"https:\/\/kutluyayinevi.com\/magaza\/wp-json\/wp\/v2\/product\/24280","targetHints":{"allow":["GET"]}}],"collection":[{"href":"https:\/\/kutluyayinevi.com\/magaza\/wp-json\/wp\/v2\/product"}],"about":[{"href":"https:\/\/kutluyayinevi.com\/magaza\/wp-json\/wp\/v2\/types\/product"}],"replies":[{"embeddable":true,"href":"https:\/\/kutluyayinevi.com\/magaza\/wp-json\/wp\/v2\/comments?post=24280"}],"wp:featuredmedia":[{"embeddable":true,"href":"https:\/\/kutluyayinevi.com\/magaza\/wp-json\/wp\/v2\/media\/24281"}],"wp:attachment":[{"href":"https:\/\/kutluyayinevi.com\/magaza\/wp-json\/wp\/v2\/media?parent=24280"}],"wp:term":[{"taxonomy":"product_brand","embeddable":true,"href":"https:\/\/kutluyayinevi.com\/magaza\/wp-json\/wp\/v2\/product_brand?post=24280"},{"taxonomy":"product_cat","embeddable":true,"href":"https:\/\/kutluyayinevi.com\/magaza\/wp-json\/wp\/v2\/product_cat?post=24280"},{"taxonomy":"product_tag","embeddable":true,"href":"https:\/\/kutluyayinevi.com\/magaza\/wp-json\/wp\/v2\/product_tag?post=24280"}],"curies":[{"name":"wp","href":"https:\/\/api.w.org\/{rel}","templated":true}]}}