{"id":24286,"date":"2026-04-17T11:55:04","date_gmt":"2026-04-17T08:55:04","guid":{"rendered":"https:\/\/kutluyayinevi.com\/magaza\/?post_type=product&#038;p=24286"},"modified":"2026-04-17T11:55:04","modified_gmt":"2026-04-17T08:55:04","slug":"gonulname-yunus-kivanc","status":"publish","type":"product","link":"https:\/\/kutluyayinevi.com\/magaza\/urun\/gonulname-yunus-kivanc\/","title":{"rendered":"G\u00f6n\u00fclname &#8211; Yunus K\u0131van\u00e7"},"content":{"rendered":"<p>G\u00f6n\u00fclname, insan\u0131n kendi i\u00e7 yolculu\u011funu anlatan bir g\u00f6n\u00fcl defteridir.<br \/>\nBu sayfalarda bazen bir ask\u0131n izini, bazen bir ayr\u0131l\u0131\u011f\u0131n h\u00fczn\u00fcn\u00fc, bazen de hayat\u0131n sade hakikatlerimi bulacaks\u0131n\u0131z.<br \/>\nHer \u015fiir bir g\u00f6n\u00fcl kap\u0131s\u0131n\u0131 aralamak i\u00e7in yaz\u0131ld\u0131.<br \/>\nBelki de bu kitapta kendi g\u00f6nl\u00fcn\u00fczden bir ses bulacaks\u0131n\u0131z.<\/p>\n","protected":false},"excerpt":{"rendered":"<p>G\u00f6n\u00fclname, insan\u0131n kendi i\u00e7 yolculu\u011funu anlatan bir g\u00f6n\u00fcl defteridir. Bu sayfalarda bazen bir ask\u0131n izini, bazen bir ayr\u0131l\u0131\u011f\u0131n h\u00fczn\u00fcn\u00fc, bazen de hayat\u0131n sade hakikatlerimi bulacaks\u0131n\u0131z. Her \u015fiir bir g\u00f6n\u00fcl kap\u0131s\u0131n\u0131 aralamak i\u00e7in yaz\u0131ld\u0131. Belki de bu kitapta kendi g\u00f6nl\u00fcn\u00fczden bir ses bulacaks\u0131n\u0131z.<\/p>\n","protected":false},"featured_media":24287,"comment_status":"closed","ping_status":"closed","template":"","meta":[],"product_brand":[],"product_cat":[22],"product_tag":[],"class_list":{"0":"post-24286","1":"product","2":"type-product","3":"status-publish","4":"has-post-thumbnail","6":"product_cat-siir","8":"first","9":"instock","10":"sale","11":"shipping-taxable","12":"purchasable","13":"product-type-simple"},"_links":{"self":[{"href":"https:\/\/kutluyayinevi.com\/magaza\/wp-json\/wp\/v2\/product\/24286","targetHints":{"allow":["GET"]}}],"collection":[{"href":"https:\/\/kutluyayinevi.com\/magaza\/wp-json\/wp\/v2\/product"}],"about":[{"href":"https:\/\/kutluyayinevi.com\/magaza\/wp-json\/wp\/v2\/types\/product"}],"replies":[{"embeddable":true,"href":"https:\/\/kutluyayinevi.com\/magaza\/wp-json\/wp\/v2\/comments?post=24286"}],"wp:featuredmedia":[{"embeddable":true,"href":"https:\/\/kutluyayinevi.com\/magaza\/wp-json\/wp\/v2\/media\/24287"}],"wp:attachment":[{"href":"https:\/\/kutluyayinevi.com\/magaza\/wp-json\/wp\/v2\/media?parent=24286"}],"wp:term":[{"taxonomy":"product_brand","embeddable":true,"href":"https:\/\/kutluyayinevi.com\/magaza\/wp-json\/wp\/v2\/product_brand?post=24286"},{"taxonomy":"product_cat","embeddable":true,"href":"https:\/\/kutluyayinevi.com\/magaza\/wp-json\/wp\/v2\/product_cat?post=24286"},{"taxonomy":"product_tag","embeddable":true,"href":"https:\/\/kutluyayinevi.com\/magaza\/wp-json\/wp\/v2\/product_tag?post=24286"}],"curies":[{"name":"wp","href":"https:\/\/api.w.org\/{rel}","templated":true}]}}