{"id":24293,"date":"2026-04-28T17:04:30","date_gmt":"2026-04-28T14:04:30","guid":{"rendered":"https:\/\/kutluyayinevi.com\/magaza\/?post_type=product&#038;p=24293"},"modified":"2026-04-28T17:04:30","modified_gmt":"2026-04-28T14:04:30","slug":"emmare-salih-eren-kose","status":"publish","type":"product","link":"https:\/\/kutluyayinevi.com\/magaza\/urun\/emmare-salih-eren-kose\/","title":{"rendered":"Emm\u00e2re &#8211; Salih Eren K\u00f6se"},"content":{"rendered":"<p>Kald\u0131r\u0131n topra\u011f\u0131m\u0131, canl\u0131y\u0131m ben!<br \/>\nD\u00f6k\u00fclen yapraklar\u0131m ye\u015ferecek yeniden.<br \/>\nSusuz kalsam da k\u00f6klerimden,<br \/>\n\u201c\u00d6ld\u00fc\u201d deseler de inanmay\u0131n:<br \/>\nBeni onlar \u00f6ld\u00fcrd\u00fcler.<\/p>\n","protected":false},"excerpt":{"rendered":"<p>Kald\u0131r\u0131n topra\u011f\u0131m\u0131, canl\u0131y\u0131m ben! D\u00f6k\u00fclen yapraklar\u0131m ye\u015ferecek yeniden. Susuz kalsam da k\u00f6klerimden, \u201c\u00d6ld\u00fc\u201d deseler de inanmay\u0131n: Beni onlar \u00f6ld\u00fcrd\u00fcler.<\/p>\n","protected":false},"featured_media":24294,"comment_status":"closed","ping_status":"closed","template":"","meta":[],"product_brand":[],"product_cat":[22],"product_tag":[],"class_list":{"0":"post-24293","1":"product","2":"type-product","3":"status-publish","4":"has-post-thumbnail","6":"product_cat-siir","8":"first","9":"instock","10":"sale","11":"shipping-taxable","12":"purchasable","13":"product-type-simple"},"_links":{"self":[{"href":"https:\/\/kutluyayinevi.com\/magaza\/wp-json\/wp\/v2\/product\/24293","targetHints":{"allow":["GET"]}}],"collection":[{"href":"https:\/\/kutluyayinevi.com\/magaza\/wp-json\/wp\/v2\/product"}],"about":[{"href":"https:\/\/kutluyayinevi.com\/magaza\/wp-json\/wp\/v2\/types\/product"}],"replies":[{"embeddable":true,"href":"https:\/\/kutluyayinevi.com\/magaza\/wp-json\/wp\/v2\/comments?post=24293"}],"wp:featuredmedia":[{"embeddable":true,"href":"https:\/\/kutluyayinevi.com\/magaza\/wp-json\/wp\/v2\/media\/24294"}],"wp:attachment":[{"href":"https:\/\/kutluyayinevi.com\/magaza\/wp-json\/wp\/v2\/media?parent=24293"}],"wp:term":[{"taxonomy":"product_brand","embeddable":true,"href":"https:\/\/kutluyayinevi.com\/magaza\/wp-json\/wp\/v2\/product_brand?post=24293"},{"taxonomy":"product_cat","embeddable":true,"href":"https:\/\/kutluyayinevi.com\/magaza\/wp-json\/wp\/v2\/product_cat?post=24293"},{"taxonomy":"product_tag","embeddable":true,"href":"https:\/\/kutluyayinevi.com\/magaza\/wp-json\/wp\/v2\/product_tag?post=24293"}],"curies":[{"name":"wp","href":"https:\/\/api.w.org\/{rel}","templated":true}]}}