{"id":24297,"date":"2026-04-28T17:07:18","date_gmt":"2026-04-28T14:07:18","guid":{"rendered":"https:\/\/kutluyayinevi.com\/magaza\/?post_type=product&#038;p=24297"},"modified":"2026-04-28T17:07:18","modified_gmt":"2026-04-28T14:07:18","slug":"nasil-kitap-yazilir-18-maddede-neslihan-ceylan","status":"publish","type":"product","link":"https:\/\/kutluyayinevi.com\/magaza\/urun\/nasil-kitap-yazilir-18-maddede-neslihan-ceylan\/","title":{"rendered":"Nas\u0131l Kitap Yaz\u0131l\u0131r? \/ 18 Maddede &#8211; Neslihan Ceylan"},"content":{"rendered":"<p data-renderer-start-pos=\"1\">\u201cYaz\u0131yorum \u00e7\u00fcnk\u00fc i\u00e7imde s\u00f6yleyeceklerim var ve susarsam kaybolacaklar.\u201d<\/p>\n<p data-renderer-start-pos=\"74\">\u2014 Ernest Hemingway<\/p>\n<p data-renderer-start-pos=\"94\">\u0130nsan ge\u00e7er, eser kal\u0131r. Yazmak istiyor ancak nas\u0131l ilerleyece\u011fini bilmiyorsan arad\u0131\u011f\u0131n rehber, bu sayfalar\u0131n i\u00e7inde.<\/p>\n<p data-renderer-start-pos=\"213\">Kitap konumu nas\u0131l se\u00e7erim?<\/p>\n<p data-renderer-start-pos=\"242\">Kurguyu nas\u0131l ilerletirim?<\/p>\n<p data-renderer-start-pos=\"270\">Hangi hatalara d\u00fc\u015fmemeliyim?<\/p>\n<p data-renderer-start-pos=\"300\">Yazarken nas\u0131l t\u0131kanmam?<\/p>\n<p data-renderer-start-pos=\"326\">Kitab\u0131m\u0131 nas\u0131l yay\u0131mlat\u0131r\u0131m ve daha fazlas\u0131&#8230;<\/p>\n<p data-renderer-start-pos=\"374\">Yazarl\u0131k yolunda merak etti\u011fin her \u015fey bu kitapta!<\/p>\n","protected":false},"excerpt":{"rendered":"<p>\u201cYaz\u0131yorum \u00e7\u00fcnk\u00fc i\u00e7imde s\u00f6yleyeceklerim var ve susarsam kaybolacaklar.\u201d \u2014 Ernest Hemingway \u0130nsan ge\u00e7er, eser kal\u0131r. Yazmak istiyor ancak nas\u0131l ilerleyece\u011fini bilmiyorsan arad\u0131\u011f\u0131n rehber, bu sayfalar\u0131n i\u00e7inde. Kitap konumu nas\u0131l se\u00e7erim? Kurguyu nas\u0131l ilerletirim? Hangi hatalara d\u00fc\u015fmemeliyim? Yazarken nas\u0131l t\u0131kanmam? Kitab\u0131m\u0131 nas\u0131l yay\u0131mlat\u0131r\u0131m ve daha fazlas\u0131&#8230; Yazarl\u0131k yolunda merak etti\u011fin her \u015fey bu kitapta!<\/p>\n","protected":false},"featured_media":24298,"comment_status":"closed","ping_status":"closed","template":"","meta":[],"product_brand":[],"product_cat":[99],"product_tag":[],"class_list":{"0":"post-24297","1":"product","2":"type-product","3":"status-publish","4":"has-post-thumbnail","6":"product_cat-kilavuz","8":"first","9":"instock","10":"sale","11":"shipping-taxable","12":"purchasable","13":"product-type-simple"},"_links":{"self":[{"href":"https:\/\/kutluyayinevi.com\/magaza\/wp-json\/wp\/v2\/product\/24297","targetHints":{"allow":["GET"]}}],"collection":[{"href":"https:\/\/kutluyayinevi.com\/magaza\/wp-json\/wp\/v2\/product"}],"about":[{"href":"https:\/\/kutluyayinevi.com\/magaza\/wp-json\/wp\/v2\/types\/product"}],"replies":[{"embeddable":true,"href":"https:\/\/kutluyayinevi.com\/magaza\/wp-json\/wp\/v2\/comments?post=24297"}],"wp:featuredmedia":[{"embeddable":true,"href":"https:\/\/kutluyayinevi.com\/magaza\/wp-json\/wp\/v2\/media\/24298"}],"wp:attachment":[{"href":"https:\/\/kutluyayinevi.com\/magaza\/wp-json\/wp\/v2\/media?parent=24297"}],"wp:term":[{"taxonomy":"product_brand","embeddable":true,"href":"https:\/\/kutluyayinevi.com\/magaza\/wp-json\/wp\/v2\/product_brand?post=24297"},{"taxonomy":"product_cat","embeddable":true,"href":"https:\/\/kutluyayinevi.com\/magaza\/wp-json\/wp\/v2\/product_cat?post=24297"},{"taxonomy":"product_tag","embeddable":true,"href":"https:\/\/kutluyayinevi.com\/magaza\/wp-json\/wp\/v2\/product_tag?post=24297"}],"curies":[{"name":"wp","href":"https:\/\/api.w.org\/{rel}","templated":true}]}}