{"id":24300,"date":"2026-04-28T17:08:44","date_gmt":"2026-04-28T14:08:44","guid":{"rendered":"https:\/\/kutluyayinevi.com\/magaza\/?post_type=product&#038;p=24300"},"modified":"2026-04-28T17:08:44","modified_gmt":"2026-04-28T14:08:44","slug":"yedi-bal-bir-serbet-kubbe-yagmur-rabia-nar","status":"publish","type":"product","link":"https:\/\/kutluyayinevi.com\/magaza\/urun\/yedi-bal-bir-serbet-kubbe-yagmur-rabia-nar\/","title":{"rendered":"Yedi Bal Bir \u015eerbet &#038; Kubbe &#8211; Ya\u011fmur Rabia Nar"},"content":{"rendered":"<p data-renderer-start-pos=\"1\"><strong data-renderer-mark=\"true\">Yedi Bal Bir \u015eerbet:<\/strong><\/p>\n<p data-renderer-start-pos=\"43\">&#8220;Zeynep titreyen floresan lambalar alt\u0131nda beklerken altm\u0131\u015f y\u0131l \u00f6ncesine; bir halk\u0131n vicdan\u0131n\u0131n bir ka\u015f\u0131k bal ile s\u0131nand\u0131\u011f\u0131 g\u00fcnlere gider. \u0130nsan do\u011fas\u0131n\u0131n en karanl\u0131k ve en \u015fefkatli yanlar\u0131na dair bir \u00f6yk\u00fc.&#8221;<\/p>\n<p data-renderer-start-pos=\"1\"><strong data-renderer-mark=\"true\">Kubbe:<\/strong><\/p>\n<p data-renderer-start-pos=\"29\">&#8220;Unutmak o zamanlar ya\u015faman\u0131n tek yoluydu ama ya d\u00fcnya yeniden nefes almaya ba\u015flarsa ve hat\u0131rlanacak hi\u00e7bir \u015fey kalmazsa.&#8221;<\/p>\n","protected":false},"excerpt":{"rendered":"<p>Yedi Bal Bir \u015eerbet: &#8220;Zeynep titreyen floresan lambalar alt\u0131nda beklerken altm\u0131\u015f y\u0131l \u00f6ncesine; bir halk\u0131n vicdan\u0131n\u0131n bir ka\u015f\u0131k bal ile s\u0131nand\u0131\u011f\u0131 g\u00fcnlere gider. \u0130nsan do\u011fas\u0131n\u0131n en karanl\u0131k ve en \u015fefkatli yanlar\u0131na dair bir \u00f6yk\u00fc.&#8221; Kubbe: &#8220;Unutmak o zamanlar ya\u015faman\u0131n tek yoluydu ama ya d\u00fcnya yeniden nefes almaya ba\u015flarsa ve hat\u0131rlanacak hi\u00e7bir \u015fey kalmazsa.&#8221;<\/p>\n","protected":false},"featured_media":24301,"comment_status":"closed","ping_status":"closed","template":"","meta":[],"product_brand":[],"product_cat":[107],"product_tag":[],"class_list":{"0":"post-24300","1":"product","2":"type-product","3":"status-publish","4":"has-post-thumbnail","6":"product_cat-oyku","8":"first","9":"instock","10":"sale","11":"shipping-taxable","12":"purchasable","13":"product-type-simple"},"_links":{"self":[{"href":"https:\/\/kutluyayinevi.com\/magaza\/wp-json\/wp\/v2\/product\/24300","targetHints":{"allow":["GET"]}}],"collection":[{"href":"https:\/\/kutluyayinevi.com\/magaza\/wp-json\/wp\/v2\/product"}],"about":[{"href":"https:\/\/kutluyayinevi.com\/magaza\/wp-json\/wp\/v2\/types\/product"}],"replies":[{"embeddable":true,"href":"https:\/\/kutluyayinevi.com\/magaza\/wp-json\/wp\/v2\/comments?post=24300"}],"wp:featuredmedia":[{"embeddable":true,"href":"https:\/\/kutluyayinevi.com\/magaza\/wp-json\/wp\/v2\/media\/24301"}],"wp:attachment":[{"href":"https:\/\/kutluyayinevi.com\/magaza\/wp-json\/wp\/v2\/media?parent=24300"}],"wp:term":[{"taxonomy":"product_brand","embeddable":true,"href":"https:\/\/kutluyayinevi.com\/magaza\/wp-json\/wp\/v2\/product_brand?post=24300"},{"taxonomy":"product_cat","embeddable":true,"href":"https:\/\/kutluyayinevi.com\/magaza\/wp-json\/wp\/v2\/product_cat?post=24300"},{"taxonomy":"product_tag","embeddable":true,"href":"https:\/\/kutluyayinevi.com\/magaza\/wp-json\/wp\/v2\/product_tag?post=24300"}],"curies":[{"name":"wp","href":"https:\/\/api.w.org\/{rel}","templated":true}]}}