{"id":536,"date":"2018-05-23T20:23:29","date_gmt":"2018-05-23T17:23:29","guid":{"rendered":"https:\/\/kutluyayinevi.com\/magaza\/?post_type=product&#038;p=536"},"modified":"2026-02-20T17:16:47","modified_gmt":"2026-02-20T14:16:47","slug":"saglikta-dijital-donusum-yapay-zeka-ai-ve-nesnelerin-interneti-iot-julide-guzin-karagoz","status":"publish","type":"product","link":"https:\/\/kutluyayinevi.com\/magaza\/urun\/saglikta-dijital-donusum-yapay-zeka-ai-ve-nesnelerin-interneti-iot-julide-guzin-karagoz\/","title":{"rendered":"Sa\u011fl\u0131kta Dijital D\u00f6n\u00fc\u015f\u00fcm, Yapay Zeka (AI) ve Nesnelerin \u0130nterneti (IoT) &#8211; J\u00fclide G\u00fczin Karag\u00f6z"},"content":{"rendered":"<table class=\"attribute\">\n<tbody>\n<tr>\n<td>Yay\u0131n Tarihi<\/td>\n<td>2018-05-09<\/td>\n<\/tr>\n<tr>\n<td>ISBN<\/td>\n<td>6056837647<\/td>\n<\/tr>\n<tr>\n<td>Bask\u0131 Say\u0131s\u0131<\/td>\n<td>1. Bask\u0131<\/td>\n<\/tr>\n<tr>\n<td>Dil<\/td>\n<td>T\u00dcRK\u00c7E<\/td>\n<\/tr>\n<tr>\n<td>Sayfa Say\u0131s\u0131<\/td>\n<td>92<\/td>\n<\/tr>\n<tr>\n<td>Cilt Tipi<\/td>\n<td>Karton Kapak<\/td>\n<\/tr>\n<tr>\n<td>Ka\u011f\u0131t Cinsi<\/td>\n<td>Kitap Ka\u011f\u0131d\u0131<\/td>\n<\/tr>\n<tr>\n<td>Boyut<\/td>\n<td>13.5 x 19.5 cm<\/td>\n<\/tr>\n<\/tbody>\n<\/table>\n","protected":false},"excerpt":{"rendered":"<p>Sa\u011fl\u0131k hizmetlerinde daha verimli \u00e7al\u0131\u015fabilmenin yolu ku\u015fkusuz dijital d\u00f6n\u00fc\u015f\u00fcmden ge\u00e7iyor. Yapay zeka (AI) ve medikal nesnelerin interneti (IoMT) gibi yeni nesil teknolojiler sa\u011fl\u0131k alan\u0131nda devrim yarat\u0131yor.<br \/>\n&#8211; Medikal nesnelerin interneti (IoMT) ve yapay zeka (AI) sa\u011fl\u0131k teknolojilerini nas\u0131l d\u00f6n\u00fc\u015ft\u00fcr\u00fcyor?<br \/>\n&#8211; Ak\u0131ll\u0131 hastaneler nas\u0131l olacak? Faydalar\u0131 ve \u00f6zellikleri nelerdir?<br \/>\n&#8211; Robotlar\u0131n sa\u011fl\u0131k sekt\u00f6r\u00fcndeki yeri nedir?<br \/>\n&#8211; Robotlar sa\u011fl\u0131k personelinin yerini alabilecek mi?<br \/>\nSa\u011fl\u0131k alan\u0131nda \u00e7\u0131\u011f\u0131r a\u00e7acak teknolojiler, faydalar\u0131 ve nas\u0131l haz\u0131rl\u0131kl\u0131 olabilece\u011fimiz kitapta kapsaml\u0131 olarak anlat\u0131lm\u0131\u015ft\u0131r.<\/p>\n","protected":false},"featured_media":537,"comment_status":"open","ping_status":"closed","template":"","meta":[],"product_brand":[],"product_cat":[28],"product_tag":[],"class_list":{"0":"post-536","1":"product","2":"type-product","3":"status-publish","4":"has-post-thumbnail","6":"product_cat-aratirma-inceleme","8":"first","9":"instock","10":"sale","11":"shipping-taxable","12":"purchasable","13":"product-type-simple"},"_links":{"self":[{"href":"https:\/\/kutluyayinevi.com\/magaza\/wp-json\/wp\/v2\/product\/536","targetHints":{"allow":["GET"]}}],"collection":[{"href":"https:\/\/kutluyayinevi.com\/magaza\/wp-json\/wp\/v2\/product"}],"about":[{"href":"https:\/\/kutluyayinevi.com\/magaza\/wp-json\/wp\/v2\/types\/product"}],"replies":[{"embeddable":true,"href":"https:\/\/kutluyayinevi.com\/magaza\/wp-json\/wp\/v2\/comments?post=536"}],"wp:featuredmedia":[{"embeddable":true,"href":"https:\/\/kutluyayinevi.com\/magaza\/wp-json\/wp\/v2\/media\/537"}],"wp:attachment":[{"href":"https:\/\/kutluyayinevi.com\/magaza\/wp-json\/wp\/v2\/media?parent=536"}],"wp:term":[{"taxonomy":"product_brand","embeddable":true,"href":"https:\/\/kutluyayinevi.com\/magaza\/wp-json\/wp\/v2\/product_brand?post=536"},{"taxonomy":"product_cat","embeddable":true,"href":"https:\/\/kutluyayinevi.com\/magaza\/wp-json\/wp\/v2\/product_cat?post=536"},{"taxonomy":"product_tag","embeddable":true,"href":"https:\/\/kutluyayinevi.com\/magaza\/wp-json\/wp\/v2\/product_tag?post=536"}],"curies":[{"name":"wp","href":"https:\/\/api.w.org\/{rel}","templated":true}]}}