{"id":92,"date":"2018-12-05T09:53:16","date_gmt":"2018-12-05T06:53:16","guid":{"rendered":"http:\/\/kutluyayinevi.com\/magaza\/?post_type=product&#038;p=92"},"modified":"2022-05-05T10:36:38","modified_gmt":"2022-05-05T07:36:38","slug":"yasayan-tengricilik-r-umut-sazcalar","status":"publish","type":"product","link":"https:\/\/kutluyayinevi.com\/magaza\/urun\/yasayan-tengricilik-r-umut-sazcalar\/","title":{"rendered":"Ya\u015fayan Tengricilik &#8211; R. Umut Saz\u00e7alar"},"content":{"rendered":"<table class=\"attribute\">\n<tbody>\n<tr>\n<td>Yay\u0131n Tarihi<\/td>\n<td>2018-12-15<\/td>\n<\/tr>\n<tr>\n<td>ISBN<\/td>\n<td>9786059672115<\/td>\n<\/tr>\n<tr>\n<td>Bask\u0131 Say\u0131s\u0131<\/td>\n<td>2. Bask\u0131<\/td>\n<\/tr>\n<tr>\n<td>Dil<\/td>\n<td>T\u00dcRK\u00c7E<\/td>\n<\/tr>\n<tr>\n<td>Sayfa Say\u0131s\u0131<\/td>\n<td>92<\/td>\n<\/tr>\n<tr>\n<td>Cilt Tipi<\/td>\n<td>Karton Kapak<\/td>\n<\/tr>\n<tr>\n<td>Ka\u011f\u0131t Cinsi<\/td>\n<td>Kitap Ka\u011f\u0131d\u0131<\/td>\n<\/tr>\n<tr>\n<td>Boyut<\/td>\n<td>13.5 x 19.5 cm<\/td>\n<\/tr>\n<\/tbody>\n<\/table>\n","protected":false},"excerpt":{"rendered":"<p>Tengricilik, T\u00fcrk ulusunun binlerce y\u0131ll\u0131k k\u00fclt\u00fcrel haf\u0131zas\u0131nda halen ya\u015fayan ve T\u00fcrkl\u00fck var oldu\u011fu m\u00fcddet\u00e7e de ya\u015fayacak olan milli inanc\u0131m\u0131zd\u0131r. Bizi biz yapan, g\u00fcndelik al\u0131\u015fkanl\u0131klar\u0131m\u0131za kadar bizi etkileyen bu ilk inanc\u0131m\u0131z\u0131, g\u00fcn\u00fcm\u00fcz d\u00fcnyas\u0131na uyarlayarak yeniden hat\u0131rlamak gayretindeyim.<\/p>\n<p>Par\u00e7alar\u0131 d\u00fcnyan\u0131n d\u00f6rt bir yan\u0131na da\u011f\u0131lm\u0131\u015f olan; insan-Tanr\u0131-do\u011fa birlikteli\u011fini merkeze alan ilk inan\u00e7 sistemimizi ana hatlar\u0131yla ortaya koymak ve kutsal do\u011fan\u0131n bir par\u00e7as\u0131 oldu\u011fumuzu ulusumuza yeniden anlatmak gayretindeyim.<br \/>\n\u0130\u015fte bu eser, kendi k\u00f6klerimden de gelen ilham ile Tengri inanc\u0131n\u0131 ulusuma tan\u0131tmak i\u00e7in kaleme ald\u0131\u011f\u0131m bir kitapt\u0131r.<\/p>\n","protected":false},"featured_media":1266,"comment_status":"open","ping_status":"closed","template":"","meta":[],"product_brand":[],"product_cat":[28],"product_tag":[],"class_list":{"0":"post-92","1":"product","2":"type-product","3":"status-publish","4":"has-post-thumbnail","6":"product_cat-aratirma-inceleme","8":"first","9":"outofstock","10":"sale","11":"shipping-taxable","12":"purchasable","13":"product-type-simple"},"_links":{"self":[{"href":"https:\/\/kutluyayinevi.com\/magaza\/wp-json\/wp\/v2\/product\/92","targetHints":{"allow":["GET"]}}],"collection":[{"href":"https:\/\/kutluyayinevi.com\/magaza\/wp-json\/wp\/v2\/product"}],"about":[{"href":"https:\/\/kutluyayinevi.com\/magaza\/wp-json\/wp\/v2\/types\/product"}],"replies":[{"embeddable":true,"href":"https:\/\/kutluyayinevi.com\/magaza\/wp-json\/wp\/v2\/comments?post=92"}],"wp:featuredmedia":[{"embeddable":true,"href":"https:\/\/kutluyayinevi.com\/magaza\/wp-json\/wp\/v2\/media\/1266"}],"wp:attachment":[{"href":"https:\/\/kutluyayinevi.com\/magaza\/wp-json\/wp\/v2\/media?parent=92"}],"wp:term":[{"taxonomy":"product_brand","embeddable":true,"href":"https:\/\/kutluyayinevi.com\/magaza\/wp-json\/wp\/v2\/product_brand?post=92"},{"taxonomy":"product_cat","embeddable":true,"href":"https:\/\/kutluyayinevi.com\/magaza\/wp-json\/wp\/v2\/product_cat?post=92"},{"taxonomy":"product_tag","embeddable":true,"href":"https:\/\/kutluyayinevi.com\/magaza\/wp-json\/wp\/v2\/product_tag?post=92"}],"curies":[{"name":"wp","href":"https:\/\/api.w.org\/{rel}","templated":true}]}}